{"id":5671,"date":"2023-12-02T06:08:33","date_gmt":"2023-12-02T06:08:33","guid":{"rendered":"https:\/\/tecnomerch.com\/?post_type=product&#038;p=5671"},"modified":"2023-12-02T06:08:33","modified_gmt":"2023-12-02T06:08:33","slug":"audifonos-bluetooth-klip-xtreme-touchbuds-in-ear-con-microfono-azul","status":"publish","type":"product","link":"https:\/\/tecnomerch.com\/index.php\/product\/audifonos-bluetooth-klip-xtreme-touchbuds-in-ear-con-microfono-azul\/","title":{"rendered":"Aud\u00edfonos Bluetooth Klip Xtreme Touchbuds In-ear con Micr\u00f3fono Azul"},"content":{"rendered":"<h2>Excelente sonido con solo un toque<\/h2>\n<h3>Los aud\u00edfonos TWS Touchbuds son de tama\u00f1o completo \u2013 c\u00f3modos y suficientemente livianos para una experiencia de audio libre. Su dise\u00f1o ergon\u00f3mico propicia que se mantengan en su lugar proporcionando ajuste completo y produce audio n\u00edtido con calidad de sonido inmersiva. La tecnolog\u00eda Smart Touch permite un control conveniente con configuraci\u00f3n de audio de un solo toque desde los aud\u00edfonos o controla el sonido con manos libres usando el asistente de voz Google o Siri. El micr\u00f3fono HD integrado transmite audio claro. El estuche cuenta con un indicador de vida de la bater\u00eda para que sepas exactamente cu\u00e1nta carga tienes. El chip <i>Bluetooth\u00ae<\/i> de los Touchbuds proporciona una conexi\u00f3n estable sin p\u00e9rdida de la se\u00f1al, ni interrupciones de la m\u00fasica. El autoemparejamiento hace que los aud\u00edfonos se conecten autom\u00e1ticamente al dispositivo cuando se remueven del estuche de carga. Cuenta con protecci\u00f3n IPX3 resistente al agua y al sudor lo cual los hace adecuados para ejercicio intenso. Vive una experiencia de audio completamente diferente con una variedad de colores que complementan tu estilo de vida.<\/h3>\n<ul>\n<li aria-level=\"1\">\n<h3>Aud\u00edfonos con verdadera conexi\u00f3n inal\u00e1mbrica (TWS) y tecnolog\u00eda smart touch para gestionar m\u00fasica, llamadas y activar el asistente de voz con un toque<\/h3>\n<\/li>\n<li aria-level=\"1\">\n<h3>Dise\u00f1o de bot\u00f3n t\u00e1ctil para usar los aud\u00edfonos con tan solo un toque<\/h3>\n<\/li>\n<li aria-level=\"1\">\n<h3>Compatible con los asistentes de voz Google y Siri para un verdadero control de manos libres<\/h3>\n<\/li>\n<li aria-level=\"1\">\n<h3>Clasificaci\u00f3n IPX3 resistente al agua y al sudor\u200b<\/h3>\n<\/li>\n<li aria-level=\"1\">\n<h3>12 horas de tiempo total de reproducci\u00f3n y alrededor de 80 horas en modo de pausa3<\/h3>\n<\/li>\n<li aria-level=\"1\">\n<h3>El estuche de carga incluye una pantalla LED que muestra el porcentaje de bater\u00eda<\/h3>\n<\/li>\n<li aria-level=\"1\">\n<h3>Micr\u00f3fono HD integrado para contestar llamadas con calidad clara de sonido<\/h3>\n<\/li>\n<li aria-level=\"1\">\n<h3>Conveniente estuche de carga delgado y compacto para llevarlos y cargarlos en cualquier parte<\/h3>\n<\/li>\n<\/ul>\n<h2>Especificaciones<\/h2>\n<p>Dispositivo<\/p>\n<ul>\n<li aria-level=\"1\">Tipo: Aud\u00edfonos TWS<\/li>\n<li aria-level=\"1\">Factor de forma: Intraaural<\/li>\n<li aria-level=\"1\">Chipset: AB5376<\/li>\n<\/ul>\n<p>Caracter\u00edsticas especiales<\/p>\n<ul>\n<li aria-level=\"1\">Clasificaci\u00f3n IP: IPX3 resistente al agua<\/li>\n<li aria-level=\"1\">Bot\u00f3n t\u00e1ctil: S\u00ed, toque inteligente<\/li>\n<li aria-level=\"1\">Asistente de voz: Compatible con los asistentes de voz Google y Siri<\/li>\n<li aria-level=\"1\">Indicador LED de bater\u00eda del estuche de carga: S\u00ed<\/li>\n<li aria-level=\"1\">Micr\u00f3fono integrado: S\u00ed<\/li>\n<\/ul>\n<p>Parlante<\/p>\n<ul>\n<li aria-level=\"1\">M\u00e1xima potencia de salida: 6mW x2<\/li>\n<li aria-level=\"1\">Frecuencia: 20Hz-20kHz<\/li>\n<li aria-level=\"1\">Impedancia: 32\u03a9\u00b115%<\/li>\n<li aria-level=\"1\">Sensibilidad: 115\u00b13dB<\/li>\n<\/ul>\n<p>Micr\u00f3fono<\/p>\n<p>&nbsp;<\/p>\n<ul>\n<li aria-level=\"1\">Factor de forma\u200b: Integrado. Micr\u00f3fono HD de silicona<\/li>\n<li aria-level=\"1\">Directividad: Omnidireccional<\/li>\n<li aria-level=\"1\">Frecuencia: 50Hz-17kHz<\/li>\n<li aria-level=\"1\">Impedancia: 400\u03a9<\/li>\n<li aria-level=\"1\">Sensibilidad: -42db<\/li>\n<li aria-level=\"1\">Control de volumen: S\u00ed<\/li>\n<\/ul>\n<p>Conectividad<\/p>\n<ul>\n<li aria-level=\"1\">Tipo de conexi\u00f3n: <i>Bluetooth\u00ae<\/i> v5.0<\/li>\n<li aria-level=\"1\">Perfiles soportados: A2DP\/AVRCP\/HFP\/HSP<\/li>\n<li aria-level=\"1\">Frecuencia de RF inal\u00e1mbrica: 2.402-2.480GHz<\/li>\n<li aria-level=\"1\">Alcance inal\u00e1mbrico: Hasta 10m1<\/li>\n<\/ul>\n<p>Bater\u00eda<\/p>\n<ul>\n<li aria-level=\"1\">Bater\u00eda del aud\u00edfono: Pol\u00edmero de 3,7VDC, 28mAh<\/li>\n<li aria-level=\"1\">Bater\u00eda del estuche de carga: Pol\u00edmero de 3,7VDC, 220mAh<\/li>\n<li aria-level=\"1\">Tipo de conexi\u00f3n de carga: Tipo C<\/li>\n<li aria-level=\"1\">Tiempo total de carga del estuche y de los aud\u00edfonos: 1,5 hora<\/li>\n<li aria-level=\"1\">Tiempo de carga de la bater\u00eda (solo los aud\u00edfonos): 1 hora<\/li>\n<li aria-level=\"1\">Tiempo de carga de la bater\u00eda (solo el estuche de carga): 1 hora<\/li>\n<li aria-level=\"1\">Ciclos del estuche de carga antes de que se agote la bater\u00eda: 3 ciclos<\/li>\n<li aria-level=\"1\">Tiempo de reproducci\u00f3n de la bater\u00eda (solo los aud\u00edfonos): Hasta 4 horas (50% del volumen)2<\/li>\n<li aria-level=\"1\">Tiempo total de reproducci\u00f3n de los aud\u00edfonos (incluyendo los ciclos): Hasta 12 horas3<\/li>\n<li aria-level=\"1\">Tiempo en modo de espera\u200b: Alrededor de 80 hora<\/li>\n<\/ul>\n","protected":false},"excerpt":{"rendered":"<p>&#8211; TWS con sonido Est\u00e9reo<br \/>\n&#8211; Conexi\u00f3n Bluetooth\u00ae v5.0<br \/>\n&#8211; Alcance inal\u00e1mbrico de hasta 10m<br \/>\n&#8211; IPX3 resistentes al agua<br \/>\n&#8211; Micr\u00f3fono Omnidireccional incorporado<br \/>\n&#8211; Compatible con Google Assistant y Siri<br \/>\n&#8211; Bot\u00f3n t\u00e1ctil<br \/>\n&#8211; Bater\u00eda aud\u00edfonos 28mAh<br \/>\n&#8211; Bater\u00eda de estuche de 220mAh<br \/>\n&#8211; Reproducci\u00f3n de hasta 4 horas (solo aud\u00edfonos)<br \/>\n&#8211; Reproducci\u00f3n de hasta 12 horas con estuche<br \/>\n&#8211; Conexi\u00f3n de carga Tipo C<\/p>\n","protected":false},"featured_media":5672,"comment_status":"open","ping_status":"closed","template":"","meta":{"om_disable_all_campaigns":false,"_mi_skip_tracking":false,"site-sidebar-layout":"default","site-content-layout":"default","ast-global-header-display":"","ast-main-header-display":"","ast-hfb-above-header-display":"","ast-hfb-below-header-display":"","ast-hfb-mobile-header-display":"","site-post-title":"","ast-breadcrumbs-content":"","ast-featured-img":"","footer-sml-layout":"","theme-transparent-header-meta":"default","adv-header-id-meta":"","stick-header-meta":"","header-above-stick-meta":"","header-main-stick-meta":"","header-below-stick-meta":""},"product_cat":[69],"product_tag":[],"class_list":["post-5671","product","type-product","status-publish","has-post-thumbnail","hentry","product_cat-audifonos-headsets","desktop-align-left","tablet-align-left","mobile-align-left"],"aioseo_notices":[],"_links":{"self":[{"href":"https:\/\/tecnomerch.com\/index.php\/wp-json\/wp\/v2\/product\/5671","targetHints":{"allow":["GET"]}}],"collection":[{"href":"https:\/\/tecnomerch.com\/index.php\/wp-json\/wp\/v2\/product"}],"about":[{"href":"https:\/\/tecnomerch.com\/index.php\/wp-json\/wp\/v2\/types\/product"}],"replies":[{"embeddable":true,"href":"https:\/\/tecnomerch.com\/index.php\/wp-json\/wp\/v2\/comments?post=5671"}],"version-history":[{"count":1,"href":"https:\/\/tecnomerch.com\/index.php\/wp-json\/wp\/v2\/product\/5671\/revisions"}],"predecessor-version":[{"id":5673,"href":"https:\/\/tecnomerch.com\/index.php\/wp-json\/wp\/v2\/product\/5671\/revisions\/5673"}],"wp:featuredmedia":[{"embeddable":true,"href":"https:\/\/tecnomerch.com\/index.php\/wp-json\/wp\/v2\/media\/5672"}],"wp:attachment":[{"href":"https:\/\/tecnomerch.com\/index.php\/wp-json\/wp\/v2\/media?parent=5671"}],"wp:term":[{"taxonomy":"product_cat","embeddable":true,"href":"https:\/\/tecnomerch.com\/index.php\/wp-json\/wp\/v2\/product_cat?post=5671"},{"taxonomy":"product_tag","embeddable":true,"href":"https:\/\/tecnomerch.com\/index.php\/wp-json\/wp\/v2\/product_tag?post=5671"}],"curies":[{"name":"wp","href":"https:\/\/api.w.org\/{rel}","templated":true}]}}