{"id":5660,"date":"2023-12-02T06:04:50","date_gmt":"2023-12-02T06:04:50","guid":{"rendered":"https:\/\/tecnomerch.com\/?post_type=product&#038;p=5660"},"modified":"2023-12-02T06:04:50","modified_gmt":"2023-12-02T06:04:50","slug":"audifonos-argom-bluetooth-in-ear-ultimate-sound-flex-con-microfono-gris","status":"publish","type":"product","link":"https:\/\/tecnomerch.com\/index.php\/product\/audifonos-argom-bluetooth-in-ear-ultimate-sound-flex-con-microfono-gris\/","title":{"rendered":"Aud\u00edfonos Argom Bluetooth In-ear Ultimate Sound Flex con Micr\u00f3fono Gris"},"content":{"rendered":"<section class=\"s_text_image\">\n<div class=\"container\">\n<div class=\"row align-items-center\">\n<div class=\"col-lg-6 pt16 pb16\">\n<p class=\"mb16\"><span>Nada no puede detenerte con estos auriculares resistentes al sudor que son el compa\u00f1ero perfecto para tu vida activa.\u00a0Con almohadillas de silicona suave y ganchos en la oreja que le proporcionar\u00e1n un ajuste ergon\u00f3mico y seguro.\u00a0Salta, corre o simplemente rel\u00e1jate mientras escuchas tu m\u00fasica favorita de forma inal\u00e1mbrica.<\/span><\/p>\n<\/div>\n<\/div>\n<\/div>\n<\/section>\n<section class=\"s_text_image\">\n<div class=\"container\">\n<div class=\"row align-items-center\">\n<div class=\"col-lg-6 pt16 pb16\">\n<p class=\"mb16\"><span>Con Bluetooth Versi\u00f3n: 4.1,\u00a0<\/span><span>controles y micr\u00f3fono.<\/span><br \/>\n<span>Compatibles con A2DP y con un\u00a0<\/span><span>alcance inal\u00e1mbrico de hasta 33 pies.<\/span><br \/>\n<span>Tiempo de reproducci\u00f3n: hasta 8 horas con una b<\/span><span>ater\u00eda recargable de iones de litio.<\/span><br \/>\n<span>Conexiones perfectamente con todos los tel\u00e9fonos inteligentes, tabletas y reproductores MP3 habilitados para BT Wireless<\/span><br \/>\n<span>Ergon\u00f3mico, resistente al sudor, con puntas de silicona suave ajustadas a la forma<\/span><\/p>\n<\/div>\n<\/div>\n<\/div>\n<\/section>\n","protected":false},"excerpt":{"rendered":"<div class=\"o_not_editable\">\n<p class=\"te_prod_desc\">&#8211; Compatible con Android y iOS<br \/>\n&#8211; Compatible con MP3<br \/>\n&#8211; Bluetooth 4.1<br \/>\n&#8211; Alcance hasta 10 metros<br \/>\n&#8211; Hasta 8 horas de tiempo de reproducci\u00f3n<br \/>\n&#8211; Controles integrados y micr\u00f3fono<br \/>\n&#8211; Compatible con A2DP<br \/>\n&#8211; Bater\u00eda recargable de iones de litio<br \/>\n&#8211; Resistente al sudor<br \/>\n&#8211; Con puntas de silicona suave ajustadas a la forma\u200e<\/p>\n<\/div>\n<div class=\"timer_data\">\n<div class=\"timer_input\"><\/div>\n<\/div>\n<div class=\"te_display_end_date\"><\/div>\n<form action=\"https:\/\/www.mytec.com.gt\/shop\/cart\/update\" method=\"POST\">&nbsp;<\/p>\n<\/form>\n","protected":false},"featured_media":5661,"comment_status":"open","ping_status":"closed","template":"","meta":{"om_disable_all_campaigns":false,"_mi_skip_tracking":false,"site-sidebar-layout":"default","site-content-layout":"default","ast-global-header-display":"","ast-main-header-display":"","ast-hfb-above-header-display":"","ast-hfb-below-header-display":"","ast-hfb-mobile-header-display":"","site-post-title":"","ast-breadcrumbs-content":"","ast-featured-img":"","footer-sml-layout":"","theme-transparent-header-meta":"default","adv-header-id-meta":"","stick-header-meta":"","header-above-stick-meta":"","header-main-stick-meta":"","header-below-stick-meta":""},"product_cat":[69],"product_tag":[],"class_list":["post-5660","product","type-product","status-publish","has-post-thumbnail","hentry","product_cat-audifonos-headsets","desktop-align-left","tablet-align-left","mobile-align-left"],"aioseo_notices":[],"_links":{"self":[{"href":"https:\/\/tecnomerch.com\/index.php\/wp-json\/wp\/v2\/product\/5660","targetHints":{"allow":["GET"]}}],"collection":[{"href":"https:\/\/tecnomerch.com\/index.php\/wp-json\/wp\/v2\/product"}],"about":[{"href":"https:\/\/tecnomerch.com\/index.php\/wp-json\/wp\/v2\/types\/product"}],"replies":[{"embeddable":true,"href":"https:\/\/tecnomerch.com\/index.php\/wp-json\/wp\/v2\/comments?post=5660"}],"version-history":[{"count":2,"href":"https:\/\/tecnomerch.com\/index.php\/wp-json\/wp\/v2\/product\/5660\/revisions"}],"predecessor-version":[{"id":5663,"href":"https:\/\/tecnomerch.com\/index.php\/wp-json\/wp\/v2\/product\/5660\/revisions\/5663"}],"wp:featuredmedia":[{"embeddable":true,"href":"https:\/\/tecnomerch.com\/index.php\/wp-json\/wp\/v2\/media\/5661"}],"wp:attachment":[{"href":"https:\/\/tecnomerch.com\/index.php\/wp-json\/wp\/v2\/media?parent=5660"}],"wp:term":[{"taxonomy":"product_cat","embeddable":true,"href":"https:\/\/tecnomerch.com\/index.php\/wp-json\/wp\/v2\/product_cat?post=5660"},{"taxonomy":"product_tag","embeddable":true,"href":"https:\/\/tecnomerch.com\/index.php\/wp-json\/wp\/v2\/product_tag?post=5660"}],"curies":[{"name":"wp","href":"https:\/\/api.w.org\/{rel}","templated":true}]}}