{"id":5652,"date":"2023-12-02T06:00:29","date_gmt":"2023-12-02T06:00:29","guid":{"rendered":"https:\/\/tecnomerch.com\/?post_type=product&#038;p=5652"},"modified":"2023-12-02T06:00:29","modified_gmt":"2023-12-02T06:00:29","slug":"audifonos-jbl-3-5mm-in-ear-endurance-run-con-microfono-azules","status":"publish","type":"product","link":"https:\/\/tecnomerch.com\/index.php\/product\/audifonos-jbl-3-5mm-in-ear-endurance-run-con-microfono-azules\/","title":{"rendered":"Aud\u00edfonos JBL 3.5mm In-ear Endurance Run con Micr\u00f3fono Azules"},"content":{"rendered":"<h3>Fliphook\u2122<\/h3>\n<p>Su dise\u00f1o flexible te permite llevar los auriculares tanto dentro del o\u00eddo como detr\u00e1s de la oreja.<\/p>\n<h3>Sujeci\u00f3n c\u00f3moda. Sujeci\u00f3n segura.<\/h3>\n<p>Gracias a las tecnolog\u00edas TwistLock\u2122 y FlexSoft\u2122, los auriculares son ligeros y cuentan con un dise\u00f1o ergon\u00f3mico para garantizar la comodidad y estabilidad sin importar el tipo de entrenamiento.<\/p>\n<h3>Resistentes al sudor<\/h3>\n<p>Dise\u00f1ados para resistir y aguantar durante entrenamientos de alta intensidad tanto a cubierto como al aire libre y en cualquier condici\u00f3n meteorol\u00f3gica.<\/p>\n<h3><\/h3>\n<h3>Llamadas manos libres<\/h3>\n<p>El mando de un solo bot\u00f3n con micr\u00f3fono integrado hace posible realizar llamadas de manos libres, permiti\u00e9ndote as\u00ed centrarte en tu entretenimiento. Una pulsaci\u00f3n larga del bot\u00f3n activa Google Now o Siri.<\/p>\n<h3><\/h3>\n<h3>Auriculares magn\u00e9ticos<\/h3>\n<p>Auriculares magn\u00e9ticos que permiten una manipulaci\u00f3n de los cables sencilla cuando no se est\u00e1n utilizando.<\/p>\n","protected":false},"excerpt":{"rendered":"<p>&#8211; Aud\u00edfonos in-ear<br \/>\n&#8211; Sujeci\u00f3n c\u00f3moda y segura<br \/>\n&#8211; Llamadas a manos libres<br \/>\n&#8211; Resistente al sudor<br \/>\n&#8211; Llamadas a manos libres<br \/>\n&#8211; Magn\u00e9ticos<br \/>\n&#8211; Incluye 3 tama\u00f1os de almohadillas<br \/>\n&#8211; Tienen un aler\u00f3n<br \/>\n&#8211; Controles integrados en cable<br \/>\n&#8211; Con micr\u00f3fono<br \/>\n&#8211; Amplificadores din\u00e1micos de 8.2m<br \/>\n&#8211; Respuesta de frecuencia 20 Hz\u201320 kHz<br \/>\n&#8211; Toma de auriculares tipo 3.5 mm<br \/>\n&#8211; Color azul<\/p>\n","protected":false},"featured_media":5653,"comment_status":"open","ping_status":"closed","template":"","meta":{"om_disable_all_campaigns":false,"_mi_skip_tracking":false,"site-sidebar-layout":"default","site-content-layout":"default","ast-global-header-display":"","ast-main-header-display":"","ast-hfb-above-header-display":"","ast-hfb-below-header-display":"","ast-hfb-mobile-header-display":"","site-post-title":"","ast-breadcrumbs-content":"","ast-featured-img":"","footer-sml-layout":"","theme-transparent-header-meta":"default","adv-header-id-meta":"","stick-header-meta":"","header-above-stick-meta":"","header-main-stick-meta":"","header-below-stick-meta":""},"product_cat":[69],"product_tag":[],"class_list":["post-5652","product","type-product","status-publish","has-post-thumbnail","hentry","product_cat-audifonos-headsets","desktop-align-left","tablet-align-left","mobile-align-left"],"aioseo_notices":[],"_links":{"self":[{"href":"https:\/\/tecnomerch.com\/index.php\/wp-json\/wp\/v2\/product\/5652","targetHints":{"allow":["GET"]}}],"collection":[{"href":"https:\/\/tecnomerch.com\/index.php\/wp-json\/wp\/v2\/product"}],"about":[{"href":"https:\/\/tecnomerch.com\/index.php\/wp-json\/wp\/v2\/types\/product"}],"replies":[{"embeddable":true,"href":"https:\/\/tecnomerch.com\/index.php\/wp-json\/wp\/v2\/comments?post=5652"}],"version-history":[{"count":2,"href":"https:\/\/tecnomerch.com\/index.php\/wp-json\/wp\/v2\/product\/5652\/revisions"}],"predecessor-version":[{"id":5655,"href":"https:\/\/tecnomerch.com\/index.php\/wp-json\/wp\/v2\/product\/5652\/revisions\/5655"}],"wp:featuredmedia":[{"embeddable":true,"href":"https:\/\/tecnomerch.com\/index.php\/wp-json\/wp\/v2\/media\/5653"}],"wp:attachment":[{"href":"https:\/\/tecnomerch.com\/index.php\/wp-json\/wp\/v2\/media?parent=5652"}],"wp:term":[{"taxonomy":"product_cat","embeddable":true,"href":"https:\/\/tecnomerch.com\/index.php\/wp-json\/wp\/v2\/product_cat?post=5652"},{"taxonomy":"product_tag","embeddable":true,"href":"https:\/\/tecnomerch.com\/index.php\/wp-json\/wp\/v2\/product_tag?post=5652"}],"curies":[{"name":"wp","href":"https:\/\/api.w.org\/{rel}","templated":true}]}}