{"id":5649,"date":"2023-12-02T05:59:30","date_gmt":"2023-12-02T05:59:30","guid":{"rendered":"https:\/\/tecnomerch.com\/?post_type=product&#038;p=5649"},"modified":"2023-12-02T05:59:31","modified_gmt":"2023-12-02T05:59:31","slug":"base-para-audifonos-tipo-headset-cougar-bunker-s","status":"publish","type":"product","link":"https:\/\/tecnomerch.com\/index.php\/product\/base-para-audifonos-tipo-headset-cougar-bunker-s\/","title":{"rendered":"Base Para Audifonos tipo Headset Cougar Bunker S"},"content":{"rendered":"<section class=\"s_text_block pt64 pb24\">\n<div class=\"container\">\n<h2 class=\"text-center\"><span><b>Succi\u00f3n Como Nunca Hab\u00edas Visto Antes<\/b><\/span><\/h2>\n<div class=\"row\">\n<div class=\"col-md-12 mb16 mt16 col-lg-8 offset-lg-2\">\n<p><span>La tecnolog\u00eda de succi\u00f3n de vac\u00edo patentada que Bunker S se adhiere con una fuerza incre\u00edble a cualquier superficie plana no porosa, proporcion\u00e1ndote una base s\u00f3lida para tus auriculares y protegi\u00e9ndolos de ca\u00eddas.<\/span><\/p>\n<\/div>\n<\/div>\n<\/div>\n<\/section>\n<div class=\"oe_structure\"><\/div>\n<section class=\"d-inline-block w-100\">\n<div class=\"w-100\">\n<div class=\"t_img_hover_1 w-100\"><img decoding=\"async\" class=\"img-fluid d-block mx-auto\" title=\"\" src=\"https:\/\/www.mytec.com.gt\/web\/image\/1012941\/1.jpg?access_token=d8f1bd3b-2c45-4485-83d9-260a7e84916f\" alt=\"Clarico-Full Image\" data-original-title=\"\" aria-describedby=\"tooltip608945\" \/><\/div>\n<\/div>\n<\/section>\n<section class=\"s_text_block pt40 pb24\">\n<div class=\"container\">\n<h2 class=\"text-center\"><span><b>Dos Modos a Tu Disposici\u00f3n<\/b><\/span><\/h2>\n<div class=\"row\">\n<div class=\"col-md-12 mb16 mt16 col-lg-8 offset-lg-2\">\n<p><span>Otra gran ventaja de esta tecnolog\u00eda de succi\u00f3n es que Bunker S se puede utilizar en dos modos diferentes: el modo est\u00e1ndar, en una superficie horizontal como tu escritorio, y el modo vertical, en el que se adhiere al lado de una superficie como puede ser la caja de tu PC. Esto te da un gran margen de maniobra para decidir c\u00f3mo administrar tu espacio y optimizar la distribuci\u00f3n de tu escritorio.<\/span><\/p>\n<\/div>\n<\/div>\n<\/div>\n<\/section>\n<div class=\"oe_structure\"><\/div>\n<section class=\"d-inline-block w-100\">\n<div class=\"w-100\">\n<div class=\"t_img_hover_1 w-100\" title=\"\" data-original-title=\"\" aria-describedby=\"tooltip415085\"><img decoding=\"async\" class=\"img-fluid d-block mx-auto\" title=\"\" src=\"https:\/\/www.mytec.com.gt\/web\/image\/1012946\/2.jpg?access_token=4fa35e1f-30d3-401a-a56c-ea81a811c167\" alt=\"Clarico-Full Image\" data-original-title=\"\" aria-describedby=\"tooltip589912\" \/><\/div>\n<\/div>\n<\/section>\n<section class=\"s_text_block pt40\">\n<div class=\"container\">\n<h2 class=\"text-center\"><span><span style=\"color: #000000;\"><b>Mant\u00e9n<\/b><\/span><b>\u00a0la Suciedad Lejos<\/b><\/span><\/h2>\n<div class=\"row\">\n<div class=\"col-md-12 mb16 mt16 col-lg-10 offset-lg-1\">\n<p><span>Ning\u00fan dispositivo es inmune a la acumulaci\u00f3n de polvo y otros tipos de suciedad. La base Bunker S se puede limpiar f\u00e1cilmente: simplemente l\u00e1vala con agua, espera hasta que se seque y \u00fasala de nuevo. Mientras que los pies de otros productos similares se van ensuciando con el tiempo, la ventosa de Bunker S puede mantenerse limpia durante a\u00f1os con muy poco mantenimiento.<\/span><\/p>\n<p><span><b>Precauci\u00f3n<\/b><\/span><\/p>\n<p><span>La gama de superficies no perfectamente lisas en las que se puede utilizar Bunker S no incluye tela, lana, algod\u00f3n o materiales similares, ni tampoco ninguna superficie porosa.<\/span><\/p>\n<p><span><b>Mantenimiento<\/b><\/span><\/p>\n<p><span>La ventosa tiene un cierto grado de pegajosidad. Si despu\u00e9s del uso prolongado notas que disminuye en la estabilidad del dispositivo, por favor enju\u00e1galo con agua para limpiarlo. Cuando se seque, se restaurar\u00e1n sus propiedades originales y volver\u00e1 a aferrarse a la superficie con fuerza.<\/span><\/p>\n<p>&nbsp;<\/p>\n<\/div>\n<\/div>\n<\/div>\n<\/section>\n","protected":false},"excerpt":{"rendered":"<p>&#8211; Dise\u00f1o elegante<br \/>\n&#8211; Amplio estante<br \/>\n&#8211; Alta estabilidad<br \/>\n&#8211; F\u00e1cil de transportar<br \/>\n&#8211; Sencillo de limpiar<br \/>\n&#8211; Tecnolog\u00eda de succi\u00f3n que evita ca\u00eddas<\/p>\n","protected":false},"featured_media":5650,"comment_status":"open","ping_status":"closed","template":"","meta":{"om_disable_all_campaigns":false,"_mi_skip_tracking":false,"site-sidebar-layout":"default","site-content-layout":"default","ast-global-header-display":"","ast-main-header-display":"","ast-hfb-above-header-display":"","ast-hfb-below-header-display":"","ast-hfb-mobile-header-display":"","site-post-title":"","ast-breadcrumbs-content":"","ast-featured-img":"","footer-sml-layout":"","theme-transparent-header-meta":"default","adv-header-id-meta":"","stick-header-meta":"","header-above-stick-meta":"","header-main-stick-meta":"","header-below-stick-meta":""},"product_cat":[120,69],"product_tag":[],"class_list":["post-5649","product","type-product","status-publish","has-post-thumbnail","hentry","product_cat-accesorios-para-computadoras","product_cat-audifonos-headsets","desktop-align-left","tablet-align-left","mobile-align-left"],"aioseo_notices":[],"_links":{"self":[{"href":"https:\/\/tecnomerch.com\/index.php\/wp-json\/wp\/v2\/product\/5649","targetHints":{"allow":["GET"]}}],"collection":[{"href":"https:\/\/tecnomerch.com\/index.php\/wp-json\/wp\/v2\/product"}],"about":[{"href":"https:\/\/tecnomerch.com\/index.php\/wp-json\/wp\/v2\/types\/product"}],"replies":[{"embeddable":true,"href":"https:\/\/tecnomerch.com\/index.php\/wp-json\/wp\/v2\/comments?post=5649"}],"version-history":[{"count":1,"href":"https:\/\/tecnomerch.com\/index.php\/wp-json\/wp\/v2\/product\/5649\/revisions"}],"predecessor-version":[{"id":5651,"href":"https:\/\/tecnomerch.com\/index.php\/wp-json\/wp\/v2\/product\/5649\/revisions\/5651"}],"wp:featuredmedia":[{"embeddable":true,"href":"https:\/\/tecnomerch.com\/index.php\/wp-json\/wp\/v2\/media\/5650"}],"wp:attachment":[{"href":"https:\/\/tecnomerch.com\/index.php\/wp-json\/wp\/v2\/media?parent=5649"}],"wp:term":[{"taxonomy":"product_cat","embeddable":true,"href":"https:\/\/tecnomerch.com\/index.php\/wp-json\/wp\/v2\/product_cat?post=5649"},{"taxonomy":"product_tag","embeddable":true,"href":"https:\/\/tecnomerch.com\/index.php\/wp-json\/wp\/v2\/product_tag?post=5649"}],"curies":[{"name":"wp","href":"https:\/\/api.w.org\/{rel}","templated":true}]}}