{"id":5645,"date":"2023-12-02T05:58:03","date_gmt":"2023-12-02T05:58:03","guid":{"rendered":"https:\/\/tecnomerch.com\/?post_type=product&#038;p=5645"},"modified":"2023-12-02T05:58:03","modified_gmt":"2023-12-02T05:58:03","slug":"audifonos-argom-3-5mm-tipo-headset-ultimate-sound-pulse-con-microfono-negro","status":"publish","type":"product","link":"https:\/\/tecnomerch.com\/index.php\/product\/audifonos-argom-3-5mm-tipo-headset-ultimate-sound-pulse-con-microfono-negro\/","title":{"rendered":"Audifonos Argom 3.5mm Tipo Headset Ultimate Sound Pulse con Micr\u00f3fono Negro"},"content":{"rendered":"<section class=\"s_text_image\">\n<div class=\"container\">\n<div class=\"row align-items-center\">\n<div class=\"col-lg-6 pt16 pb16\">\n<p class=\"mb16\"><b><span>Descripci\u00f3n<\/span><\/b><\/p>\n<div class=\"s_hr text-left pt16 pb16\">\n<hr class=\"s_hr_1px s_hr_solid w-100 mx-auto border-epsilon\" \/>\n<\/div>\n<p class=\"mb16\"><span>Estos auriculares Ultimate Sound Pulse ofrecen un sonido de calidad que se adapta a la m\u00fasica de todos los g\u00e9neros y con un complemento de tecnolog\u00edas vers\u00e1tiles que mejoran su rendimiento y facilitan su escucha en cualquier lugar. Este auricular ajustable y plegable es conveniente para llevarlo a donde quiera que vaya.<\/span><\/p>\n<\/div>\n<\/div>\n<\/div>\n<\/section>\n<section class=\"s_text_image\">\n<div class=\"container\">\n<div class=\"row align-items-center\">\n<div class=\"col-lg-6 pt16 pb16\">\n<p class=\"mb16\"><b><span>Especificaciones<\/span><\/b><\/p>\n<div class=\"s_hr text-left pt16 pb16\">\n<hr class=\"s_hr_1px s_hr_solid w-100 mx-auto border-epsilon\" \/>\n<\/div>\n<ul>\n<li>\n<p class=\"mb16\"><span>Auriculares plegables y ajustables.<\/span><\/p>\n<\/li>\n<li>\n<p class=\"mb16\"><span>Unidad de controlador de membrana: 40 mm de di\u00e1metro.<\/span><\/p>\n<\/li>\n<li>\n<p class=\"mb16\"><span>Respuesta de frecuencia: 20Hz-20KHz.<\/span><\/p>\n<\/li>\n<li>\n<p class=\"mb16\"><span>Cable desmontable con micr\u00f3fono: 1,2 m (4 pies\/pies).<\/span><\/p>\n<\/li>\n<li>\n<p class=\"mb16\"><span>Conector: mini jack de 3,5 mm.<\/span><\/p>\n<\/li>\n<\/ul>\n<\/div>\n<\/div>\n<\/div>\n<\/section>\n","protected":false},"excerpt":{"rendered":"<p>&#8211; Auriculares plegables<br \/>\n&#8211; Unidad de controlador de 40 mm<br \/>\n&#8211; Respuesta de 20Hz-20KHz<br \/>\n&#8211; Micr\u00f3fono Incluido en el cable<br \/>\n&#8211; Conector Mini jack de 3.5 mm<br \/>\n&#8211; Cable desmontable<br \/>\n&#8211; Tama\u00f1o cable 1,2 m<\/p>\n","protected":false},"featured_media":5646,"comment_status":"open","ping_status":"closed","template":"","meta":{"om_disable_all_campaigns":false,"_mi_skip_tracking":false,"site-sidebar-layout":"default","site-content-layout":"default","ast-global-header-display":"","ast-main-header-display":"","ast-hfb-above-header-display":"","ast-hfb-below-header-display":"","ast-hfb-mobile-header-display":"","site-post-title":"","ast-breadcrumbs-content":"","ast-featured-img":"","footer-sml-layout":"","theme-transparent-header-meta":"default","adv-header-id-meta":"","stick-header-meta":"","header-above-stick-meta":"","header-main-stick-meta":"","header-below-stick-meta":""},"product_cat":[69],"product_tag":[],"class_list":["post-5645","product","type-product","status-publish","has-post-thumbnail","hentry","product_cat-audifonos-headsets","desktop-align-left","tablet-align-left","mobile-align-left"],"aioseo_notices":[],"_links":{"self":[{"href":"https:\/\/tecnomerch.com\/index.php\/wp-json\/wp\/v2\/product\/5645","targetHints":{"allow":["GET"]}}],"collection":[{"href":"https:\/\/tecnomerch.com\/index.php\/wp-json\/wp\/v2\/product"}],"about":[{"href":"https:\/\/tecnomerch.com\/index.php\/wp-json\/wp\/v2\/types\/product"}],"replies":[{"embeddable":true,"href":"https:\/\/tecnomerch.com\/index.php\/wp-json\/wp\/v2\/comments?post=5645"}],"version-history":[{"count":2,"href":"https:\/\/tecnomerch.com\/index.php\/wp-json\/wp\/v2\/product\/5645\/revisions"}],"predecessor-version":[{"id":5648,"href":"https:\/\/tecnomerch.com\/index.php\/wp-json\/wp\/v2\/product\/5645\/revisions\/5648"}],"wp:featuredmedia":[{"embeddable":true,"href":"https:\/\/tecnomerch.com\/index.php\/wp-json\/wp\/v2\/media\/5646"}],"wp:attachment":[{"href":"https:\/\/tecnomerch.com\/index.php\/wp-json\/wp\/v2\/media?parent=5645"}],"wp:term":[{"taxonomy":"product_cat","embeddable":true,"href":"https:\/\/tecnomerch.com\/index.php\/wp-json\/wp\/v2\/product_cat?post=5645"},{"taxonomy":"product_tag","embeddable":true,"href":"https:\/\/tecnomerch.com\/index.php\/wp-json\/wp\/v2\/product_tag?post=5645"}],"curies":[{"name":"wp","href":"https:\/\/api.w.org\/{rel}","templated":true}]}}