{"id":5637,"date":"2023-12-02T05:56:15","date_gmt":"2023-12-02T05:56:15","guid":{"rendered":"https:\/\/tecnomerch.com\/?post_type=product&#038;p=5637"},"modified":"2025-11-02T23:01:36","modified_gmt":"2025-11-02T23:01:36","slug":"audifonos-argom-bluetooth-in-ear-ultimate-sound-lux-con-microfono-gris","status":"publish","type":"product","link":"https:\/\/tecnomerch.com\/index.php\/product\/audifonos-argom-bluetooth-in-ear-ultimate-sound-lux-con-microfono-gris\/","title":{"rendered":"Aud\u00edfonos Argom Bluetooth In-ear Ultimate Sound Lux con Micr\u00f3fono Gris"},"content":{"rendered":"<h2 class=\"te_s_it_heading text-uppercase\"><b>EL COMPA\u00d1ERO DE VIDA PERFECTO\u00a0<\/b><\/h2>\n<div class=\"s_hr text-left pb32 pt8\">\n<hr class=\"border-600 aos-init s_hr_solid w-25 mr-auto s_hr_4px border-alpha aos-animate\" data-aos=\"s_hr_4px\" \/>\n<\/div>\n<p class=\"mb16\"><span>Estos auriculares BT Lux son el compa\u00f1ero perfecto para tu vida activa.\u00a0<\/span><span>Salta, corre o simplemente rel\u00e1jate mientras escuchas tu m\u00fasica favorita de forma inal\u00e1mbrica.<\/span><span>\u00a0<\/span><span>Con puntas de silicona suave para los o\u00eddos que le mejorar\u00e1n un ajuste ergon\u00f3mico y seguro.<\/span><\/p>\n","protected":false},"excerpt":{"rendered":"<p>&#8211; Control de volumen digital y micr\u00f3fono incorporado.<br \/>\n&#8211; Soporta perfil A2DP (Advanced Audio Distribution Profile).<br \/>\n&#8211; Alcance inal\u00e1mbrico: Hasta 33 pies.<br \/>\n&#8211; Tama\u00f1o de la unidad del controlador: 13 mm.<br \/>\n&#8211; Tiempo de reproducci\u00f3n &#8211; Duraci\u00f3n de la bater\u00eda: Hasta 6 horas.<br \/>\n&#8211; Puerto USB para bater\u00eda recargable de iones de litio incorporada.<\/p>\n","protected":false},"featured_media":5638,"comment_status":"open","ping_status":"closed","template":"","meta":{"om_disable_all_campaigns":false,"_mi_skip_tracking":false,"site-sidebar-layout":"default","site-content-layout":"default","ast-global-header-display":"","ast-main-header-display":"","ast-hfb-above-header-display":"","ast-hfb-below-header-display":"","ast-hfb-mobile-header-display":"","site-post-title":"","ast-breadcrumbs-content":"","ast-featured-img":"","footer-sml-layout":"","theme-transparent-header-meta":"default","adv-header-id-meta":"","stick-header-meta":"","header-above-stick-meta":"","header-main-stick-meta":"","header-below-stick-meta":""},"product_cat":[69],"product_tag":[],"class_list":["post-5637","product","type-product","status-publish","has-post-thumbnail","hentry","product_cat-audifonos-headsets","desktop-align-left","tablet-align-left","mobile-align-left"],"aioseo_notices":[],"_links":{"self":[{"href":"https:\/\/tecnomerch.com\/index.php\/wp-json\/wp\/v2\/product\/5637","targetHints":{"allow":["GET"]}}],"collection":[{"href":"https:\/\/tecnomerch.com\/index.php\/wp-json\/wp\/v2\/product"}],"about":[{"href":"https:\/\/tecnomerch.com\/index.php\/wp-json\/wp\/v2\/types\/product"}],"replies":[{"embeddable":true,"href":"https:\/\/tecnomerch.com\/index.php\/wp-json\/wp\/v2\/comments?post=5637"}],"version-history":[{"count":2,"href":"https:\/\/tecnomerch.com\/index.php\/wp-json\/wp\/v2\/product\/5637\/revisions"}],"predecessor-version":[{"id":5640,"href":"https:\/\/tecnomerch.com\/index.php\/wp-json\/wp\/v2\/product\/5637\/revisions\/5640"}],"wp:featuredmedia":[{"embeddable":true,"href":"https:\/\/tecnomerch.com\/index.php\/wp-json\/wp\/v2\/media\/5638"}],"wp:attachment":[{"href":"https:\/\/tecnomerch.com\/index.php\/wp-json\/wp\/v2\/media?parent=5637"}],"wp:term":[{"taxonomy":"product_cat","embeddable":true,"href":"https:\/\/tecnomerch.com\/index.php\/wp-json\/wp\/v2\/product_cat?post=5637"},{"taxonomy":"product_tag","embeddable":true,"href":"https:\/\/tecnomerch.com\/index.php\/wp-json\/wp\/v2\/product_tag?post=5637"}],"curies":[{"name":"wp","href":"https:\/\/api.w.org\/{rel}","templated":true}]}}