{"id":5622,"date":"2023-12-02T05:51:03","date_gmt":"2023-12-02T05:51:03","guid":{"rendered":"https:\/\/tecnomerch.com\/?post_type=product&#038;p=5622"},"modified":"2023-12-02T05:51:03","modified_gmt":"2023-12-02T05:51:03","slug":"audifonos-argom-3-5mm-in-ear-ultimate-hs525-negro","status":"publish","type":"product","link":"https:\/\/tecnomerch.com\/index.php\/product\/audifonos-argom-3-5mm-in-ear-ultimate-hs525-negro\/","title":{"rendered":"Aud\u00edfonos Argom 3.5mm In-ear Ultimate HS525 Negro"},"content":{"rendered":"<p>Dise\u00f1ado ergon\u00f3micamente para encajar justo fuera del canal auditivo. Los auriculares Argom proporcionan un ajuste c\u00f3modo para disfrutar durante horas de la audici\u00f3n.<\/p>\n<p>Compatibles con cualquier iPod, iPhone, Blackberry o reproductor port\u00e1til de CD, DVD o MP3\/MP4.<\/p>\n<p>El dise\u00f1o liviano y ergon\u00f3mico hace que estos auriculares se ajusten c\u00f3modamente a cualquier experiencia.<\/p>\n","protected":false},"excerpt":{"rendered":"<p>&#8211; Compatible con Android y iOS<br \/>\n&#8211; Compatible con MP3<br \/>\n&#8211; Compatible con MP4<br \/>\n&#8211; Livianos y c\u00f3modos<br \/>\n&#8211; Cable de 1.2m<br \/>\n&#8211; Entrada de 3.5mm<\/p>\n","protected":false},"featured_media":5623,"comment_status":"open","ping_status":"closed","template":"","meta":{"om_disable_all_campaigns":false,"_mi_skip_tracking":false,"site-sidebar-layout":"default","site-content-layout":"default","ast-global-header-display":"","ast-main-header-display":"","ast-hfb-above-header-display":"","ast-hfb-below-header-display":"","ast-hfb-mobile-header-display":"","site-post-title":"","ast-breadcrumbs-content":"","ast-featured-img":"","footer-sml-layout":"","theme-transparent-header-meta":"default","adv-header-id-meta":"","stick-header-meta":"","header-above-stick-meta":"","header-main-stick-meta":"","header-below-stick-meta":""},"product_cat":[69],"product_tag":[],"class_list":["post-5622","product","type-product","status-publish","has-post-thumbnail","hentry","product_cat-audifonos-headsets","desktop-align-left","tablet-align-left","mobile-align-left"],"aioseo_notices":[],"_links":{"self":[{"href":"https:\/\/tecnomerch.com\/index.php\/wp-json\/wp\/v2\/product\/5622","targetHints":{"allow":["GET"]}}],"collection":[{"href":"https:\/\/tecnomerch.com\/index.php\/wp-json\/wp\/v2\/product"}],"about":[{"href":"https:\/\/tecnomerch.com\/index.php\/wp-json\/wp\/v2\/types\/product"}],"replies":[{"embeddable":true,"href":"https:\/\/tecnomerch.com\/index.php\/wp-json\/wp\/v2\/comments?post=5622"}],"version-history":[{"count":2,"href":"https:\/\/tecnomerch.com\/index.php\/wp-json\/wp\/v2\/product\/5622\/revisions"}],"predecessor-version":[{"id":5625,"href":"https:\/\/tecnomerch.com\/index.php\/wp-json\/wp\/v2\/product\/5622\/revisions\/5625"}],"wp:featuredmedia":[{"embeddable":true,"href":"https:\/\/tecnomerch.com\/index.php\/wp-json\/wp\/v2\/media\/5623"}],"wp:attachment":[{"href":"https:\/\/tecnomerch.com\/index.php\/wp-json\/wp\/v2\/media?parent=5622"}],"wp:term":[{"taxonomy":"product_cat","embeddable":true,"href":"https:\/\/tecnomerch.com\/index.php\/wp-json\/wp\/v2\/product_cat?post=5622"},{"taxonomy":"product_tag","embeddable":true,"href":"https:\/\/tecnomerch.com\/index.php\/wp-json\/wp\/v2\/product_tag?post=5622"}],"curies":[{"name":"wp","href":"https:\/\/api.w.org\/{rel}","templated":true}]}}