{"id":5590,"date":"2023-12-02T05:38:31","date_gmt":"2023-12-02T05:38:31","guid":{"rendered":"https:\/\/tecnomerch.com\/?post_type=product&#038;p=5590"},"modified":"2023-12-02T05:38:31","modified_gmt":"2023-12-02T05:38:31","slug":"sistema-de-video-seguridad-vta-quaric-motion-cam-system-4-camaras-wi-fi","status":"publish","type":"product","link":"https:\/\/tecnomerch.com\/index.php\/product\/sistema-de-video-seguridad-vta-quaric-motion-cam-system-4-camaras-wi-fi\/","title":{"rendered":"Sistema de Video Seguridad VTA+ Quaric Motion Cam System 4 C\u00e1maras Wi-Fi"},"content":{"rendered":"<p class=\"card-text\">\u2022 Visualice desde cualquier lugar desde su dispositivo m\u00f3vil.<\/p>\n<p class=\"card-text o_default_snippet_text\">\u2022 Salida de video de alta definici\u00f3n por HDMI 1080p Full HD.<\/p>\n<p class=\"card-text o_default_snippet_text\">\u2022 Permite conexi\u00f3n de varios usuarios a la vez.<\/p>\n<p class=\"card-text o_default_snippet_text\">\u2022 Puerto SATA compatible con discos de hasta 6 TB.<\/p>\n<p class=\"card-text o_default_snippet_text\">\u2022 M\u00faltiples modos de grabaci\u00f3n.<\/p>\n<p class=\"card-text o_default_snippet_text\">\u2022 Detecci\u00f3n de movimiento.<\/p>\n<p class=\"card-text o_default_snippet_text\">\u2022 Alcance de video sin obst\u00e1culos hasta 300 metros*<\/p>\n<p class=\"card-text o_default_snippet_text\">\u2022 Ideal para usar en casas, apartamentos, oficinas o negocios.<\/p>\n<p class=\"card-text o_default_snippet_text\">\u2022 Sistema de compresi\u00f3n: H.265 \/ H.264 \/ M-JPEG<\/p>\n<p class=\"card-text\">\u2022 Compatible con sistemas operativos IOS y Android.<\/p>\n","protected":false},"excerpt":{"rendered":"<p>&#8211; Visi\u00f3n Nocturna y a Color<br \/>\n&#8211; \u00c1ngulo de visi\u00f3n de 95\u00ba<br \/>\n&#8211; Resistente a la Intemperie<br \/>\n&#8211; Detecci\u00f3n de movimiento<br \/>\n&#8211; Movimiento horizontal, vertical y zoom digital<br \/>\n+ NVR de conexi\u00f3n inal\u00e1mbrica con las c\u00e1maras<br \/>\n&#8211; 2 antenas de 5dB sobre el NVR<br \/>\n&#8211; Sistema operativo: LINUX.<br \/>\n&#8211; 8 canales de video 3MP 1080p inal\u00e1mbricos<br \/>\n&#8211; Reproducci\u00f3n 8-CH a 960p o 1080P Sincr\u00f3nico<br \/>\n&#8211; Salida de video HDMI y VGA 1080P a 60fps<br \/>\n&#8211; 2 x Puertos USB 2.0<br \/>\n&#8211; 1 x Puerto de red RJ45 Interfaz 10 M \/100 Mbs<br \/>\n&#8211; Incluye disco duro de 1 TB SATA (Preinstalado)<br \/>\n&#8211; Espacio aproximado de uso por d\u00eda: 20GB<br \/>\n&#8211; Voltaje de operaci\u00f3n 12VDC \/ 3A<br \/>\n&#8211; Consumo 3 W (sin disco duro)<br \/>\n&#8211; Ambiente de trabajo: -10 \u00b0 C hasta + 55 \u00b0 C<br \/>\n+ ESPECIFICACI\u00d3N C\u00c1MARAS:<br \/>\n&#8211; Resoluci\u00f3n de imagen: 1080p (1920&#215;1080@20fps)<br \/>\n&#8211; Sensor de imagen: 1\/2.9&#8243; 2Mp CMOS<br \/>\n&#8211; Frecuencia de Banda Inal\u00e1mbrica: 2,4GHz<br \/>\n&#8211; Sistema de compresi\u00f3n: H.265 \/ H.264 \/ M-JPEG<br \/>\n&#8211; Grado de Protecci\u00f3n: IP65<br \/>\n&#8211; Balance de blancos y modo nocturno con activaci\u00f3n autom\u00e1tica,<br \/>\n&#8211; Iluminaci\u00f3n m\u00ednima: 0.1 Lux@F1.2, \/ 0.05 Lux@F1.2 (IR Off) 0Lux (IR On)<br \/>\n&#8211; Alcance de visi\u00f3n nocturna: 10 metros<br \/>\n&#8211; Voltaje de operaci\u00f3n: 12V DC \u2013 200mA<br \/>\n&#8211; Uso interior\/exterior<\/p>\n","protected":false},"featured_media":5591,"comment_status":"open","ping_status":"closed","template":"","meta":{"om_disable_all_campaigns":false,"_mi_skip_tracking":false,"site-sidebar-layout":"default","site-content-layout":"default","ast-global-header-display":"","ast-main-header-display":"","ast-hfb-above-header-display":"","ast-hfb-below-header-display":"","ast-hfb-mobile-header-display":"","site-post-title":"","ast-breadcrumbs-content":"","ast-featured-img":"","footer-sml-layout":"","theme-transparent-header-meta":"default","adv-header-id-meta":"","stick-header-meta":"","header-above-stick-meta":"","header-main-stick-meta":"","header-below-stick-meta":""},"product_cat":[149,157],"product_tag":[],"class_list":["post-5590","product","type-product","status-publish","has-post-thumbnail","hentry","product_cat-smarthome","product_cat-video-seguridad","desktop-align-left","tablet-align-left","mobile-align-left"],"aioseo_notices":[],"_links":{"self":[{"href":"https:\/\/tecnomerch.com\/index.php\/wp-json\/wp\/v2\/product\/5590","targetHints":{"allow":["GET"]}}],"collection":[{"href":"https:\/\/tecnomerch.com\/index.php\/wp-json\/wp\/v2\/product"}],"about":[{"href":"https:\/\/tecnomerch.com\/index.php\/wp-json\/wp\/v2\/types\/product"}],"replies":[{"embeddable":true,"href":"https:\/\/tecnomerch.com\/index.php\/wp-json\/wp\/v2\/comments?post=5590"}],"version-history":[{"count":1,"href":"https:\/\/tecnomerch.com\/index.php\/wp-json\/wp\/v2\/product\/5590\/revisions"}],"predecessor-version":[{"id":5592,"href":"https:\/\/tecnomerch.com\/index.php\/wp-json\/wp\/v2\/product\/5590\/revisions\/5592"}],"wp:featuredmedia":[{"embeddable":true,"href":"https:\/\/tecnomerch.com\/index.php\/wp-json\/wp\/v2\/media\/5591"}],"wp:attachment":[{"href":"https:\/\/tecnomerch.com\/index.php\/wp-json\/wp\/v2\/media?parent=5590"}],"wp:term":[{"taxonomy":"product_cat","embeddable":true,"href":"https:\/\/tecnomerch.com\/index.php\/wp-json\/wp\/v2\/product_cat?post=5590"},{"taxonomy":"product_tag","embeddable":true,"href":"https:\/\/tecnomerch.com\/index.php\/wp-json\/wp\/v2\/product_tag?post=5590"}],"curies":[{"name":"wp","href":"https:\/\/api.w.org\/{rel}","templated":true}]}}