{"id":5586,"date":"2023-12-02T05:37:36","date_gmt":"2023-12-02T05:37:36","guid":{"rendered":"https:\/\/tecnomerch.com\/?post_type=product&#038;p=5586"},"modified":"2023-12-02T05:37:36","modified_gmt":"2023-12-02T05:37:36","slug":"camara-de-seguridad-vta-diurna-nocturna-smart-home-wi-fi-con-movimiento-3mp","status":"publish","type":"product","link":"https:\/\/tecnomerch.com\/index.php\/product\/camara-de-seguridad-vta-diurna-nocturna-smart-home-wi-fi-con-movimiento-3mp\/","title":{"rendered":"C\u00e1mara de Seguridad VTA+ Diurna\/Nocturna Smart Home Wi-Fi con Movimiento 3MP"},"content":{"rendered":"<p class=\"card-text o_default_snippet_text\">\u2022 C\u00e1mara con rotaci\u00f3n de 3MP Ideal para exterior.<\/p>\n<p class=\"card-text o_default_snippet_text\">\u2022 Rotaci\u00f3n horizontal de 180\u00b0.<\/p>\n<p class=\"card-text o_default_snippet_text\">\u2022 Detecci\u00f3n de movimiento y sonido con alerta v\u00eda mensaje tipo notificaci\u00f3n<\/p>\n<p class=\"card-text o_default_snippet_text\">por aplicaci\u00f3n y funci\u00f3n de seguimiento m\u00f3vil.<\/p>\n<p class=\"card-text o_default_snippet_text\">\u2022 \u00c1ngulo de apertura107\u00b0.<\/p>\n<p class=\"card-text o_default_snippet_text\">\u2022 12 LED de color blanco de alta potencia que mejoran la imagen en visi\u00f3n<\/p>\n<p class=\"card-text o_default_snippet_text\">nocturna, funcionando como lampara reflectora.<\/p>\n<p class=\"card-text o_default_snippet_text\">\u2022 Grabaci\u00f3n en memoria Micro SD hasta 128GB Max. (No incluida), o Cloud<\/p>\n<p class=\"card-text o_default_snippet_text\">storage*<\/p>\n<p class=\"card-text\">\u2022 Micr\u00f3fono y altavoz incorporado para audio bidireccional, (escuche y hable a trav\u00e9s de la c\u00e1mara).<\/p>\n<p class=\"card-text\">\u2022 Para uso en exterior, IP66<\/p>\n","protected":false},"excerpt":{"rendered":"<p>&#8211; Resoluci\u00f3n de video FHD 3MP<br \/>\n&#8211; Rotaci\u00f3n horizontal de 180\u00b0<br \/>\n&#8211; Sensor de imagen de 1\/2.8&#8243; CMOS<br \/>\n&#8211; Lente de 3.6mm<br \/>\n&#8211; 12 LED de color blanco de alta potencia<br \/>\n&#8211; Alcance en modo nocturno de hasta 10 metros<br \/>\n&#8211; Detecci\u00f3n de movimiento y sonido<br \/>\n&#8211; Alerta v\u00eda mensaje tipo notificaci\u00f3n por aplicaci\u00f3n<br \/>\n&#8211; Micr\u00f3fono y altavoz incorporado<br \/>\n&#8211; Escuche y hable a trav\u00e9s de la c\u00e1mara<br \/>\n&#8211; Audio bidireccional<br \/>\n&#8211; Compresi\u00f3n de Video H.265 y Audio PCM<br \/>\n&#8211; Conectividad inal\u00e1mbrica WI-FI (IEEE802.11b\/g\/n)<br \/>\n&#8211; Voltaje de alimentaci\u00f3n 5VDC \/ 1A<br \/>\n&#8211; Consumo de energ\u00eda: 5W m\u00e1ximo<br \/>\n&#8211; Temperatura de trabajo: -10\u00b0C \u2013 50\u00b0C<br \/>\n&#8211; Humedad relativa: &lt;95%<br \/>\n&#8211; Grabaci\u00f3n en memoria Micro SD hasta 128GB Max.<br \/>\n&#8211; Para uso en exterior IP66<br \/>\n&#8211; No incluye Micro SD<\/p>\n","protected":false},"featured_media":5587,"comment_status":"open","ping_status":"closed","template":"","meta":{"om_disable_all_campaigns":false,"_mi_skip_tracking":false,"site-sidebar-layout":"default","site-content-layout":"default","ast-global-header-display":"","ast-main-header-display":"","ast-hfb-above-header-display":"","ast-hfb-below-header-display":"","ast-hfb-mobile-header-display":"","site-post-title":"","ast-breadcrumbs-content":"","ast-featured-img":"","footer-sml-layout":"","theme-transparent-header-meta":"default","adv-header-id-meta":"","stick-header-meta":"","header-above-stick-meta":"","header-main-stick-meta":"","header-below-stick-meta":""},"product_cat":[149,157],"product_tag":[],"class_list":["post-5586","product","type-product","status-publish","has-post-thumbnail","hentry","product_cat-smarthome","product_cat-video-seguridad","desktop-align-left","tablet-align-left","mobile-align-left"],"aioseo_notices":[],"_links":{"self":[{"href":"https:\/\/tecnomerch.com\/index.php\/wp-json\/wp\/v2\/product\/5586","targetHints":{"allow":["GET"]}}],"collection":[{"href":"https:\/\/tecnomerch.com\/index.php\/wp-json\/wp\/v2\/product"}],"about":[{"href":"https:\/\/tecnomerch.com\/index.php\/wp-json\/wp\/v2\/types\/product"}],"replies":[{"embeddable":true,"href":"https:\/\/tecnomerch.com\/index.php\/wp-json\/wp\/v2\/comments?post=5586"}],"version-history":[{"count":2,"href":"https:\/\/tecnomerch.com\/index.php\/wp-json\/wp\/v2\/product\/5586\/revisions"}],"predecessor-version":[{"id":5589,"href":"https:\/\/tecnomerch.com\/index.php\/wp-json\/wp\/v2\/product\/5586\/revisions\/5589"}],"wp:featuredmedia":[{"embeddable":true,"href":"https:\/\/tecnomerch.com\/index.php\/wp-json\/wp\/v2\/media\/5587"}],"wp:attachment":[{"href":"https:\/\/tecnomerch.com\/index.php\/wp-json\/wp\/v2\/media?parent=5586"}],"wp:term":[{"taxonomy":"product_cat","embeddable":true,"href":"https:\/\/tecnomerch.com\/index.php\/wp-json\/wp\/v2\/product_cat?post=5586"},{"taxonomy":"product_tag","embeddable":true,"href":"https:\/\/tecnomerch.com\/index.php\/wp-json\/wp\/v2\/product_tag?post=5586"}],"curies":[{"name":"wp","href":"https:\/\/api.w.org\/{rel}","templated":true}]}}