{"id":5582,"date":"2023-12-02T05:36:31","date_gmt":"2023-12-02T05:36:31","guid":{"rendered":"https:\/\/tecnomerch.com\/?post_type=product&#038;p=5582"},"modified":"2023-12-02T05:36:32","modified_gmt":"2023-12-02T05:36:32","slug":"video-portero-inteligente-vta-doorbell-1080p-con-timbre-smart-home-wi-fi","status":"publish","type":"product","link":"https:\/\/tecnomerch.com\/index.php\/product\/video-portero-inteligente-vta-doorbell-1080p-con-timbre-smart-home-wi-fi\/","title":{"rendered":"Video Portero Inteligente VTA+ Doorbell 1080P con Timbre Smart Home Wi-Fi"},"content":{"rendered":"<p class=\"card-text\">\u2022 Video Portero con resoluci\u00f3n Full HD 1080p.<\/p>\n<p class=\"card-text o_default_snippet_text\">\u2022 Incluye Timbre para interior con comunicaci\u00f3n inal\u00e1mbrica.<\/p>\n<p class=\"card-text\">\u2022 Sensor PIR de alta sensibilidad para detecci\u00f3n de movimiento, ideal para\u00a0avisar cuando alguien se acerca a la puerta.<\/p>\n<p class=\"card-text\">\u2022 Bot\u00f3n de activaci\u00f3n con funci\u00f3n de alarma v\u00eda mensaje por notificaci\u00f3n de\u00a0aplicaci\u00f3n. *<\/p>\n<p class=\"card-text o_default_snippet_text\">\u2022 Funciona conectado directamente o con bater\u00edas.<\/p>\n<p class=\"card-text\">\u2022 Bater\u00edas recargables incorporadas con autonom\u00eda de hasta 3 meses en modo\u00a0reposo.<\/p>\n<p class=\"card-text\">\u2022 Micr\u00f3fono y altavoz incorporado para audio bidireccional. (escuche y hable a\u00a0trav\u00e9s del video portero).<\/p>\n<p class=\"card-text\">\u2022 Visi\u00f3n nocturna con activaci\u00f3n autom\u00e1tica y alcance efectivo de hasta 10\u00a0metros.<\/p>\n<p class=\"card-text o_default_snippet_text\">\u2022 Timbre con diferentes melod\u00edas y niveles de sonido ajustables.<\/p>\n<p class=\"card-text\">\u2022 Grabaci\u00f3n de video por Micro SD hasta 128GB Max. (No incluida).<\/p>\n<p class=\"card-text\">\u2022 \u00cdndice de protecci\u00f3n IP53 para para uso interior y Exterior.<\/p>\n<p class=\"card-text\">* La funci\u00f3n de portero la hace directamente con el dispositivo m\u00f3vil. El timbre no incorpora pantalla\u00a0adicional.<\/p>\n<p class=\"card-text\">** No es compatible con cantoneras el\u00e9ctricas<\/p>\n","protected":false},"excerpt":{"rendered":"<p>&#8211; Resoluci\u00f3n Full HD 1080p<br \/>\n&#8211; Incluye Timbre para interior con comunicaci\u00f3n inal\u00e1mbrica<br \/>\n&#8211; Sensor PIR de alta sensibilidad para detecci\u00f3n de movimiento<br \/>\n&#8211; Ideal para avisar cuando alguien se acerca a la puerta<br \/>\n&#8211; Bot\u00f3n de activaci\u00f3n con funci\u00f3n de alarma v\u00eda mensaje<br \/>\n&#8211; Funciona conectado directamente o con bater\u00edas<br \/>\n&#8211; Bater\u00edas recargables incorporadas<br \/>\n&#8211; Autonom\u00eda de hasta 3 meses en modo reposo<br \/>\n&#8211; Micr\u00f3fono y altavoz incorporado para audio bidireccional<br \/>\n&#8211; Escuche y hable a trav\u00e9s del video portero<br \/>\n&#8211; Visi\u00f3n nocturna con activaci\u00f3n autom\u00e1tica<br \/>\n&#8211; Alcance efectivo de hasta 10 metros<br \/>\n&#8211; Timbre con diferentes melod\u00edas y niveles de sonido<br \/>\n&#8211; Grabaci\u00f3n de video por Micro SD hasta 128GB Max. (No incluida)<br \/>\n&#8211; \u00cdndice de protecci\u00f3n IP53 para para uso interior y Exterior<br \/>\n&#8211; \u00c1ngulo de visi\u00f3n efectivo de 155 grados<br \/>\n&#8211; Video portero: DC 5V puerto Micro USB \/ 2 Bater\u00edas tipo 18650 3.7V<br \/>\n&#8211; Timbre: 120-240 VAC \/ 50-60Hz<br \/>\n&#8211; Wi-Fi (IEEE802.11b \/ g \/ n) 2.4GHz (No es compatible con 5GHz)<br \/>\n&#8211; Distancia inal\u00e1mbrica entre Timbre-videoportero: hasta 50 metros<br \/>\n&#8211; Timbre con sonido m\u00e1ximo de 90dB.<br \/>\n&#8211; Compatible con Android e iOs<\/p>\n","protected":false},"featured_media":5583,"comment_status":"open","ping_status":"closed","template":"","meta":{"om_disable_all_campaigns":false,"_mi_skip_tracking":false,"site-sidebar-layout":"default","site-content-layout":"default","ast-global-header-display":"","ast-main-header-display":"","ast-hfb-above-header-display":"","ast-hfb-below-header-display":"","ast-hfb-mobile-header-display":"","site-post-title":"","ast-breadcrumbs-content":"","ast-featured-img":"","footer-sml-layout":"","theme-transparent-header-meta":"default","adv-header-id-meta":"","stick-header-meta":"","header-above-stick-meta":"","header-main-stick-meta":"","header-below-stick-meta":""},"product_cat":[149,157],"product_tag":[],"class_list":["post-5582","product","type-product","status-publish","has-post-thumbnail","hentry","product_cat-smarthome","product_cat-video-seguridad","desktop-align-left","tablet-align-left","mobile-align-left"],"aioseo_notices":[],"_links":{"self":[{"href":"https:\/\/tecnomerch.com\/index.php\/wp-json\/wp\/v2\/product\/5582","targetHints":{"allow":["GET"]}}],"collection":[{"href":"https:\/\/tecnomerch.com\/index.php\/wp-json\/wp\/v2\/product"}],"about":[{"href":"https:\/\/tecnomerch.com\/index.php\/wp-json\/wp\/v2\/types\/product"}],"replies":[{"embeddable":true,"href":"https:\/\/tecnomerch.com\/index.php\/wp-json\/wp\/v2\/comments?post=5582"}],"version-history":[{"count":2,"href":"https:\/\/tecnomerch.com\/index.php\/wp-json\/wp\/v2\/product\/5582\/revisions"}],"predecessor-version":[{"id":5585,"href":"https:\/\/tecnomerch.com\/index.php\/wp-json\/wp\/v2\/product\/5582\/revisions\/5585"}],"wp:featuredmedia":[{"embeddable":true,"href":"https:\/\/tecnomerch.com\/index.php\/wp-json\/wp\/v2\/media\/5583"}],"wp:attachment":[{"href":"https:\/\/tecnomerch.com\/index.php\/wp-json\/wp\/v2\/media?parent=5582"}],"wp:term":[{"taxonomy":"product_cat","embeddable":true,"href":"https:\/\/tecnomerch.com\/index.php\/wp-json\/wp\/v2\/product_cat?post=5582"},{"taxonomy":"product_tag","embeddable":true,"href":"https:\/\/tecnomerch.com\/index.php\/wp-json\/wp\/v2\/product_tag?post=5582"}],"curies":[{"name":"wp","href":"https:\/\/api.w.org\/{rel}","templated":true}]}}