{"id":5573,"date":"2023-12-02T05:31:56","date_gmt":"2023-12-02T05:31:56","guid":{"rendered":"https:\/\/tecnomerch.com\/?post_type=product&#038;p=5573"},"modified":"2023-12-02T05:31:56","modified_gmt":"2023-12-02T05:31:56","slug":"camara-inteligente-vta-diurna-nocturna-smart-home-wi-fi-panoramica-fhd-1080p","status":"publish","type":"product","link":"https:\/\/tecnomerch.com\/index.php\/product\/camara-inteligente-vta-diurna-nocturna-smart-home-wi-fi-panoramica-fhd-1080p\/","title":{"rendered":"C\u00e1mara Inteligente VTA+ Diurna\/Nocturna Smart Home Wi-Fi Panor\u00e1mica FHD 1080p"},"content":{"rendered":"<p class=\"card-text\">\u2022 C\u00e1mara Full HD 1080p con visi\u00f3n panor\u00e1mica tipo ojo de pez.<\/p>\n<p class=\"card-text\">\u2022 Detecci\u00f3n de movimiento con alerta v\u00eda mensaje tipo notificaci\u00f3n por aplicaci\u00f3n.<\/p>\n<p class=\"card-text\">\u2022 \u00c1ngulo del lente de 360\u00b0 sobre su eje de instalaci\u00f3n, con visi\u00f3n nocturna LED IR.<\/p>\n<p class=\"card-text o_default_snippet_text\">\u2022 M\u00faltiples modos de visualizaci\u00f3n.<\/p>\n<p class=\"card-text\">\u2022 Grabaci\u00f3n en memoria Micro SD hasta 128GB Max. (No incluida), o Cloud storage*<\/p>\n<p class=\"card-text\">\u2022 Micr\u00f3fono y altavoz incorporado para audio bidireccional, (escuche y hable a trav\u00e9s de la c\u00e1mara).<\/p>\n<p class=\"card-text o_default_snippet_text\">\u2022 F\u00e1cil instalaci\u00f3n y configuraci\u00f3n, Para uso en interior.<\/p>\n<p class=\"card-text\">* La funci\u00f3n de Cloud storage es administrada por un tercero y solo funciona en los eventos de detecci\u00f3n de movimiento.<\/p>\n<p class=\"card-text\">APLICACIONES \/ USO: Hogar, domestico, oficina<\/p>\n","protected":false},"excerpt":{"rendered":"<p>&#8211; Resoluci\u00f3n 2304 x 1296p<br \/>\n&#8211; Sensor de imagen de 1\/2.5&#8243;<br \/>\n&#8211; Lente Fisheye de 1.44mm<br \/>\n&#8211; Compresi\u00f3n de Video H.264 y Audio ADPCM<br \/>\n&#8211; M\u00faltiples modos de visualizaci\u00f3n<br \/>\n&#8211; Visi\u00f3n nocturna<br \/>\n&#8211; Alcance efectivo en modo nocturno de hasta 5 metros<br \/>\n&#8211; Visi\u00f3n a color<br \/>\n&#8211; \u00c1ngulo de visi\u00f3n de 360\u00ba<br \/>\n&#8211; Uso interior<br \/>\n&#8211; Micr\u00f3fono y altavoz incorporado<br \/>\n&#8211; Audio bidireccional (escuche y hable a trav\u00e9s de la c\u00e1mara)<br \/>\n&#8211; Notificaciones de alerta<br \/>\n&#8211; Puerto Micro SD 120GB max (No incluida)<br \/>\n&#8211; Detecci\u00f3n de movimiento<br \/>\n&#8211; Grabaci\u00f3n en la nube<br \/>\n&#8211; Automatizaci\u00f3n con otros dispositivos<br \/>\n&#8211; F\u00e1cil instalaci\u00f3n y configuraci\u00f3n<br \/>\n&#8211; Wi-Fi (IEEE802.11b\/g\/n) 2.4GHz<br \/>\n&#8211; Voltaje de alimentaci\u00f3n DC 5V \/ 1A<\/p>\n","protected":false},"featured_media":5574,"comment_status":"open","ping_status":"closed","template":"","meta":{"om_disable_all_campaigns":false,"_mi_skip_tracking":false,"site-sidebar-layout":"default","site-content-layout":"default","ast-global-header-display":"","ast-main-header-display":"","ast-hfb-above-header-display":"","ast-hfb-below-header-display":"","ast-hfb-mobile-header-display":"","site-post-title":"","ast-breadcrumbs-content":"","ast-featured-img":"","footer-sml-layout":"","theme-transparent-header-meta":"default","adv-header-id-meta":"","stick-header-meta":"","header-above-stick-meta":"","header-main-stick-meta":"","header-below-stick-meta":""},"product_cat":[149,157],"product_tag":[],"class_list":["post-5573","product","type-product","status-publish","has-post-thumbnail","hentry","product_cat-smarthome","product_cat-video-seguridad","desktop-align-left","tablet-align-left","mobile-align-left"],"aioseo_notices":[],"_links":{"self":[{"href":"https:\/\/tecnomerch.com\/index.php\/wp-json\/wp\/v2\/product\/5573","targetHints":{"allow":["GET"]}}],"collection":[{"href":"https:\/\/tecnomerch.com\/index.php\/wp-json\/wp\/v2\/product"}],"about":[{"href":"https:\/\/tecnomerch.com\/index.php\/wp-json\/wp\/v2\/types\/product"}],"replies":[{"embeddable":true,"href":"https:\/\/tecnomerch.com\/index.php\/wp-json\/wp\/v2\/comments?post=5573"}],"version-history":[{"count":1,"href":"https:\/\/tecnomerch.com\/index.php\/wp-json\/wp\/v2\/product\/5573\/revisions"}],"predecessor-version":[{"id":5575,"href":"https:\/\/tecnomerch.com\/index.php\/wp-json\/wp\/v2\/product\/5573\/revisions\/5575"}],"wp:featuredmedia":[{"embeddable":true,"href":"https:\/\/tecnomerch.com\/index.php\/wp-json\/wp\/v2\/media\/5574"}],"wp:attachment":[{"href":"https:\/\/tecnomerch.com\/index.php\/wp-json\/wp\/v2\/media?parent=5573"}],"wp:term":[{"taxonomy":"product_cat","embeddable":true,"href":"https:\/\/tecnomerch.com\/index.php\/wp-json\/wp\/v2\/product_cat?post=5573"},{"taxonomy":"product_tag","embeddable":true,"href":"https:\/\/tecnomerch.com\/index.php\/wp-json\/wp\/v2\/product_tag?post=5573"}],"curies":[{"name":"wp","href":"https:\/\/api.w.org\/{rel}","templated":true}]}}