{"id":5566,"date":"2023-12-02T05:29:51","date_gmt":"2023-12-02T05:29:51","guid":{"rendered":"https:\/\/tecnomerch.com\/?post_type=product&#038;p=5566"},"modified":"2025-11-02T23:13:12","modified_gmt":"2025-11-02T23:13:12","slug":"camara-inteligente-vta-ovo-diurna-nocturna-smart-home-wi-fi-con-movimiento-fhd-1080p","status":"publish","type":"product","link":"https:\/\/tecnomerch.com\/index.php\/product\/camara-inteligente-vta-ovo-diurna-nocturna-smart-home-wi-fi-con-movimiento-fhd-1080p\/","title":{"rendered":"C\u00e1mara Inteligente VTA+ OVO Diurna\/Nocturna Smart Home Wi-Fi con Movimiento FHD 1080p"},"content":{"rendered":"<p class=\"card-text\">\u2022 C\u00e1mara con movimiento Horizontal y vertical desde la aplicaci\u00f3n.<\/p>\n<p class=\"card-text\">\u2022 Detecci\u00f3n de movimiento con funci\u00f3n de alarma v\u00eda mensaje por notificaci\u00f3n de aplicaci\u00f3n.<\/p>\n<p class=\"card-text\">\u2022 Dise\u00f1o pr\u00e1ctico y funcional de f\u00e1cil instalaci\u00f3n y conexi\u00f3n con la aplicaci\u00f3n.<\/p>\n<p class=\"card-text\">\u2022 Micr\u00f3fono y altavoz incorporado para audio bidireccional. (escuche y hable a trav\u00e9s de la c\u00e1mara).<\/p>\n<p class=\"card-text o_default_snippet_text\">\u2022 Aplicaci\u00f3n m\u00f3vil compatible con dispositivos Android y IOS.<\/p>\n<p class=\"card-text o_default_snippet_text\">\u2022 Conectividad inal\u00e1mbrica WIFI (IEEE802.11b \/ g \/ n) de 2.4GHz.<\/p>\n<p class=\"card-text\">\u2022 Visi\u00f3n nocturna con activaci\u00f3n autom\u00e1tica y alcance efectivo de hasta 8 metros.<\/p>\n<p class=\"card-text o_default_snippet_text\">\u2022 Exposici\u00f3n y balance de blancos autom\u00e1tico.<\/p>\n<p class=\"card-text o_default_snippet_text\">\u2022 Grabaci\u00f3n por puerto Micro SD hasta 128GB Max. (No incluida).<\/p>\n<p class=\"card-text\">\u2022 Grabaci\u00f3n en la Nube (Servicio con costo &#8211; Prestado por un tercero)<\/p>\n<p class=\"card-text o_default_snippet_text\">\u2022 LED indicador de estado.<\/p>\n<p class=\"card-text\">\u2022 Uso interior<\/p>\n","protected":false},"excerpt":{"rendered":"<p>&#8211; Resoluci\u00f3n Full HD 1080p<br \/>\n&#8211; Seguimiento inteligente<br \/>\n&#8211; Movimiento Horizontal y vertical desde la aplicaci\u00f3n<br \/>\n&#8211; Detecci\u00f3n de movimiento con funci\u00f3n de alarma v\u00eda mensaje<br \/>\n&#8211; Visi\u00f3n nocturna con activaci\u00f3n autom\u00e1tica<br \/>\n&#8211; Alcance efectivo de hasta 8 metros<br \/>\n&#8211; Visi\u00f3n a color<br \/>\n&#8211; \u00c1ngulo de visi\u00f3n 85\u00ba<br \/>\n&#8211; Uso interior<br \/>\n&#8211; Automatizaci\u00f3n con otros dispositivos<br \/>\n&#8211; Micr\u00f3fono y altavoz<br \/>\n&#8211; Audio bidireccional (escuche y hable a trav\u00e9s de la c\u00e1mara)<br \/>\n&#8211; Notificaciones de alerta<br \/>\n&#8211; Wi-Fi (IEEE802.11b \/ g \/ n) de 2.4GHz<br \/>\n&#8211; Puerto Micro SD 128GB max (No incluida)<br \/>\n&#8211; Grabaci\u00f3n en la nube<br \/>\n&#8211; Funci\u00f3n de girar pantalla<br \/>\n&#8211; LED indicador de estado<br \/>\n&#8211; Dise\u00f1o pr\u00e1ctico y funcional de f\u00e1cil instalaci\u00f3n<br \/>\n&#8211; Aplicaci\u00f3n m\u00f3vil compatible con dispositivos Android y IOS<\/p>\n","protected":false},"featured_media":5567,"comment_status":"open","ping_status":"closed","template":"","meta":{"om_disable_all_campaigns":false,"_mi_skip_tracking":false,"site-sidebar-layout":"default","site-content-layout":"default","ast-global-header-display":"","ast-main-header-display":"","ast-hfb-above-header-display":"","ast-hfb-below-header-display":"","ast-hfb-mobile-header-display":"","site-post-title":"","ast-breadcrumbs-content":"","ast-featured-img":"","footer-sml-layout":"","theme-transparent-header-meta":"default","adv-header-id-meta":"","stick-header-meta":"","header-above-stick-meta":"","header-main-stick-meta":"","header-below-stick-meta":""},"product_cat":[149,157],"product_tag":[],"class_list":["post-5566","product","type-product","status-publish","has-post-thumbnail","hentry","product_cat-smarthome","product_cat-video-seguridad","desktop-align-left","tablet-align-left","mobile-align-left"],"aioseo_notices":[],"_links":{"self":[{"href":"https:\/\/tecnomerch.com\/index.php\/wp-json\/wp\/v2\/product\/5566","targetHints":{"allow":["GET"]}}],"collection":[{"href":"https:\/\/tecnomerch.com\/index.php\/wp-json\/wp\/v2\/product"}],"about":[{"href":"https:\/\/tecnomerch.com\/index.php\/wp-json\/wp\/v2\/types\/product"}],"replies":[{"embeddable":true,"href":"https:\/\/tecnomerch.com\/index.php\/wp-json\/wp\/v2\/comments?post=5566"}],"version-history":[{"count":2,"href":"https:\/\/tecnomerch.com\/index.php\/wp-json\/wp\/v2\/product\/5566\/revisions"}],"predecessor-version":[{"id":5569,"href":"https:\/\/tecnomerch.com\/index.php\/wp-json\/wp\/v2\/product\/5566\/revisions\/5569"}],"wp:featuredmedia":[{"embeddable":true,"href":"https:\/\/tecnomerch.com\/index.php\/wp-json\/wp\/v2\/media\/5567"}],"wp:attachment":[{"href":"https:\/\/tecnomerch.com\/index.php\/wp-json\/wp\/v2\/media?parent=5566"}],"wp:term":[{"taxonomy":"product_cat","embeddable":true,"href":"https:\/\/tecnomerch.com\/index.php\/wp-json\/wp\/v2\/product_cat?post=5566"},{"taxonomy":"product_tag","embeddable":true,"href":"https:\/\/tecnomerch.com\/index.php\/wp-json\/wp\/v2\/product_tag?post=5566"}],"curies":[{"name":"wp","href":"https:\/\/api.w.org\/{rel}","templated":true}]}}