{"id":5553,"date":"2023-12-02T05:24:14","date_gmt":"2023-12-02T05:24:14","guid":{"rendered":"https:\/\/tecnomerch.com\/?post_type=product&#038;p=5553"},"modified":"2023-12-02T05:24:14","modified_gmt":"2023-12-02T05:24:14","slug":"bascula-digital-inteligente-vta-recargable-smart-home-wi-fi","status":"publish","type":"product","link":"https:\/\/tecnomerch.com\/index.php\/product\/bascula-digital-inteligente-vta-recargable-smart-home-wi-fi\/","title":{"rendered":"B\u00e1scula Digital Inteligente VTA+ Recargable Smart Home Wi-Fi"},"content":{"rendered":"<p class=\"card-text o_default_snippet_text\">\u2022 Bascula inteligente recargable con conexi\u00f3n wifi a la aplicaci\u00f3n.<\/p>\n<p class=\"card-text\">\u2022 Desde la aplicaci\u00f3n podr\u00e1 ir llevando el control y la estad\u00edstica cada vez que se pese*.<\/p>\n<p class=\"card-text\">\u2022 Cree y administre los diferentes usuarios de su familia para que cada uno lleve el registro personalizado.<\/p>\n<p class=\"card-text\">\u2022 Aplicaci\u00f3n compatible con dispositivos IOS y Android.<\/p>\n<p class=\"card-text o_default_snippet_text\">\u2022 Permite realizar las siguientes mediciones**:<\/p>\n<p class=\"card-text\">\u00a0\u00a0\u00a0\u00a0&#8211; Peso.<\/p>\n<p class=\"card-text\">\u00a0\u00a0\u00a0\u00a0&#8211; BMI &#8211; \u00cdndice de masa corporal.<\/p>\n<p class=\"card-text\">\u00a0\u00a0\u00a0\u00a0&#8211; Peso libre de grasa.<\/p>\n<p class=\"card-text\">\u00a0\u00a0\u00a0\u00a0&#8211; Porcentaje de grasa corporal.<\/p>\n<p class=\"card-text\">\u00a0\u00a0\u00a0\u00a0&#8211; Porcentaje de Agua.<\/p>\n<p class=\"card-text\">\u00a0\u00a0\u00a0\u00a0&#8211; Masa muscular.<\/p>\n<p class=\"card-text\">\u00a0\u00a0\u00a0\u00a0&#8211; Calor\u00edas.<\/p>\n<p class=\"card-text\">\u00a0\u00a0\u00a0\u00a0&#8211; Nivel de grasa visceral.<\/p>\n<p class=\"card-text\">\u00a0\u00a0\u00a0\u00a0&#8211; Prote\u00ednas<\/p>\n<p class=\"card-text\">\u00a0\u00a0\u00a0\u00a0&#8211; Masa \u00f3sea<\/p>\n<p class=\"card-text\">\u2022 Superficie en vidrio templado de 6mm de espesor de gran resistencia.<\/p>\n<p class=\"card-text\">\u2022 Dise\u00f1o elegante de f\u00e1cil configuraci\u00f3n.<\/p>\n<p class=\"card-text\">\u2022 Pantalla LCD de gran tama\u00f1o y f\u00e1cil lectura.<\/p>\n<p class=\"card-text\">\u2022 Alerta de bater\u00edas bajas y peso m\u00e1ximo soportado.<\/p>\n<p class=\"card-text\">\u2022 Apagado autom\u00e1tico por inactividad.<\/p>\n<p class=\"card-text\">\u2022 Uso interior.<\/p>\n","protected":false},"excerpt":{"rendered":"<div class=\"o_not_editable\">\n<p class=\"te_prod_desc\">&#8211; Inteligente recargable con conexi\u00f3n Wi-Fi<br \/>\n&#8211; Control desde la aplicaci\u00f3n<br \/>\n&#8211; Administra diferentes usuarios<br \/>\n&#8211; 10 distintos tipos de mediciones<br \/>\n&#8211; Superficie en vidrio templado de 6mm<br \/>\n&#8211; Dise\u00f1o elegante de f\u00e1cil configuraci\u00f3n<br \/>\n&#8211; Pantalla LCD de gran tama\u00f1o y f\u00e1cil lectura<br \/>\n&#8211; Alerta de bater\u00eda bajas y peso m\u00e1ximo soportado<br \/>\n&#8211; Apagado autom\u00e1tico por inactividad<br \/>\n&#8211; Capacidad minima 6.6lbs \/ 3kg<br \/>\n&#8211; Capacidad m\u00e1xima 396lbs \/ 180kg<br \/>\n&#8211; Unidad: Kg \/ Lb \/ LB-St.<\/p>\n<\/div>\n<div class=\"timer_data\">\n<div class=\"timer_input\"><\/div>\n<\/div>\n<div class=\"te_display_end_date\"><\/div>\n<form action=\"https:\/\/www.mytec.com.gt\/shop\/cart\/update\" method=\"POST\">&nbsp;<\/p>\n<\/form>\n","protected":false},"featured_media":5554,"comment_status":"open","ping_status":"closed","template":"","meta":{"om_disable_all_campaigns":false,"_mi_skip_tracking":false,"site-sidebar-layout":"default","site-content-layout":"default","ast-global-header-display":"","ast-main-header-display":"","ast-hfb-above-header-display":"","ast-hfb-below-header-display":"","ast-hfb-mobile-header-display":"","site-post-title":"","ast-breadcrumbs-content":"","ast-featured-img":"","footer-sml-layout":"","theme-transparent-header-meta":"default","adv-header-id-meta":"","stick-header-meta":"","header-above-stick-meta":"","header-main-stick-meta":"","header-below-stick-meta":""},"product_cat":[155],"product_tag":[],"class_list":["post-5553","product","type-product","status-publish","has-post-thumbnail","hentry","product_cat-basculas","desktop-align-left","tablet-align-left","mobile-align-left"],"aioseo_notices":[],"_links":{"self":[{"href":"https:\/\/tecnomerch.com\/index.php\/wp-json\/wp\/v2\/product\/5553","targetHints":{"allow":["GET"]}}],"collection":[{"href":"https:\/\/tecnomerch.com\/index.php\/wp-json\/wp\/v2\/product"}],"about":[{"href":"https:\/\/tecnomerch.com\/index.php\/wp-json\/wp\/v2\/types\/product"}],"replies":[{"embeddable":true,"href":"https:\/\/tecnomerch.com\/index.php\/wp-json\/wp\/v2\/comments?post=5553"}],"version-history":[{"count":1,"href":"https:\/\/tecnomerch.com\/index.php\/wp-json\/wp\/v2\/product\/5553\/revisions"}],"predecessor-version":[{"id":5555,"href":"https:\/\/tecnomerch.com\/index.php\/wp-json\/wp\/v2\/product\/5553\/revisions\/5555"}],"wp:featuredmedia":[{"embeddable":true,"href":"https:\/\/tecnomerch.com\/index.php\/wp-json\/wp\/v2\/media\/5554"}],"wp:attachment":[{"href":"https:\/\/tecnomerch.com\/index.php\/wp-json\/wp\/v2\/media?parent=5553"}],"wp:term":[{"taxonomy":"product_cat","embeddable":true,"href":"https:\/\/tecnomerch.com\/index.php\/wp-json\/wp\/v2\/product_cat?post=5553"},{"taxonomy":"product_tag","embeddable":true,"href":"https:\/\/tecnomerch.com\/index.php\/wp-json\/wp\/v2\/product_tag?post=5553"}],"curies":[{"name":"wp","href":"https:\/\/api.w.org\/{rel}","templated":true}]}}