{"id":5542,"date":"2023-12-02T05:20:22","date_gmt":"2023-12-02T05:20:22","guid":{"rendered":"https:\/\/tecnomerch.com\/?post_type=product&#038;p=5542"},"modified":"2023-12-02T05:20:23","modified_gmt":"2023-12-02T05:20:23","slug":"interruptor-inteligente-sencillo-vta-connect-iot-smart-home-wi-fi","status":"publish","type":"product","link":"https:\/\/tecnomerch.com\/index.php\/product\/interruptor-inteligente-sencillo-vta-connect-iot-smart-home-wi-fi\/","title":{"rendered":"Interruptor Inteligente Sencillo VTA+ Connect IOT Smart Home Wi-Fi"},"content":{"rendered":"<p class=\"card-text o_default_snippet_text\">\u2022 Interruptor t\u00e1ctil sencillo con activaci\u00f3n remota por Aplicaci\u00f3n.<\/p>\n<p class=\"card-text\">\u2022 Controle de forma manual o remota sus bombillos o iluminaci\u00f3n, Programe el tiempo de encendido o apagado<\/p>\n<p class=\"card-text o_default_snippet_text\">\u2022 Activaci\u00f3n desde la aplicaci\u00f3n menor a 2 segundos.<\/p>\n<p class=\"card-text o_default_snippet_text\">\u2022 Dise\u00f1o elegante y compacto de f\u00e1cil instalaci\u00f3n y configuraci\u00f3n.<\/p>\n<p class=\"card-text o_default_snippet_text\">\u2022 Modo de instalaci\u00f3n: empotrado en la pared<\/p>\n<p class=\"card-text\">\u2022 Acabados perfectos con materiales de alta resistencia<\/p>\n","protected":false},"excerpt":{"rendered":"<p>&#8211; Control de forma \u201ct\u00e1ctil\u201d o a trav\u00e9s de la aplicaci\u00f3n<br \/>\n&#8211; Programe el tiempo de encendido o apagado<br \/>\n&#8211; Activaci\u00f3n desde la aplicaci\u00f3n menor a 2 segundos<br \/>\n&#8211; Dise\u00f1o elegante y compacto de f\u00e1cil instalaci\u00f3n y configuraci\u00f3n<br \/>\n&#8211; Modo de instalaci\u00f3n: empotrado en la pared<br \/>\n&#8211; Compatible para control con asistentes de voz<br \/>\n&#8211; Acabados perfectos con materiales de alta resistencia<br \/>\n&#8211; Voltaje de operaci\u00f3n: 125 VAC 60Hz<br \/>\n&#8211; Corriente: 10 A<br \/>\n&#8211; Potencia: 800W<br \/>\n&#8211; Eficiencia =90%<br \/>\n&#8211; Frecuencia de transmisi\u00f3n y recepci\u00f3n inal\u00e1mbrica: 2.4GHz<\/p>\n","protected":false},"featured_media":5543,"comment_status":"open","ping_status":"closed","template":"","meta":{"om_disable_all_campaigns":false,"_mi_skip_tracking":false,"site-sidebar-layout":"default","site-content-layout":"default","ast-global-header-display":"","ast-main-header-display":"","ast-hfb-above-header-display":"","ast-hfb-below-header-display":"","ast-hfb-mobile-header-display":"","site-post-title":"","ast-breadcrumbs-content":"","ast-featured-img":"","footer-sml-layout":"","theme-transparent-header-meta":"default","adv-header-id-meta":"","stick-header-meta":"","header-above-stick-meta":"","header-main-stick-meta":"","header-below-stick-meta":""},"product_cat":[154,149],"product_tag":[],"class_list":["post-5542","product","type-product","status-publish","has-post-thumbnail","hentry","product_cat-electricos","product_cat-smarthome","desktop-align-left","tablet-align-left","mobile-align-left"],"aioseo_notices":[],"_links":{"self":[{"href":"https:\/\/tecnomerch.com\/index.php\/wp-json\/wp\/v2\/product\/5542","targetHints":{"allow":["GET"]}}],"collection":[{"href":"https:\/\/tecnomerch.com\/index.php\/wp-json\/wp\/v2\/product"}],"about":[{"href":"https:\/\/tecnomerch.com\/index.php\/wp-json\/wp\/v2\/types\/product"}],"replies":[{"embeddable":true,"href":"https:\/\/tecnomerch.com\/index.php\/wp-json\/wp\/v2\/comments?post=5542"}],"version-history":[{"count":2,"href":"https:\/\/tecnomerch.com\/index.php\/wp-json\/wp\/v2\/product\/5542\/revisions"}],"predecessor-version":[{"id":5545,"href":"https:\/\/tecnomerch.com\/index.php\/wp-json\/wp\/v2\/product\/5542\/revisions\/5545"}],"wp:featuredmedia":[{"embeddable":true,"href":"https:\/\/tecnomerch.com\/index.php\/wp-json\/wp\/v2\/media\/5543"}],"wp:attachment":[{"href":"https:\/\/tecnomerch.com\/index.php\/wp-json\/wp\/v2\/media?parent=5542"}],"wp:term":[{"taxonomy":"product_cat","embeddable":true,"href":"https:\/\/tecnomerch.com\/index.php\/wp-json\/wp\/v2\/product_cat?post=5542"},{"taxonomy":"product_tag","embeddable":true,"href":"https:\/\/tecnomerch.com\/index.php\/wp-json\/wp\/v2\/product_tag?post=5542"}],"curies":[{"name":"wp","href":"https:\/\/api.w.org\/{rel}","templated":true}]}}