{"id":5532,"date":"2023-12-02T05:14:29","date_gmt":"2023-12-02T05:14:29","guid":{"rendered":"https:\/\/tecnomerch.com\/?post_type=product&#038;p=5532"},"modified":"2023-12-02T05:14:29","modified_gmt":"2023-12-02T05:14:29","slug":"tomacorriente-inteligente-vta-cube-smart-home-wi-fi","status":"publish","type":"product","link":"https:\/\/tecnomerch.com\/index.php\/product\/tomacorriente-inteligente-vta-cube-smart-home-wi-fi\/","title":{"rendered":"Tomacorriente Inteligente VTA+ Cube Smart Home Wi-Fi"},"content":{"rendered":"<p class=\"card-text o_default_snippet_text\">\u2022 Tomacorriente inteligente con activaci\u00f3n remota por Aplicaci\u00f3n.<\/p>\n<p class=\"card-text\">\u2022 Automatice y controle su dispositivo de forma remota, programe el tiempo de\u00a0encendido o apagado, una cuenta regresiva o cree rutinas de encendido\u00a0desde la aplicaci\u00f3n.<\/p>\n<p class=\"card-text\">\u2022 Perfecto para dispositivos de dif\u00edcil acceso que no cuentan con tomacorriente\u00a0de encendido\/Apagado.<\/p>\n<p class=\"card-text o_default_snippet_text\">\u2022 Activaci\u00f3n desde la aplicaci\u00f3n menor a 2 segundos.<\/p>\n<p class=\"card-text o_default_snippet_text\">\u2022 Dise\u00f1o elegante y compacto.<\/p>\n<p class=\"card-text o_default_snippet_text\">\u2022 1 salida de voltaje polo a tierra.<\/p>\n<p class=\"card-text o_default_snippet_text\">\u2022 F\u00e1cil instalaci\u00f3n y configuraci\u00f3n.<\/p>\n<p class=\"card-text o_default_snippet_text\">\u2022 Uso en interior.<\/p>\n<p class=\"card-text\">\u2022 Color blanco.<\/p>\n","protected":false},"excerpt":{"rendered":"<p>&#8211; Tomacorriente inteligente con activaci\u00f3n remota por Aplicaci\u00f3n<br \/>\n&#8211; Automatice y controle su dispositivo de forma remota<br \/>\n&#8211; Programe el tiempo de encendido o apagado, una cuenta regresiva<br \/>\n&#8211; Cree rutinas de encendido desde la aplicaci\u00f3n<br \/>\n&#8211; Activaci\u00f3n desde la aplicaci\u00f3n menor a 2 segundos<br \/>\n&#8211; Dise\u00f1o elegante y compacto<br \/>\n&#8211; 1 salida de voltaje polo a tierra<br \/>\n&#8211; F\u00e1cil instalaci\u00f3n y configuraci\u00f3n<br \/>\n&#8211; Uso en interior<br \/>\n&#8211; Voltaje de operaci\u00f3n: 125 VAC 60Hz<br \/>\n&#8211; Corriente: 15 A<br \/>\n&#8211; Potencia: 1875W<br \/>\n&#8211; Eficiencia \u226590%<br \/>\n&#8211; Frecuencia de transmisi\u00f3n 2.4GHz<br \/>\n&#8211; Compatible con asistente de voz<\/p>\n","protected":false},"featured_media":5533,"comment_status":"open","ping_status":"closed","template":"","meta":{"om_disable_all_campaigns":false,"_mi_skip_tracking":false,"site-sidebar-layout":"default","site-content-layout":"default","ast-global-header-display":"","ast-main-header-display":"","ast-hfb-above-header-display":"","ast-hfb-below-header-display":"","ast-hfb-mobile-header-display":"","site-post-title":"","ast-breadcrumbs-content":"","ast-featured-img":"","footer-sml-layout":"","theme-transparent-header-meta":"default","adv-header-id-meta":"","stick-header-meta":"","header-above-stick-meta":"","header-main-stick-meta":"","header-below-stick-meta":""},"product_cat":[154,149],"product_tag":[],"class_list":["post-5532","product","type-product","status-publish","has-post-thumbnail","hentry","product_cat-electricos","product_cat-smarthome","desktop-align-left","tablet-align-left","mobile-align-left"],"aioseo_notices":[],"_links":{"self":[{"href":"https:\/\/tecnomerch.com\/index.php\/wp-json\/wp\/v2\/product\/5532","targetHints":{"allow":["GET"]}}],"collection":[{"href":"https:\/\/tecnomerch.com\/index.php\/wp-json\/wp\/v2\/product"}],"about":[{"href":"https:\/\/tecnomerch.com\/index.php\/wp-json\/wp\/v2\/types\/product"}],"replies":[{"embeddable":true,"href":"https:\/\/tecnomerch.com\/index.php\/wp-json\/wp\/v2\/comments?post=5532"}],"version-history":[{"count":2,"href":"https:\/\/tecnomerch.com\/index.php\/wp-json\/wp\/v2\/product\/5532\/revisions"}],"predecessor-version":[{"id":5535,"href":"https:\/\/tecnomerch.com\/index.php\/wp-json\/wp\/v2\/product\/5532\/revisions\/5535"}],"wp:featuredmedia":[{"embeddable":true,"href":"https:\/\/tecnomerch.com\/index.php\/wp-json\/wp\/v2\/media\/5533"}],"wp:attachment":[{"href":"https:\/\/tecnomerch.com\/index.php\/wp-json\/wp\/v2\/media?parent=5532"}],"wp:term":[{"taxonomy":"product_cat","embeddable":true,"href":"https:\/\/tecnomerch.com\/index.php\/wp-json\/wp\/v2\/product_cat?post=5532"},{"taxonomy":"product_tag","embeddable":true,"href":"https:\/\/tecnomerch.com\/index.php\/wp-json\/wp\/v2\/product_tag?post=5532"}],"curies":[{"name":"wp","href":"https:\/\/api.w.org\/{rel}","templated":true}]}}