{"id":5528,"date":"2023-12-02T05:13:02","date_gmt":"2023-12-02T05:13:02","guid":{"rendered":"https:\/\/tecnomerch.com\/?post_type=product&#038;p=5528"},"modified":"2023-12-02T05:13:02","modified_gmt":"2023-12-02T05:13:02","slug":"tomacorriente-inteligente-vta-programable-1-salida-smart-home-wi-fi","status":"publish","type":"product","link":"https:\/\/tecnomerch.com\/index.php\/product\/tomacorriente-inteligente-vta-programable-1-salida-smart-home-wi-fi\/","title":{"rendered":"Tomacorriente Inteligente VTA+ Programable 1 Salida Smart Home Wi-Fi"},"content":{"rendered":"<p class=\"card-text o_default_snippet_text\">\u2022 Tomacorriente con 1 salida de voltaje polo a tierra.<\/p>\n<p class=\"card-text\">\u2022 Automatice y controle sus dispositivos de forma remota, programe tiempos de\u00a0encendido o apagado, o cree rutinas de encendido desde la aplicaci\u00f3n.<\/p>\n<p class=\"card-text o_default_snippet_text\">\u2022 Dise\u00f1o compacto de f\u00e1cil instalaci\u00f3n y conexi\u00f3n con la aplicaci\u00f3n.<\/p>\n<p class=\"card-text\">\u2022 Controle junto con otros dispositivos de VTA casa inteligente o cree rutinas y\u00a0escenarios desde la aplicaci\u00f3n.<\/p>\n<p class=\"card-text o_default_snippet_text\">\u2022 Aplicaci\u00f3n compatible con dispositivos IOS y Android.<\/p>\n<p class=\"card-text o_default_snippet_text\">\u2022 Compatible con asistentes de voz.<\/p>\n<p class=\"card-text\">\u2022\u00a0 Uso para hogar, domestico, oficina<\/p>\n","protected":false},"excerpt":{"rendered":"<p>&#8211; 1 salida de voltaje polo a tierra<br \/>\n&#8211; Automatice y controle sus dispositivos de forma remota<br \/>\n&#8211; Programe tiempos de encendido o apagado<br \/>\n&#8211; Cree rutinas de encendido desde la aplicaci\u00f3n<br \/>\n&#8211; Dise\u00f1o compacto de f\u00e1cil instalaci\u00f3n y conexi\u00f3n con la aplicaci\u00f3n<br \/>\n&#8211; Controle junto con otros dispositivos de VTA casa inteligente<br \/>\n&#8211; Compatible con asistentes de voz<br \/>\n&#8211; Para uso interior<br \/>\n&#8211; Voltaje de operaci\u00f3n: 125 VAC 60Hz<br \/>\n&#8211; Corriente m\u00e1xima: 10 A<br \/>\n&#8211; Potencia M\u00e1xima: 1200W<br \/>\n&#8211; Eficiencia: \u226590%<br \/>\n&#8211; Frecuencia 2.4GHz (No admite red de 5GHz)<br \/>\n&#8211; Aplicaci\u00f3n compatible con dispositivos IOS y Android<\/p>\n","protected":false},"featured_media":5529,"comment_status":"open","ping_status":"closed","template":"","meta":{"om_disable_all_campaigns":false,"_mi_skip_tracking":false,"site-sidebar-layout":"default","site-content-layout":"default","ast-global-header-display":"","ast-main-header-display":"","ast-hfb-above-header-display":"","ast-hfb-below-header-display":"","ast-hfb-mobile-header-display":"","site-post-title":"","ast-breadcrumbs-content":"","ast-featured-img":"","footer-sml-layout":"","theme-transparent-header-meta":"default","adv-header-id-meta":"","stick-header-meta":"","header-above-stick-meta":"","header-main-stick-meta":"","header-below-stick-meta":""},"product_cat":[154,149],"product_tag":[],"class_list":["post-5528","product","type-product","status-publish","has-post-thumbnail","hentry","product_cat-electricos","product_cat-smarthome","desktop-align-left","tablet-align-left","mobile-align-left"],"aioseo_notices":[],"_links":{"self":[{"href":"https:\/\/tecnomerch.com\/index.php\/wp-json\/wp\/v2\/product\/5528","targetHints":{"allow":["GET"]}}],"collection":[{"href":"https:\/\/tecnomerch.com\/index.php\/wp-json\/wp\/v2\/product"}],"about":[{"href":"https:\/\/tecnomerch.com\/index.php\/wp-json\/wp\/v2\/types\/product"}],"replies":[{"embeddable":true,"href":"https:\/\/tecnomerch.com\/index.php\/wp-json\/wp\/v2\/comments?post=5528"}],"version-history":[{"count":2,"href":"https:\/\/tecnomerch.com\/index.php\/wp-json\/wp\/v2\/product\/5528\/revisions"}],"predecessor-version":[{"id":5531,"href":"https:\/\/tecnomerch.com\/index.php\/wp-json\/wp\/v2\/product\/5528\/revisions\/5531"}],"wp:featuredmedia":[{"embeddable":true,"href":"https:\/\/tecnomerch.com\/index.php\/wp-json\/wp\/v2\/media\/5529"}],"wp:attachment":[{"href":"https:\/\/tecnomerch.com\/index.php\/wp-json\/wp\/v2\/media?parent=5528"}],"wp:term":[{"taxonomy":"product_cat","embeddable":true,"href":"https:\/\/tecnomerch.com\/index.php\/wp-json\/wp\/v2\/product_cat?post=5528"},{"taxonomy":"product_tag","embeddable":true,"href":"https:\/\/tecnomerch.com\/index.php\/wp-json\/wp\/v2\/product_tag?post=5528"}],"curies":[{"name":"wp","href":"https:\/\/api.w.org\/{rel}","templated":true}]}}