{"id":5524,"date":"2023-12-02T05:11:57","date_gmt":"2023-12-02T05:11:57","guid":{"rendered":"https:\/\/tecnomerch.com\/?post_type=product&#038;p=5524"},"modified":"2023-12-02T05:11:57","modified_gmt":"2023-12-02T05:11:57","slug":"multitoma-inteligente-vta-3-salidas-usb-smart-home-wi-fi","status":"publish","type":"product","link":"https:\/\/tecnomerch.com\/index.php\/product\/multitoma-inteligente-vta-3-salidas-usb-smart-home-wi-fi\/","title":{"rendered":"Multitoma Inteligente VTA+ 3 Salidas + USB  Smart Home Wi-Fi"},"content":{"rendered":"<p class=\"card-text o_default_snippet_text\">\u2022 Multitoma Inteligente con Supresor de picos de 3 salidas polo a tierra.<\/p>\n<p class=\"card-text\">\u2022 Automatice y controle sus dispositivos de forma remota, programe tiempos de\u00a0encendido o apagado, o cree rutinas de encendido desde la aplicaci\u00f3n.<\/p>\n<p class=\"card-text o_default_snippet_text\">\u2022 Incorpora dos puertos USB siempre activos con salida de 2.1A.<\/p>\n<p class=\"card-text o_default_snippet_text\">\u2022 Dise\u00f1o compacto de f\u00e1cil instalaci\u00f3n y conexi\u00f3n con la aplicaci\u00f3n.<\/p>\n<p class=\"card-text o_default_snippet_text\">\u2022 Aplicaci\u00f3n m\u00f3vil compatible con dispositivos IOS y Android.<\/p>\n<p class=\"card-text\">\u2022 Conectividad inal\u00e1mbrica WIFI (IEEE802.11b \/ g \/ n) con Frecuencia de 2.4G\u00a0(No es compatible con 5G).<\/p>\n<p class=\"card-text o_default_snippet_text\">\u2022 Indicador LED de protecci\u00f3n contra sobretensiones.<\/p>\n<p class=\"card-text\">\u2022 Para uso interior2<\/p>\n","protected":false},"excerpt":{"rendered":"<p>&#8211; Multitoma Inteligente con Supresor de picos de 3 salidas polo a tierra<br \/>\n&#8211; Automatice y controle sus dispositivos de forma remota<br \/>\n&#8211; Programe tiempos de encendido o apagado<br \/>\n&#8211; Cree rutinas de encendido desde la aplicaci\u00f3n<br \/>\n&#8211; Incorpora dos puertos USB siempre activos 2.1A<br \/>\n&#8211; Wi-Fi IEEE802.11b\/g\/n 2.4G (No es compatible con 5G)<br \/>\n&#8211; Indicador LED de protecci\u00f3n contra sobretensiones<br \/>\n&#8211; Para uso interior<br \/>\n&#8211; Supresor de 245 Julios<br \/>\n&#8211; Voltaje de operaci\u00f3n: 125 VAC 60Hz<br \/>\n&#8211; Corriente: 15 A<br \/>\n&#8211; Potencia: 1875W<br \/>\n&#8211; Eficiencia: \u226590%<br \/>\n&#8211; Dos puertos USB 2.0<br \/>\n&#8211; Voltaje de salida: 5V DC<br \/>\n&#8211; Dise\u00f1o compacto de f\u00e1cil instalaci\u00f3n<br \/>\n&#8211; Compatible para control con asistentes de voz<br \/>\n&#8211; Aplicaci\u00f3n m\u00f3vil compatible con dispositivos IOS y Android<\/p>\n","protected":false},"featured_media":5525,"comment_status":"open","ping_status":"closed","template":"","meta":{"om_disable_all_campaigns":false,"_mi_skip_tracking":false,"site-sidebar-layout":"default","site-content-layout":"default","ast-global-header-display":"","ast-main-header-display":"","ast-hfb-above-header-display":"","ast-hfb-below-header-display":"","ast-hfb-mobile-header-display":"","site-post-title":"","ast-breadcrumbs-content":"","ast-featured-img":"","footer-sml-layout":"","theme-transparent-header-meta":"default","adv-header-id-meta":"","stick-header-meta":"","header-above-stick-meta":"","header-main-stick-meta":"","header-below-stick-meta":""},"product_cat":[154,149],"product_tag":[],"class_list":["post-5524","product","type-product","status-publish","has-post-thumbnail","hentry","product_cat-electricos","product_cat-smarthome","desktop-align-left","tablet-align-left","mobile-align-left"],"aioseo_notices":[],"_links":{"self":[{"href":"https:\/\/tecnomerch.com\/index.php\/wp-json\/wp\/v2\/product\/5524","targetHints":{"allow":["GET"]}}],"collection":[{"href":"https:\/\/tecnomerch.com\/index.php\/wp-json\/wp\/v2\/product"}],"about":[{"href":"https:\/\/tecnomerch.com\/index.php\/wp-json\/wp\/v2\/types\/product"}],"replies":[{"embeddable":true,"href":"https:\/\/tecnomerch.com\/index.php\/wp-json\/wp\/v2\/comments?post=5524"}],"version-history":[{"count":2,"href":"https:\/\/tecnomerch.com\/index.php\/wp-json\/wp\/v2\/product\/5524\/revisions"}],"predecessor-version":[{"id":5527,"href":"https:\/\/tecnomerch.com\/index.php\/wp-json\/wp\/v2\/product\/5524\/revisions\/5527"}],"wp:featuredmedia":[{"embeddable":true,"href":"https:\/\/tecnomerch.com\/index.php\/wp-json\/wp\/v2\/media\/5525"}],"wp:attachment":[{"href":"https:\/\/tecnomerch.com\/index.php\/wp-json\/wp\/v2\/media?parent=5524"}],"wp:term":[{"taxonomy":"product_cat","embeddable":true,"href":"https:\/\/tecnomerch.com\/index.php\/wp-json\/wp\/v2\/product_cat?post=5524"},{"taxonomy":"product_tag","embeddable":true,"href":"https:\/\/tecnomerch.com\/index.php\/wp-json\/wp\/v2\/product_tag?post=5524"}],"curies":[{"name":"wp","href":"https:\/\/api.w.org\/{rel}","templated":true}]}}