{"id":5498,"date":"2023-12-02T04:30:43","date_gmt":"2023-12-02T04:30:43","guid":{"rendered":"https:\/\/tecnomerch.com\/?post_type=product&#038;p=5498"},"modified":"2023-12-02T04:30:43","modified_gmt":"2023-12-02T04:30:43","slug":"control-de-dispositivos-vta-infrarrojo-negro-smart-home-wi-fi","status":"publish","type":"product","link":"https:\/\/tecnomerch.com\/index.php\/product\/control-de-dispositivos-vta-infrarrojo-negro-smart-home-wi-fi\/","title":{"rendered":"Control de Dispositivos VTA+ Infrarrojo Negro Smart Home Wi-Fi"},"content":{"rendered":"<p class=\"card-text\">\u2022 Controlador universal de dispositivos infrarrojos de tama\u00f1o compact\u00f3.<\/p>\n<p class=\"card-text o_default_snippet_text\">\u2022 Controle desde el celular el aire acondicionado, TV, est\u00e9reo, reproductor de<\/p>\n<p class=\"card-text o_default_snippet_text\">DVD, decodificador, o cualquier dispositivo que utilice control por infrarrojo*.<\/p>\n<p class=\"card-text o_default_snippet_text\">\u2022 Tama\u00f1o reducido y dise\u00f1o sobrio f\u00e1cil de instalar<\/p>\n<p class=\"card-text o_default_snippet_text\">\u2022 Conectividad inal\u00e1mbrica WIFI (IEEE802.11b \/ g \/ n).<\/p>\n<p class=\"card-text o_default_snippet_text\">\u2022 Cable con longitud de 1 metro.<\/p>\n<p class=\"card-text\">\u2022 Uso interior<\/p>\n","protected":false},"excerpt":{"rendered":"<p>&#8211; Controlador universal de dispositivos infrarrojos<br \/>\n&#8211; Controle desde el celular el aire acondicionado, TV, est\u00e9reo, ETC.<br \/>\n&#8211; Conectividad inal\u00e1mbrica Wi-Fi IEEE802.11b \/ g \/ n<br \/>\n&#8211; Cable con longitud de 1 metro<br \/>\n&#8211; Enciende, apaga inteligentemente desde la app<br \/>\n&#8211; Voltaje de operaci\u00f3n: 5V DC \/ 1A<br \/>\n&#8211; Frecuencia infrarroja: 38KHz<br \/>\n&#8211; Distancia m\u00e1xima de control infrarrojo 6 metros<br \/>\n&#8211; Angulo de control infrarrojo: 360\u00b0<br \/>\n&#8211; M\u00e1xima corriente: 110mA<br \/>\n&#8211; Manejo desde la app<br \/>\n&#8211; App compatible con iOs y Android<\/p>\n","protected":false},"featured_media":5499,"comment_status":"open","ping_status":"closed","template":"","meta":{"om_disable_all_campaigns":false,"_mi_skip_tracking":false,"site-sidebar-layout":"default","site-content-layout":"default","ast-global-header-display":"","ast-main-header-display":"","ast-hfb-above-header-display":"","ast-hfb-below-header-display":"","ast-hfb-mobile-header-display":"","site-post-title":"","ast-breadcrumbs-content":"","ast-featured-img":"","footer-sml-layout":"","theme-transparent-header-meta":"default","adv-header-id-meta":"","stick-header-meta":"","header-above-stick-meta":"","header-main-stick-meta":"","header-below-stick-meta":""},"product_cat":[149],"product_tag":[],"class_list":["post-5498","product","type-product","status-publish","has-post-thumbnail","hentry","product_cat-smarthome","desktop-align-left","tablet-align-left","mobile-align-left"],"aioseo_notices":[],"_links":{"self":[{"href":"https:\/\/tecnomerch.com\/index.php\/wp-json\/wp\/v2\/product\/5498","targetHints":{"allow":["GET"]}}],"collection":[{"href":"https:\/\/tecnomerch.com\/index.php\/wp-json\/wp\/v2\/product"}],"about":[{"href":"https:\/\/tecnomerch.com\/index.php\/wp-json\/wp\/v2\/types\/product"}],"replies":[{"embeddable":true,"href":"https:\/\/tecnomerch.com\/index.php\/wp-json\/wp\/v2\/comments?post=5498"}],"version-history":[{"count":1,"href":"https:\/\/tecnomerch.com\/index.php\/wp-json\/wp\/v2\/product\/5498\/revisions"}],"predecessor-version":[{"id":5500,"href":"https:\/\/tecnomerch.com\/index.php\/wp-json\/wp\/v2\/product\/5498\/revisions\/5500"}],"wp:featuredmedia":[{"embeddable":true,"href":"https:\/\/tecnomerch.com\/index.php\/wp-json\/wp\/v2\/media\/5499"}],"wp:attachment":[{"href":"https:\/\/tecnomerch.com\/index.php\/wp-json\/wp\/v2\/media?parent=5498"}],"wp:term":[{"taxonomy":"product_cat","embeddable":true,"href":"https:\/\/tecnomerch.com\/index.php\/wp-json\/wp\/v2\/product_cat?post=5498"},{"taxonomy":"product_tag","embeddable":true,"href":"https:\/\/tecnomerch.com\/index.php\/wp-json\/wp\/v2\/product_tag?post=5498"}],"curies":[{"name":"wp","href":"https:\/\/api.w.org\/{rel}","templated":true}]}}