{"id":5461,"date":"2023-12-01T22:23:41","date_gmt":"2023-12-01T22:23:41","guid":{"rendered":"https:\/\/tecnomerch.com\/?post_type=product&#038;p=5461"},"modified":"2023-12-01T22:23:41","modified_gmt":"2023-12-01T22:23:41","slug":"cerradura-inteligente-vta-vertex-apertura-con-tarjeta-pin-app-smart-home-wifi","status":"publish","type":"product","link":"https:\/\/tecnomerch.com\/index.php\/product\/cerradura-inteligente-vta-vertex-apertura-con-tarjeta-pin-app-smart-home-wifi\/","title":{"rendered":"Cerradura Inteligente VTA+ Vertex Apertura con Tarjeta, Pin, App Smart Home WiFi"},"content":{"rendered":"<p class=\"card-text\">\u2022 4 modos de apertura:<\/p>\n<p class=\"card-text\">\u00a0\u00a0\u00a0\u00a0&#8211; Pin o c\u00f3digo.<\/p>\n<p class=\"card-text\">\u00a0\u00a0\u00a0\u00a0&#8211; Tarjeta IC.<\/p>\n<p class=\"card-text\">\u00a0\u00a0\u00a0\u00a0&#8211; Llave f\u00edsica.<\/p>\n<p class=\"card-text\">\u00a0\u00a0\u00a0\u00a0&#8211; C\u00f3digo virtual por aplicaci\u00f3n.<\/p>\n<p class=\"card-text\">\u2022 Uso interior\/Exterior, con grado de protecci\u00f3n IP65.<\/p>\n<p class=\"card-text\">\u2022 Conectividad inal\u00e1mbrica WIFI (IEEE802.11b\/g\/n) de 2.4GHz. (No es\u00a0compatible con 5GHz).<\/p>\n<p class=\"card-text\">\u2022 Automatizaci\u00f3n con otros dispositivos.<\/p>\n<p class=\"card-text\">\u2022 Funci\u00f3n anti-mirones y bloqueo por intentos fallidos de apertura.<\/p>\n<p class=\"card-text\">\u2022 \u00datil para apertura izquierda o derecha en puertas de madera o acero.<\/p>\n<p class=\"card-text\">\u2022 Fabricada en aleaci\u00f3n de aluminio de alta resistencia.<\/p>\n","protected":false},"excerpt":{"rendered":"<p>&#8211; 4 modos de apertura: Pin o c\u00f3digo, Tarjeta IC, Llave f\u00edsica, C\u00f3digo virtual por aplicaci\u00f3n<br \/>\n&#8211; Contrase\u00f1a o pin de 4 a 8 d\u00edgitos<br \/>\n&#8211; Pestillo de seguridad<br \/>\n&#8211; Datos con canales cifrados<br \/>\n&#8211; Historial de eventos de apertura y cierre<br \/>\n&#8211; Protecci\u00f3n IP65 para uso interior \/ exterior<br \/>\n&#8211; Funci\u00f3n de campana o timbre<br \/>\n&#8211; M\u00faltiples usuarios<br \/>\n&#8211; Compatible con aperturas izquierda o derecha<br \/>\n&#8211; Contrase\u00f1as temporales para invitados<br \/>\n&#8211; Notificaci\u00f3n de bater\u00eda baja<br \/>\n&#8211; Bloqueos por intentos fallidos de apertura<br \/>\n&#8211; Funci\u00f3n anti-mirones<br \/>\n&#8211; Solicitud remota de apertura<br \/>\n&#8211; Notificaciones en tiempo real<br \/>\n&#8211; Puerto para energ\u00eda de emergencia<br \/>\n&#8211; Automatizaci\u00f3n con otros dispositivos<br \/>\n&#8211; Wi-Fi IEEE802.11b\/g\/n de 2.4GHz. (No es compatible con 5GHz)<br \/>\n&#8211; Voltaje de operaci\u00f3n: 6VDC<br \/>\n&#8211; 4 bater\u00edas AA<br \/>\n&#8211; Autonom\u00eda de las bater\u00edas de 10 a 12 meses aprox.<br \/>\n&#8211; 5VDC de respaldo por micro USB<br \/>\n&#8211; Compatible en puertas con espesor: 35-60mm<\/p>\n","protected":false},"featured_media":5462,"comment_status":"open","ping_status":"closed","template":"","meta":{"om_disable_all_campaigns":false,"_mi_skip_tracking":false,"site-sidebar-layout":"default","site-content-layout":"default","ast-global-header-display":"","ast-main-header-display":"","ast-hfb-above-header-display":"","ast-hfb-below-header-display":"","ast-hfb-mobile-header-display":"","site-post-title":"","ast-breadcrumbs-content":"","ast-featured-img":"","footer-sml-layout":"","theme-transparent-header-meta":"default","adv-header-id-meta":"","stick-header-meta":"","header-above-stick-meta":"","header-main-stick-meta":"","header-below-stick-meta":""},"product_cat":[151,149],"product_tag":[],"class_list":["post-5461","product","type-product","status-publish","has-post-thumbnail","hentry","product_cat-cerraduras","product_cat-smarthome","desktop-align-left","tablet-align-left","mobile-align-left"],"aioseo_notices":[],"_links":{"self":[{"href":"https:\/\/tecnomerch.com\/index.php\/wp-json\/wp\/v2\/product\/5461","targetHints":{"allow":["GET"]}}],"collection":[{"href":"https:\/\/tecnomerch.com\/index.php\/wp-json\/wp\/v2\/product"}],"about":[{"href":"https:\/\/tecnomerch.com\/index.php\/wp-json\/wp\/v2\/types\/product"}],"replies":[{"embeddable":true,"href":"https:\/\/tecnomerch.com\/index.php\/wp-json\/wp\/v2\/comments?post=5461"}],"version-history":[{"count":1,"href":"https:\/\/tecnomerch.com\/index.php\/wp-json\/wp\/v2\/product\/5461\/revisions"}],"predecessor-version":[{"id":5463,"href":"https:\/\/tecnomerch.com\/index.php\/wp-json\/wp\/v2\/product\/5461\/revisions\/5463"}],"wp:featuredmedia":[{"embeddable":true,"href":"https:\/\/tecnomerch.com\/index.php\/wp-json\/wp\/v2\/media\/5462"}],"wp:attachment":[{"href":"https:\/\/tecnomerch.com\/index.php\/wp-json\/wp\/v2\/media?parent=5461"}],"wp:term":[{"taxonomy":"product_cat","embeddable":true,"href":"https:\/\/tecnomerch.com\/index.php\/wp-json\/wp\/v2\/product_cat?post=5461"},{"taxonomy":"product_tag","embeddable":true,"href":"https:\/\/tecnomerch.com\/index.php\/wp-json\/wp\/v2\/product_tag?post=5461"}],"curies":[{"name":"wp","href":"https:\/\/api.w.org\/{rel}","templated":true}]}}