{"id":5458,"date":"2023-12-01T22:22:22","date_gmt":"2023-12-01T22:22:22","guid":{"rendered":"https:\/\/tecnomerch.com\/?post_type=product&#038;p=5458"},"modified":"2023-12-01T22:22:22","modified_gmt":"2023-12-01T22:22:22","slug":"cerradura-inteligente-vta-vertex-tipo-manija-smart-home-wi-fi","status":"publish","type":"product","link":"https:\/\/tecnomerch.com\/index.php\/product\/cerradura-inteligente-vta-vertex-tipo-manija-smart-home-wi-fi\/","title":{"rendered":"Cerradura Inteligente VTA+ Vertex Tipo Manija Smart Home Wi-Fi"},"content":{"rendered":"<p class=\"card-text\">\u2022 Cerradura inteligente con sistema de apertura m\u00faltiple, Controla la apertura\u00a0de forma remota o presencial.<\/p>\n<p class=\"card-text o_default_snippet_text\">\u2022 Apertura mediante:<\/p>\n<p class=\"card-text o_default_snippet_text\">\u2022 Huella digital.<\/p>\n<p class=\"card-text o_default_snippet_text\">\u2022 Pin o c\u00f3digo.<\/p>\n<p class=\"card-text o_default_snippet_text\">\u2022 Tarjeta RFID.<\/p>\n<p class=\"card-text o_default_snippet_text\">\u2022 Llave f\u00edsica.<\/p>\n<p class=\"card-text o_default_snippet_text\">\u2022 C\u00f3digo virtual por aplicaci\u00f3n.<\/p>\n<p class=\"card-text\">\u2022 Conexi\u00f3n Wifi para gesti\u00f3n desde la aplicaci\u00f3n, Historial de las aperturas y\u00a0eventos en la cerradura, gesti\u00f3n de usuarios.<\/p>\n<p class=\"card-text\">\u2022 Doble pestillo de seguridad con mecanismo anti manipulaci\u00f3n, y bot\u00f3n de\u00a0privacidad.<\/p>\n<p class=\"card-text\">\u2022 Funci\u00f3n campana o timbre, c\u00f3digo anti-mirones y bloqueo por intentos fallidos\u00a0de apertura.<\/p>\n<p class=\"card-text\">\u2022 Conectividad inal\u00e1mbrica WIFI (IEEE802.11b\/g\/n) de 2.4GHz. (No es\u00a0compatible con 5GHz).<\/p>\n<p class=\"card-text o_default_snippet_text\">\u2022 \u00datil para apertura izquierda o derecha en puertas de madera o acero.<\/p>\n<p class=\"card-text o_default_snippet_text\">\u2022 Fabricada en aleaci\u00f3n de aluminio de alta resistencia.<\/p>\n<p class=\"card-text\">\u2022 Uso interior\/Exterior, con grado de protecci\u00f3n IP65.<\/p>\n","protected":false},"excerpt":{"rendered":"<p>&#8211; 5 modos de apertura: Huella, Tarjeta IC, Aplicaci\u00f3n, Contrase\u00f1a o PIN, Llave de seguridad<br \/>\n&#8211; Contrase\u00f1a o pin de 4 a 8 d\u00edgitos<br \/>\n&#8211; Pestillo de seguridad<br \/>\n&#8211; Datos con canales cifrados<br \/>\n&#8211; Historial de eventos de apertura y cierre<br \/>\n&#8211; Protecci\u00f3n IP65 para uso Interior \/ Exterior<br \/>\n&#8211; Funci\u00f3n de campana o timbre<br \/>\n&#8211; M\u00faltiples usuarios<br \/>\n&#8211; Compatible con aperturas izquierda o derecha<br \/>\n&#8211; Contrase\u00f1as temporales para invitados<br \/>\n&#8211; Notificaci\u00f3n de bater\u00eda baja<br \/>\n&#8211; Bloqueo por intentos fallidos de apertura<br \/>\n&#8211; Funci\u00f3n anti-mirones<br \/>\n&#8211; Reconocimiento de huella 360\u00ba<br \/>\n&#8211; Solicitud remota de apertura<br \/>\n&#8211; Notificaciones en tiempo real<br \/>\n&#8211; Puerto para energ\u00eda de emergencia<br \/>\n&#8211; Automatizaci\u00f3n con otros dispositivos<br \/>\n&#8211; Wi-Fi IEEE802.11b\/g\/n de 2.4GHz. (No es compatible con 5GHz)<br \/>\n&#8211; Fabricada en aleaci\u00f3n de aluminio de alta resistencia<br \/>\n&#8211; Voltaje de operaci\u00f3n: 6VDC, 4 bater\u00edas AA<br \/>\n&#8211; 5VDC de respaldo por micro USB<br \/>\n&#8211; Autonom\u00eda de las bater\u00edas: 7000 veces (10 a 12 meses)<br \/>\n&#8211; Velocidad de reconocimiento de la huella: \u22641s<br \/>\n&#8211; Compatible en puertas con espesor: 35-55mm<\/p>\n","protected":false},"featured_media":5459,"comment_status":"open","ping_status":"closed","template":"","meta":{"om_disable_all_campaigns":false,"_mi_skip_tracking":false,"site-sidebar-layout":"default","site-content-layout":"default","ast-global-header-display":"","ast-main-header-display":"","ast-hfb-above-header-display":"","ast-hfb-below-header-display":"","ast-hfb-mobile-header-display":"","site-post-title":"","ast-breadcrumbs-content":"","ast-featured-img":"","footer-sml-layout":"","theme-transparent-header-meta":"default","adv-header-id-meta":"","stick-header-meta":"","header-above-stick-meta":"","header-main-stick-meta":"","header-below-stick-meta":""},"product_cat":[151,149],"product_tag":[],"class_list":["post-5458","product","type-product","status-publish","has-post-thumbnail","hentry","product_cat-cerraduras","product_cat-smarthome","desktop-align-left","tablet-align-left","mobile-align-left"],"aioseo_notices":[],"_links":{"self":[{"href":"https:\/\/tecnomerch.com\/index.php\/wp-json\/wp\/v2\/product\/5458","targetHints":{"allow":["GET"]}}],"collection":[{"href":"https:\/\/tecnomerch.com\/index.php\/wp-json\/wp\/v2\/product"}],"about":[{"href":"https:\/\/tecnomerch.com\/index.php\/wp-json\/wp\/v2\/types\/product"}],"replies":[{"embeddable":true,"href":"https:\/\/tecnomerch.com\/index.php\/wp-json\/wp\/v2\/comments?post=5458"}],"version-history":[{"count":1,"href":"https:\/\/tecnomerch.com\/index.php\/wp-json\/wp\/v2\/product\/5458\/revisions"}],"predecessor-version":[{"id":5460,"href":"https:\/\/tecnomerch.com\/index.php\/wp-json\/wp\/v2\/product\/5458\/revisions\/5460"}],"wp:featuredmedia":[{"embeddable":true,"href":"https:\/\/tecnomerch.com\/index.php\/wp-json\/wp\/v2\/media\/5459"}],"wp:attachment":[{"href":"https:\/\/tecnomerch.com\/index.php\/wp-json\/wp\/v2\/media?parent=5458"}],"wp:term":[{"taxonomy":"product_cat","embeddable":true,"href":"https:\/\/tecnomerch.com\/index.php\/wp-json\/wp\/v2\/product_cat?post=5458"},{"taxonomy":"product_tag","embeddable":true,"href":"https:\/\/tecnomerch.com\/index.php\/wp-json\/wp\/v2\/product_tag?post=5458"}],"curies":[{"name":"wp","href":"https:\/\/api.w.org\/{rel}","templated":true}]}}