{"id":5455,"date":"2023-12-01T22:17:16","date_gmt":"2023-12-01T22:17:16","guid":{"rendered":"https:\/\/tecnomerch.com\/?post_type=product&#038;p=5455"},"modified":"2025-09-28T11:14:04","modified_gmt":"2025-09-28T11:14:04","slug":"proyector-de-galaxias-inteligente-vta-nebula-smart-home-wi-fi","status":"publish","type":"product","link":"https:\/\/tecnomerch.com\/index.php\/product\/proyector-de-galaxias-inteligente-vta-nebula-smart-home-wi-fi\/","title":{"rendered":"Proyector de Galaxias Inteligente VTA+ Nebula Smart Home Wi-Fi"},"content":{"rendered":"<p class=\"card-text o_default_snippet_text\">\u2022 Proyector inteligente con efecto de luces nebulosas.<\/p>\n<p class=\"card-text\">\u2022 Proyecci\u00f3n din\u00e1mica con rotaci\u00f3n, luces de estrellas que crean una atmosfera agradable y relajante.<\/p>\n<p class=\"card-text o_default_snippet_text\">\u2022 Base con pesta\u00f1as, para ajustar en 3 diferentes posiciones.<\/p>\n<p class=\"card-text o_default_snippet_text\">\u2022 Automatice y controle de forma remota, programe tiempos de encendido o<\/p>\n<p class=\"card-text o_default_snippet_text\">apagado.<\/p>\n<p class=\"card-text o_default_snippet_text\">\u2022 Compatible por control de voz.<\/p>\n<p class=\"card-text\">\u2022 Aplicaci\u00f3n m\u00f3vil compatible con dispositivos IOS y Android.<\/p>\n<p class=\"card-text\">APLICACIONES \/ USO: Hogar, oficinas, bodegas.<\/p>\n","protected":false},"excerpt":{"rendered":"<p>&#8211; Luces de estrellas y nebulosas<br \/>\n&#8211; Ajuste en 3 diferentes posiciones<br \/>\n&#8211; Activaci\u00f3n remota desde la APP<br \/>\n&#8211; Proyecci\u00f3n din\u00e1mica con rotaci\u00f3n<br \/>\n&#8211; L\u00e1ser con efectos<br \/>\n&#8211; Millones de colores para elegir<br \/>\n&#8211; Automatice y controle de forma remota<br \/>\n&#8211; Programe tiempos de encendido o apagado<br \/>\n&#8211; Compatible con asistentes de voz<br \/>\n&#8211; Voltaje de operaci\u00f3n 5V\/DC 1A<\/p>\n","protected":false},"featured_media":5456,"comment_status":"open","ping_status":"closed","template":"","meta":{"om_disable_all_campaigns":false,"_mi_skip_tracking":false,"site-sidebar-layout":"default","site-content-layout":"default","ast-global-header-display":"","ast-main-header-display":"","ast-hfb-above-header-display":"","ast-hfb-below-header-display":"","ast-hfb-mobile-header-display":"","site-post-title":"","ast-breadcrumbs-content":"","ast-featured-img":"","footer-sml-layout":"","theme-transparent-header-meta":"default","adv-header-id-meta":"","stick-header-meta":"","header-above-stick-meta":"","header-main-stick-meta":"","header-below-stick-meta":""},"product_cat":[131],"product_tag":[],"class_list":["post-5455","product","type-product","status-publish","has-post-thumbnail","hentry","product_cat-proyectores","desktop-align-left","tablet-align-left","mobile-align-left"],"aioseo_notices":[],"_links":{"self":[{"href":"https:\/\/tecnomerch.com\/index.php\/wp-json\/wp\/v2\/product\/5455","targetHints":{"allow":["GET"]}}],"collection":[{"href":"https:\/\/tecnomerch.com\/index.php\/wp-json\/wp\/v2\/product"}],"about":[{"href":"https:\/\/tecnomerch.com\/index.php\/wp-json\/wp\/v2\/types\/product"}],"replies":[{"embeddable":true,"href":"https:\/\/tecnomerch.com\/index.php\/wp-json\/wp\/v2\/comments?post=5455"}],"version-history":[{"count":1,"href":"https:\/\/tecnomerch.com\/index.php\/wp-json\/wp\/v2\/product\/5455\/revisions"}],"predecessor-version":[{"id":5457,"href":"https:\/\/tecnomerch.com\/index.php\/wp-json\/wp\/v2\/product\/5455\/revisions\/5457"}],"wp:featuredmedia":[{"embeddable":true,"href":"https:\/\/tecnomerch.com\/index.php\/wp-json\/wp\/v2\/media\/5456"}],"wp:attachment":[{"href":"https:\/\/tecnomerch.com\/index.php\/wp-json\/wp\/v2\/media?parent=5455"}],"wp:term":[{"taxonomy":"product_cat","embeddable":true,"href":"https:\/\/tecnomerch.com\/index.php\/wp-json\/wp\/v2\/product_cat?post=5455"},{"taxonomy":"product_tag","embeddable":true,"href":"https:\/\/tecnomerch.com\/index.php\/wp-json\/wp\/v2\/product_tag?post=5455"}],"curies":[{"name":"wp","href":"https:\/\/api.w.org\/{rel}","templated":true}]}}