{"id":5449,"date":"2023-12-01T22:14:22","date_gmt":"2023-12-01T22:14:22","guid":{"rendered":"https:\/\/tecnomerch.com\/?post_type=product&#038;p=5449"},"modified":"2023-12-01T22:14:22","modified_gmt":"2023-12-01T22:14:22","slug":"bombilla-led-inteligente-vta-gu10-rgb-125vac-smart-home-wi-fi-2pc","status":"publish","type":"product","link":"https:\/\/tecnomerch.com\/index.php\/product\/bombilla-led-inteligente-vta-gu10-rgb-125vac-smart-home-wi-fi-2pc\/","title":{"rendered":"Bombilla LED Inteligente VTA+ GU10 RGB 125VAC Smart Home Wi-Fi 2pc"},"content":{"rendered":"<p class=\"card-text\">\u2022 Bombillos GU10 LED WIFI RGB.<\/p>\n<p class=\"card-text\">\u2022 Color de la luz:<\/p>\n<p class=\"card-text\">\u00a0\u00a0\u00a0\u00a0&#8211; C\u00e1lida: 2700K<\/p>\n<p class=\"card-text\">\u00a0\u00a0\u00a0\u00a0&#8211; Blanco: 6500K<\/p>\n<p class=\"card-text\">\u2022 RGB: Rojo, verde, Azul y todas las combinaciones posibles entre estos colores.<\/p>\n<p class=\"card-text\">\u2022 Automatice y controle la iluminaci\u00f3n de forma remota.<\/p>\n<p class=\"card-text\">\u2022 programe el tiempo de encendido o apagado o cree rutinas de encendido<\/p>\n<p class=\"card-text\">desde la aplicaci\u00f3n.<\/p>\n<p class=\"card-text\">\u2022 Compatible con asistentes de voz como Google Home y Alexa.<\/p>\n<p class=\"card-text\">\u2022 Color e intensidad ajustable desde la aplicaci\u00f3n o por comandos de voz.<\/p>\n<p class=\"card-text\">\u2022 Bajo consumo de energ\u00eda en modo reposo.<\/p>\n<p class=\"card-text\">\u2022 F\u00e1cil instalaci\u00f3n y configuraci\u00f3n.<\/p>\n<p class=\"card-text\">\u2022 Uso en interior.<\/p>\n","protected":false},"excerpt":{"rendered":"<p>&#8211; Automatice y controle su iluminaci\u00f3n de forma remota<br \/>\n&#8211; Potencia: 5W<br \/>\n&#8211; Color de luz C\u00e1lida: 2700K<br \/>\n&#8211; Color de luz Blanco: 6500K<br \/>\n&#8211; RGB: Rojo, verde, Azul y todas las combinaciones<br \/>\n&#8211; Voltaje de operaci\u00f3n: 125 VAC 60Hz<br \/>\n&#8211; Intensidad lum\u00ednica: 400 L\u00famenes<br \/>\n&#8211; Angulo de iluminaci\u00f3n: 38\u00b0<br \/>\n&#8211; Frecuencia de transmisi\u00f3n y recepci\u00f3n inal\u00e1mbrica: 2.4GHz.<br \/>\n&#8211; Temperatura de operaci\u00f3n: 0 \u2103 ~ 35 \u2103<br \/>\n&#8211; Compatible con Google Home y Alexa<br \/>\n&#8211; F\u00e1cil instalaci\u00f3n y configuraci\u00f3n.<\/p>\n","protected":false},"featured_media":5450,"comment_status":"open","ping_status":"closed","template":"","meta":{"om_disable_all_campaigns":false,"_mi_skip_tracking":false,"site-sidebar-layout":"default","site-content-layout":"default","ast-global-header-display":"","ast-main-header-display":"","ast-hfb-above-header-display":"","ast-hfb-below-header-display":"","ast-hfb-mobile-header-display":"","site-post-title":"","ast-breadcrumbs-content":"","ast-featured-img":"","footer-sml-layout":"","theme-transparent-header-meta":"default","adv-header-id-meta":"","stick-header-meta":"","header-above-stick-meta":"","header-main-stick-meta":"","header-below-stick-meta":""},"product_cat":[150,149],"product_tag":[],"class_list":["post-5449","product","type-product","status-publish","has-post-thumbnail","hentry","product_cat-iluminacion","product_cat-smarthome","desktop-align-left","tablet-align-left","mobile-align-left"],"aioseo_notices":[],"_links":{"self":[{"href":"https:\/\/tecnomerch.com\/index.php\/wp-json\/wp\/v2\/product\/5449","targetHints":{"allow":["GET"]}}],"collection":[{"href":"https:\/\/tecnomerch.com\/index.php\/wp-json\/wp\/v2\/product"}],"about":[{"href":"https:\/\/tecnomerch.com\/index.php\/wp-json\/wp\/v2\/types\/product"}],"replies":[{"embeddable":true,"href":"https:\/\/tecnomerch.com\/index.php\/wp-json\/wp\/v2\/comments?post=5449"}],"version-history":[{"count":1,"href":"https:\/\/tecnomerch.com\/index.php\/wp-json\/wp\/v2\/product\/5449\/revisions"}],"predecessor-version":[{"id":5451,"href":"https:\/\/tecnomerch.com\/index.php\/wp-json\/wp\/v2\/product\/5449\/revisions\/5451"}],"wp:featuredmedia":[{"embeddable":true,"href":"https:\/\/tecnomerch.com\/index.php\/wp-json\/wp\/v2\/media\/5450"}],"wp:attachment":[{"href":"https:\/\/tecnomerch.com\/index.php\/wp-json\/wp\/v2\/media?parent=5449"}],"wp:term":[{"taxonomy":"product_cat","embeddable":true,"href":"https:\/\/tecnomerch.com\/index.php\/wp-json\/wp\/v2\/product_cat?post=5449"},{"taxonomy":"product_tag","embeddable":true,"href":"https:\/\/tecnomerch.com\/index.php\/wp-json\/wp\/v2\/product_tag?post=5449"}],"curies":[{"name":"wp","href":"https:\/\/api.w.org\/{rel}","templated":true}]}}