{"id":5445,"date":"2023-12-01T22:12:05","date_gmt":"2023-12-01T22:12:05","guid":{"rendered":"https:\/\/tecnomerch.com\/?post_type=product&#038;p=5445"},"modified":"2023-12-01T22:12:05","modified_gmt":"2023-12-01T22:12:05","slug":"bombilla-led-inteligente-vta-intel-vintage-125vac-smart-home-wi-fi","status":"publish","type":"product","link":"https:\/\/tecnomerch.com\/index.php\/product\/bombilla-led-inteligente-vta-intel-vintage-125vac-smart-home-wi-fi\/","title":{"rendered":"Bombilla LED Inteligente VTA+ Intel Vintage 125VAC Smart Home Wi-Fi"},"content":{"rendered":"<p class=\"card-text\">\u2022 Bombillo LED \u00c1mbar tipo Globo G125.<\/p>\n<p class=\"card-text o_default_snippet_text\">\u2022 Color de la luz:<\/p>\n<p class=\"card-text\">\u00a0\u00a0\u00a0\u00a0&#8211; C\u00e1lida: 2700K<\/p>\n<p class=\"card-text\">\u00a0\u00a0\u00a0\u00a0&#8211; Blanca: 5500K<\/p>\n<p class=\"card-text o_default_snippet_text\">\u2022 Automatice y controle su iluminaci\u00f3n de forma remota, programe el tiempo<\/p>\n<p class=\"card-text o_default_snippet_text\">de encendido o apagado o cree rutinas de encendido desde la aplicaci\u00f3n.<\/p>\n<p class=\"card-text o_default_snippet_text\">\u2022 Compatible con asistentes de voz como Google Home y Alexa.<\/p>\n<p class=\"card-text o_default_snippet_text\">\u2022 Intensidad ajustable desde la aplicaci\u00f3n o por comandos de voz.<\/p>\n<p class=\"card-text o_default_snippet_text\">\u2022 Bajo consumo de energ\u00eda en modo reposo.<\/p>\n<p class=\"card-text o_default_snippet_text\">\u2022 Bombillo con socket E27.<\/p>\n<p class=\"card-text o_default_snippet_text\">\u2022 F\u00e1cil instalaci\u00f3n y configuraci\u00f3n.<\/p>\n<p class=\"card-text\">\u2022 Uso en interior.<\/p>\n","protected":false},"excerpt":{"rendered":"<p>&#8211; Activaci\u00f3n desde la aplicaci\u00f3n<br \/>\n&#8211; Intensidad ajustable desde la aplicaci\u00f3n o por comandos de voz<br \/>\n&#8211; Color de la luz C\u00e1lida: 2700K<br \/>\n&#8211; Color de la luz Blanca: 5500K<br \/>\n&#8211; Bombillo con Socket E27<br \/>\n&#8211; Bajo consumo de energ\u00eda en modo reposo<br \/>\n&#8211; Voltaje de operaci\u00f3n: 125 VAC 60Hz<br \/>\n&#8211; Potencia: 5W<br \/>\n&#8211; Intensidad lum\u00ednica: 420 L\u00famenes<br \/>\n&#8211; Frecuencia de transmisi\u00f3n y recepci\u00f3n inal\u00e1mbrica: 2.4GHz<br \/>\n&#8211; F\u00e1cil instalaci\u00f3n y configuraci\u00f3n<br \/>\n&#8211; Compatible con asistentes de voz como Google Home y Alexa<\/p>\n","protected":false},"featured_media":5446,"comment_status":"open","ping_status":"closed","template":"","meta":{"om_disable_all_campaigns":false,"_mi_skip_tracking":false,"site-sidebar-layout":"default","site-content-layout":"default","ast-global-header-display":"","ast-main-header-display":"","ast-hfb-above-header-display":"","ast-hfb-below-header-display":"","ast-hfb-mobile-header-display":"","site-post-title":"","ast-breadcrumbs-content":"","ast-featured-img":"","footer-sml-layout":"","theme-transparent-header-meta":"default","adv-header-id-meta":"","stick-header-meta":"","header-above-stick-meta":"","header-main-stick-meta":"","header-below-stick-meta":""},"product_cat":[150,149],"product_tag":[],"class_list":["post-5445","product","type-product","status-publish","has-post-thumbnail","hentry","product_cat-iluminacion","product_cat-smarthome","desktop-align-left","tablet-align-left","mobile-align-left"],"aioseo_notices":[],"_links":{"self":[{"href":"https:\/\/tecnomerch.com\/index.php\/wp-json\/wp\/v2\/product\/5445","targetHints":{"allow":["GET"]}}],"collection":[{"href":"https:\/\/tecnomerch.com\/index.php\/wp-json\/wp\/v2\/product"}],"about":[{"href":"https:\/\/tecnomerch.com\/index.php\/wp-json\/wp\/v2\/types\/product"}],"replies":[{"embeddable":true,"href":"https:\/\/tecnomerch.com\/index.php\/wp-json\/wp\/v2\/comments?post=5445"}],"version-history":[{"count":2,"href":"https:\/\/tecnomerch.com\/index.php\/wp-json\/wp\/v2\/product\/5445\/revisions"}],"predecessor-version":[{"id":5448,"href":"https:\/\/tecnomerch.com\/index.php\/wp-json\/wp\/v2\/product\/5445\/revisions\/5448"}],"wp:featuredmedia":[{"embeddable":true,"href":"https:\/\/tecnomerch.com\/index.php\/wp-json\/wp\/v2\/media\/5446"}],"wp:attachment":[{"href":"https:\/\/tecnomerch.com\/index.php\/wp-json\/wp\/v2\/media?parent=5445"}],"wp:term":[{"taxonomy":"product_cat","embeddable":true,"href":"https:\/\/tecnomerch.com\/index.php\/wp-json\/wp\/v2\/product_cat?post=5445"},{"taxonomy":"product_tag","embeddable":true,"href":"https:\/\/tecnomerch.com\/index.php\/wp-json\/wp\/v2\/product_tag?post=5445"}],"curies":[{"name":"wp","href":"https:\/\/api.w.org\/{rel}","templated":true}]}}