{"id":5442,"date":"2023-12-01T22:10:05","date_gmt":"2023-12-01T22:10:05","guid":{"rendered":"https:\/\/tecnomerch.com\/?post_type=product&#038;p=5442"},"modified":"2023-12-01T22:10:06","modified_gmt":"2023-12-01T22:10:06","slug":"bombilla-led-inteligente-vta-alva-e27-rgb-120vac-smart-home-wi-fi-2pc","status":"publish","type":"product","link":"https:\/\/tecnomerch.com\/index.php\/product\/bombilla-led-inteligente-vta-alva-e27-rgb-120vac-smart-home-wi-fi-2pc\/","title":{"rendered":"Bombilla LED Inteligente VTA+ Alva E27 RGB 120VAC Smart Home Wi-Fi 2pc"},"content":{"rendered":"<p class=\"card-text\">\u2022 Bombillo LED inteligente con activaci\u00f3n remota por aplicaci\u00f3n.<\/p>\n<p class=\"card-text\">\u2022 Automatice y controle su iluminaci\u00f3n de forma remota, programe el tiempo de encendido o apagado o cree rutinas de encendido desde la aplicaci\u00f3n.<\/p>\n<p class=\"card-text\">\u2022 Activaci\u00f3n desde la aplicaci\u00f3n menor a 2 segundos.<\/p>\n<p class=\"card-text\">\u2022 Dise\u00f1o y tama\u00f1o igual a un bombillo normal.<\/p>\n<p class=\"card-text\">\u2022 Compatible con asistentes de voz como Google Home y Alexa.<\/p>\n<p class=\"card-text\">\u2022 Color de la luz:<\/p>\n<p class=\"card-text\">\u00a0\u00a0\u00a0\u00a0&#8211; C\u00e1lida: 2700K<\/p>\n<p class=\"card-text\">\u00a0\u00a0\u00a0\u00a0&#8211; Blanco: 6500K<\/p>\n<p class=\"card-text\">\u00a0\u00a0\u00a0\u00a0&#8211; RGB: Rojo, verde, Azul y todas las combinaciones posibles entre estos\u00a0 \u00a0 \u00a0 \u00a0 \u00a0 \u00a0 \u00a0 \u00a0colores.<\/p>\n<p class=\"card-text\">\u2022 Color e intensidad ajustable desde la aplicaci\u00f3n o por comandos de voz.<\/p>\n<p class=\"card-text\">\u2022 Escenas y rutinas de colores preprogramadas desde la aplicaci\u00f3n.<\/p>\n<p class=\"card-text\">\u2022 Bombillo con socket E27.<\/p>\n<p class=\"card-text\">\u2022 F\u00e1cil instalaci\u00f3n y configuraci\u00f3n.<\/p>\n<p class=\"card-text\">\u2022 Bajo consumo de energ\u00eda en modo reposo.<\/p>\n<p class=\"card-text\">\u2022 Uso en interior.<\/p>\n","protected":false},"excerpt":{"rendered":"<div class=\"o_not_editable\">\n<p class=\"te_prod_desc\">&#8211; Activaci\u00f3n remota por aplicaci\u00f3n<br \/>\n&#8211; Automatice y controle su iluminaci\u00f3n de forma remota<br \/>\n&#8211; Dise\u00f1o y tama\u00f1o igual a un bombillo normal<br \/>\n&#8211; Color de luz c\u00e1lida 2700k<br \/>\n&#8211; Color de luz Blanco 6500k<br \/>\n&#8211; Color de luz RGB: rojo, verde, azul y combinaciones<br \/>\n&#8211; Color e intensidad ajustable desde la App<br \/>\n&#8211; Bombillo con Socket E27<br \/>\n&#8211; Voltaje de 125VAC 60Hz<br \/>\n&#8211; Potencia 9W<br \/>\n&#8211; Intensidad lum\u00ednica: 800 L\u00famenes<br \/>\n&#8211; \u00c1ngulo de iluminaci\u00f3n 220\u00b0<br \/>\n&#8211; Frecuencia de transmisi\u00f3n y recepci\u00f3n inal\u00e1mbrica: 2.4GHz<br \/>\n&#8211; Compatible con asistente de voz con Google Home y Alexa<\/p>\n<\/div>\n<div class=\"timer_data\">\n<div class=\"timer_input\"><\/div>\n<\/div>\n<div class=\"te_display_end_date\"><\/div>\n<form action=\"https:\/\/www.mytec.com.gt\/shop\/cart\/update\" method=\"POST\">&nbsp;<\/p>\n<\/form>\n","protected":false},"featured_media":5443,"comment_status":"open","ping_status":"closed","template":"","meta":{"om_disable_all_campaigns":false,"_mi_skip_tracking":false,"site-sidebar-layout":"default","site-content-layout":"default","ast-global-header-display":"","ast-main-header-display":"","ast-hfb-above-header-display":"","ast-hfb-below-header-display":"","ast-hfb-mobile-header-display":"","site-post-title":"","ast-breadcrumbs-content":"","ast-featured-img":"","footer-sml-layout":"","theme-transparent-header-meta":"default","adv-header-id-meta":"","stick-header-meta":"","header-above-stick-meta":"","header-main-stick-meta":"","header-below-stick-meta":""},"product_cat":[150,149],"product_tag":[],"class_list":["post-5442","product","type-product","status-publish","has-post-thumbnail","hentry","product_cat-iluminacion","product_cat-smarthome","desktop-align-left","tablet-align-left","mobile-align-left"],"aioseo_notices":[],"_links":{"self":[{"href":"https:\/\/tecnomerch.com\/index.php\/wp-json\/wp\/v2\/product\/5442","targetHints":{"allow":["GET"]}}],"collection":[{"href":"https:\/\/tecnomerch.com\/index.php\/wp-json\/wp\/v2\/product"}],"about":[{"href":"https:\/\/tecnomerch.com\/index.php\/wp-json\/wp\/v2\/types\/product"}],"replies":[{"embeddable":true,"href":"https:\/\/tecnomerch.com\/index.php\/wp-json\/wp\/v2\/comments?post=5442"}],"version-history":[{"count":1,"href":"https:\/\/tecnomerch.com\/index.php\/wp-json\/wp\/v2\/product\/5442\/revisions"}],"predecessor-version":[{"id":5444,"href":"https:\/\/tecnomerch.com\/index.php\/wp-json\/wp\/v2\/product\/5442\/revisions\/5444"}],"wp:featuredmedia":[{"embeddable":true,"href":"https:\/\/tecnomerch.com\/index.php\/wp-json\/wp\/v2\/media\/5443"}],"wp:attachment":[{"href":"https:\/\/tecnomerch.com\/index.php\/wp-json\/wp\/v2\/media?parent=5442"}],"wp:term":[{"taxonomy":"product_cat","embeddable":true,"href":"https:\/\/tecnomerch.com\/index.php\/wp-json\/wp\/v2\/product_cat?post=5442"},{"taxonomy":"product_tag","embeddable":true,"href":"https:\/\/tecnomerch.com\/index.php\/wp-json\/wp\/v2\/product_tag?post=5442"}],"curies":[{"name":"wp","href":"https:\/\/api.w.org\/{rel}","templated":true}]}}