{"id":5416,"date":"2023-11-12T20:07:34","date_gmt":"2023-11-12T20:07:34","guid":{"rendered":"https:\/\/tecnomerch.com\/?post_type=product&#038;p=5416"},"modified":"2023-11-12T20:07:34","modified_gmt":"2023-11-12T20:07:34","slug":"kingston-datatraveler-exodia-unidad-flash-usb-32-gb","status":"publish","type":"product","link":"https:\/\/tecnomerch.com\/index.php\/product\/kingston-datatraveler-exodia-unidad-flash-usb-32-gb\/","title":{"rendered":"Kingston DataTraveler Exodia &#8211; Unidad flash USB &#8211; 32 GB"},"content":{"rendered":"<div id=\"tabsPanel\">\n<div id=\"tabsDetail\" class=\"notBorderRadius\">\n<div class=\"responsive-tabs-container accordion-xs\">\n<div class=\"tab-content\">\n<div id=\"tabs-1\" class=\"collapse tab-pane fade in active\" role=\"tabpanel\">\n<div class=\"font-bold text-muted dotted-bottom no-margin\">Descripci\u00f3n del producto<\/div>\n<div class=\"font-compact-12\">DataTraveler Exodia de Kingston alcanza un rendimiento de grado USB 3.2 Gen 1, que facilita el acceso a port\u00e1tiles, equipos de sobremesa, monitores y otros dispositivos digitales. DT Exodia permite r\u00e1pidas transferencias y facilita el almacenamiento de documentos, m\u00fasica, v\u00eddeo y mucho m\u00e1s. Son ideales para el uso diario en el trabajo, el hogar, los estudios o dondequiera que lleve sus datos.<\/div>\n<div class=\"clearfix\">\n<div class=\"group-section font-bold\">Caracter\u00edsticas del producto<\/div>\n<div class=\"font-compact-12\">\n<ul>\n<li><strong>La avanzada portabilidad<\/strong><br \/>\nCon presilla colorida para llaveros.<\/li>\n<li><strong>Rapidez y comodidad<\/strong><br \/>\nLigera soluci\u00f3n de almacenamiento con velocidades de USB 3.2 Gen 1 para llevar f\u00e1cilmente consigo.<\/li>\n<\/ul>\n<\/div>\n<\/div>\n<\/div>\n<\/div>\n<\/div>\n<\/div>\n<\/div>\n<p>&nbsp;<\/p>\n<div id=\"flix\"><\/div>\n<div id=\"ccs-inline-content\" class=\"col-xs-12 row margin-top-30\">\n<div id=\"inline-c08c0f\" class=\"ccs-cc-inline ccs-cc-inline-kin ccs-cc-lang-esgtm ccs-cc-block-inline\">\n<div class=\"ccs-clear\"><\/div>\n<div id=\"top-c08c0f\" data-ccs-cc-inline-jumplink=\"Parte superior\" data-ccs-jumplink-hidden=\"true\"><\/div>\n<\/div>\n<\/div>\n","protected":false},"excerpt":{"rendered":"<p>Kingston<br \/>\nUSB 3.2 Gen 1<br \/>\nnegro \/ blanco<\/p>\n","protected":false},"featured_media":5417,"comment_status":"open","ping_status":"closed","template":"","meta":{"om_disable_all_campaigns":false,"_mi_skip_tracking":false,"site-sidebar-layout":"default","site-content-layout":"default","ast-global-header-display":"","ast-main-header-display":"","ast-hfb-above-header-display":"","ast-hfb-below-header-display":"","ast-hfb-mobile-header-display":"","site-post-title":"","ast-breadcrumbs-content":"","ast-featured-img":"","footer-sml-layout":"","theme-transparent-header-meta":"default","adv-header-id-meta":"","stick-header-meta":"","header-above-stick-meta":"","header-main-stick-meta":"","header-below-stick-meta":""},"product_cat":[144],"product_tag":[],"class_list":["post-5416","product","type-product","status-publish","has-post-thumbnail","hentry","product_cat-usb","desktop-align-left","tablet-align-left","mobile-align-left"],"aioseo_notices":[],"_links":{"self":[{"href":"https:\/\/tecnomerch.com\/index.php\/wp-json\/wp\/v2\/product\/5416","targetHints":{"allow":["GET"]}}],"collection":[{"href":"https:\/\/tecnomerch.com\/index.php\/wp-json\/wp\/v2\/product"}],"about":[{"href":"https:\/\/tecnomerch.com\/index.php\/wp-json\/wp\/v2\/types\/product"}],"replies":[{"embeddable":true,"href":"https:\/\/tecnomerch.com\/index.php\/wp-json\/wp\/v2\/comments?post=5416"}],"version-history":[{"count":1,"href":"https:\/\/tecnomerch.com\/index.php\/wp-json\/wp\/v2\/product\/5416\/revisions"}],"predecessor-version":[{"id":5418,"href":"https:\/\/tecnomerch.com\/index.php\/wp-json\/wp\/v2\/product\/5416\/revisions\/5418"}],"wp:featuredmedia":[{"embeddable":true,"href":"https:\/\/tecnomerch.com\/index.php\/wp-json\/wp\/v2\/media\/5417"}],"wp:attachment":[{"href":"https:\/\/tecnomerch.com\/index.php\/wp-json\/wp\/v2\/media?parent=5416"}],"wp:term":[{"taxonomy":"product_cat","embeddable":true,"href":"https:\/\/tecnomerch.com\/index.php\/wp-json\/wp\/v2\/product_cat?post=5416"},{"taxonomy":"product_tag","embeddable":true,"href":"https:\/\/tecnomerch.com\/index.php\/wp-json\/wp\/v2\/product_tag?post=5416"}],"curies":[{"name":"wp","href":"https:\/\/api.w.org\/{rel}","templated":true}]}}