{"id":5409,"date":"2023-11-12T20:03:52","date_gmt":"2023-11-12T20:03:52","guid":{"rendered":"https:\/\/tecnomerch.com\/?post_type=product&#038;p=5409"},"modified":"2023-11-12T20:03:53","modified_gmt":"2023-11-12T20:03:53","slug":"kingston-datatraveler-onyx-unidad-flash-usb-64-gb","status":"publish","type":"product","link":"https:\/\/tecnomerch.com\/index.php\/product\/kingston-datatraveler-onyx-unidad-flash-usb-64-gb\/","title":{"rendered":"Kingston DataTraveler Onyx &#8211; Unidad flash USB &#8211; 64 GB"},"content":{"rendered":"<div id=\"tabsPanel\">\n<div id=\"tabsDetail\" class=\"notBorderRadius\">\n<div class=\"responsive-tabs-container accordion-xs\">\n<div class=\"tab-content\">\n<div id=\"tabs-1\" class=\"collapse tab-pane fade in active\" role=\"tabpanel\">\n<div class=\"font-bold text-muted dotted-bottom no-margin\">Descripci\u00f3n del producto<\/div>\n<div class=\"font-compact-12\">Kingston DataTraveler Exodia Onyx es una unidad flash USB 3.2 Gen 1 compatible que ofrece transferencias r\u00e1pidas para un almacenamiento sencillo y f\u00e1cil. Dise\u00f1ada con una carcasa elegante, la DT Exodia Onyx es la compa\u00f1era asequible perfecta para un almacenamiento con estilo.<\/div>\n<div class=\"clearfix\">\n<div class=\"group-section font-bold\">Caracter\u00edsticas del producto<\/div>\n<div class=\"font-compact-12\">\n<ul>\n<li><strong>Dise\u00f1o refinado pero funcional<\/strong><br \/>\nLa elegante carcasa, junto con una tapa m\u00f3vil, protege el conector USB y tus datos cuando no se utiliza.<\/li>\n<li><strong>Rendimiento fiable<\/strong><br \/>\nLa ligera soluci\u00f3n de almacenamiento compatible con USB 3.2 Gen 1 ofrece transferencias de archivos r\u00e1pidas.<\/li>\n<li><strong>Aut\u00e9ntica portabilidad<\/strong><br \/>\nEl bucle se engancha f\u00e1cilmente a los llaveros para un almacenamiento perfecto sobre la marcha.<s>29.41<\/s> \/<\/li>\n<\/ul>\n<\/div>\n<\/div>\n<\/div>\n<\/div>\n<\/div>\n<\/div>\n<\/div>\n","protected":false},"excerpt":{"rendered":"<div class=\"font-compact-12 font-bold brand\">Kingston<\/div>\n<div class=\"font-compact-12 items hidden-xs\">\n<ul>\n<li>USB 3.2 Gen 1<\/li>\n<li>negro mate<\/li>\n<\/ul>\n<\/div>\n","protected":false},"featured_media":5410,"comment_status":"open","ping_status":"closed","template":"","meta":{"om_disable_all_campaigns":false,"_mi_skip_tracking":false,"site-sidebar-layout":"default","site-content-layout":"default","ast-global-header-display":"","ast-main-header-display":"","ast-hfb-above-header-display":"","ast-hfb-below-header-display":"","ast-hfb-mobile-header-display":"","site-post-title":"","ast-breadcrumbs-content":"","ast-featured-img":"","footer-sml-layout":"","theme-transparent-header-meta":"default","adv-header-id-meta":"","stick-header-meta":"","header-above-stick-meta":"","header-main-stick-meta":"","header-below-stick-meta":""},"product_cat":[144],"product_tag":[],"class_list":["post-5409","product","type-product","status-publish","has-post-thumbnail","hentry","product_cat-usb","desktop-align-left","tablet-align-left","mobile-align-left"],"aioseo_notices":[],"_links":{"self":[{"href":"https:\/\/tecnomerch.com\/index.php\/wp-json\/wp\/v2\/product\/5409","targetHints":{"allow":["GET"]}}],"collection":[{"href":"https:\/\/tecnomerch.com\/index.php\/wp-json\/wp\/v2\/product"}],"about":[{"href":"https:\/\/tecnomerch.com\/index.php\/wp-json\/wp\/v2\/types\/product"}],"replies":[{"embeddable":true,"href":"https:\/\/tecnomerch.com\/index.php\/wp-json\/wp\/v2\/comments?post=5409"}],"version-history":[{"count":1,"href":"https:\/\/tecnomerch.com\/index.php\/wp-json\/wp\/v2\/product\/5409\/revisions"}],"predecessor-version":[{"id":5411,"href":"https:\/\/tecnomerch.com\/index.php\/wp-json\/wp\/v2\/product\/5409\/revisions\/5411"}],"wp:featuredmedia":[{"embeddable":true,"href":"https:\/\/tecnomerch.com\/index.php\/wp-json\/wp\/v2\/media\/5410"}],"wp:attachment":[{"href":"https:\/\/tecnomerch.com\/index.php\/wp-json\/wp\/v2\/media?parent=5409"}],"wp:term":[{"taxonomy":"product_cat","embeddable":true,"href":"https:\/\/tecnomerch.com\/index.php\/wp-json\/wp\/v2\/product_cat?post=5409"},{"taxonomy":"product_tag","embeddable":true,"href":"https:\/\/tecnomerch.com\/index.php\/wp-json\/wp\/v2\/product_tag?post=5409"}],"curies":[{"name":"wp","href":"https:\/\/api.w.org\/{rel}","templated":true}]}}