{"id":5400,"date":"2023-11-12T19:47:00","date_gmt":"2023-11-12T19:47:00","guid":{"rendered":"https:\/\/tecnomerch.com\/?post_type=product&#038;p=5400"},"modified":"2023-11-12T19:47:00","modified_gmt":"2023-11-12T19:47:00","slug":"kingston-datatraveler-exodia-unidad-flash-usb-64-gb","status":"publish","type":"product","link":"https:\/\/tecnomerch.com\/index.php\/product\/kingston-datatraveler-exodia-unidad-flash-usb-64-gb\/","title":{"rendered":"Kingston DataTraveler Exodia &#8211; Unidad flash USB &#8211; 64 GB"},"content":{"rendered":"<div id=\"tabsPanel\">\n<div id=\"tabsDetail\" class=\"notBorderRadius\">\n<div class=\"responsive-tabs-container accordion-xs\">\n<div class=\"tab-content\">\n<div id=\"tabs-1\" class=\"collapse tab-pane fade in active\" role=\"tabpanel\">\n<div class=\"font-bold text-muted dotted-bottom no-margin\">Descripci\u00f3n del producto<\/div>\n<div class=\"font-compact-12\">DataTraveler Exodia de Kingston alcanza un rendimiento de grado USB 3.2 Gen 1, que facilita el acceso a port\u00e1tiles, equipos de sobremesa, monitores y otros dispositivos digitales. DT Exodia permite r\u00e1pidas transferencias y facilita el almacenamiento de documentos, m\u00fasica, v\u00eddeo y mucho m\u00e1s. Son ideales para el uso diario en el trabajo, el hogar, los estudios o dondequiera que lleve sus datos.<\/div>\n<div class=\"clearfix\">\n<div class=\"group-section font-bold\">Caracter\u00edsticas del producto<\/div>\n<div class=\"font-compact-12\">\n<ul>\n<li><strong>La avanzada portabilidad<\/strong><br \/>\nCon presilla colorida para llaveros.<\/li>\n<li><strong>Rapidez y comodidad<\/strong><br \/>\nLigera soluci\u00f3n de almacenamiento con velocidades de USB 3.2 Gen 1 para llevar f\u00e1cilmente consigo.<\/li>\n<\/ul>\n<\/div>\n<\/div>\n<\/div>\n<\/div>\n<\/div>\n<\/div>\n<\/div>\n","protected":false},"excerpt":{"rendered":"<div class=\"font-compact-12 font-bold brand\">Kingston<\/div>\n<div class=\"font-compact-12 items hidden-xs\">\n<ul>\n<li>USB 3.2 Gen 1<\/li>\n<li>negro con turquesa<\/li>\n<\/ul>\n<\/div>\n","protected":false},"featured_media":5401,"comment_status":"open","ping_status":"closed","template":"","meta":{"om_disable_all_campaigns":false,"_mi_skip_tracking":false,"site-sidebar-layout":"default","site-content-layout":"default","ast-global-header-display":"","ast-main-header-display":"","ast-hfb-above-header-display":"","ast-hfb-below-header-display":"","ast-hfb-mobile-header-display":"","site-post-title":"","ast-breadcrumbs-content":"","ast-featured-img":"","footer-sml-layout":"","theme-transparent-header-meta":"default","adv-header-id-meta":"","stick-header-meta":"","header-above-stick-meta":"","header-main-stick-meta":"","header-below-stick-meta":""},"product_cat":[144],"product_tag":[],"class_list":["post-5400","product","type-product","status-publish","has-post-thumbnail","hentry","product_cat-usb","desktop-align-left","tablet-align-left","mobile-align-left"],"aioseo_notices":[],"_links":{"self":[{"href":"https:\/\/tecnomerch.com\/index.php\/wp-json\/wp\/v2\/product\/5400","targetHints":{"allow":["GET"]}}],"collection":[{"href":"https:\/\/tecnomerch.com\/index.php\/wp-json\/wp\/v2\/product"}],"about":[{"href":"https:\/\/tecnomerch.com\/index.php\/wp-json\/wp\/v2\/types\/product"}],"replies":[{"embeddable":true,"href":"https:\/\/tecnomerch.com\/index.php\/wp-json\/wp\/v2\/comments?post=5400"}],"version-history":[{"count":1,"href":"https:\/\/tecnomerch.com\/index.php\/wp-json\/wp\/v2\/product\/5400\/revisions"}],"predecessor-version":[{"id":5402,"href":"https:\/\/tecnomerch.com\/index.php\/wp-json\/wp\/v2\/product\/5400\/revisions\/5402"}],"wp:featuredmedia":[{"embeddable":true,"href":"https:\/\/tecnomerch.com\/index.php\/wp-json\/wp\/v2\/media\/5401"}],"wp:attachment":[{"href":"https:\/\/tecnomerch.com\/index.php\/wp-json\/wp\/v2\/media?parent=5400"}],"wp:term":[{"taxonomy":"product_cat","embeddable":true,"href":"https:\/\/tecnomerch.com\/index.php\/wp-json\/wp\/v2\/product_cat?post=5400"},{"taxonomy":"product_tag","embeddable":true,"href":"https:\/\/tecnomerch.com\/index.php\/wp-json\/wp\/v2\/product_tag?post=5400"}],"curies":[{"name":"wp","href":"https:\/\/api.w.org\/{rel}","templated":true}]}}