{"id":5341,"date":"2023-11-12T18:39:49","date_gmt":"2023-11-12T18:39:49","guid":{"rendered":"https:\/\/tecnomerch.com\/?post_type=product&#038;p=5341"},"modified":"2023-11-12T18:39:50","modified_gmt":"2023-11-12T18:39:50","slug":"kingston-fury-beast-rgb-ddr4-modulo","status":"publish","type":"product","link":"https:\/\/tecnomerch.com\/index.php\/product\/kingston-fury-beast-rgb-ddr4-modulo\/","title":{"rendered":"Kingston FURY Beast RGB &#8211; DDR4 &#8211; m\u00f3dulo"},"content":{"rendered":"<div id=\"tabsPanel\">\n<div id=\"tabsDetail\" class=\"notBorderRadius\">\n<div class=\"responsive-tabs-container accordion-xs\">\n<div class=\"tab-content\">\n<div id=\"tabs-1\" class=\"collapse tab-pane fade in active\" role=\"tabpanel\">\n<div class=\"font-bold text-muted dotted-bottom no-margin\">Descripci\u00f3n del producto<\/div>\n<div class=\"font-compact-12\">Kingston FURY Beast DDR4 RGB ofrece un aumento de rendimiento y estilo con altas velocidades, un estilo agresivo e iluminaci\u00f3n RGB que recorre la longitud del m\u00f3dulo para lograr efectos incre\u00edbles y sorprendentes. Cuenta con overclocking autom\u00e1tico de Plug N Play a velocidades de 2666 MHz y es compatible con Intel XMP y AMD Ryzen. FURY Beast DDR4 RGB se mantiene refrigerada gracias a su disipador de calor elegante y de bajo perfil. Totalmente probada a altas velocidades, se trata de una actualizaci\u00f3n sencilla y pr\u00e1ctica para tu sistema Intel o AMD.<\/div>\n<div class=\"clearfix\">\n<div class=\"group-section font-bold\">Caracter\u00edsticas del producto<\/div>\n<div class=\"font-compact-12\">\n<ul>\n<li><strong>Retroiluminaci\u00f3n RGB personalizable con estilo agresivo<\/strong><br \/>\nDale a tu estaci\u00f3n de batalla una actualizaci\u00f3n elegante gracias al disipador de calor de Beast DDR4 RGB y los efectos RGB personalizables, impresionantes y sorprendentes. Utiliza el potente software FURY CTRL de Kingston o el software del fabricante de la placa base para crear tu propio aspecto.<\/li>\n<li><strong>Tecnolog\u00eda de sincronizaci\u00f3n infrarroja de Kingston FURY<\/strong><br \/>\nLos efectos RGB permanecen sincronizados gracias a la tecnolog\u00eda de sincronizaci\u00f3n infrarroja de HyperX patentada.<\/li>\n<li><strong>Compatible con XMP de Intel<\/strong><br \/>\nLos ingenieros han predefinido los perfiles de memoria Intel Extreme dise\u00f1ados para maximizar el rendimiento de los m\u00f3dulos de memoria, alcanzando altas velocidades.<\/li>\n<li><strong>Compatible con AMD Ryzen<\/strong><br \/>\nDisfruta de una memoria compatible con Ryzen y que se integra perfectamente con tu sistema AMD. Aumenta el rendimiento de tu equipo con la m\u00e1xima fiabilidad y compatibilidad.<\/li>\n<li><strong>Funcionalidad Plug N Play &#8211; overclocking autom\u00e1tico de hasta 2666 MHz<\/strong><br \/>\nUna actualizaci\u00f3n simple y f\u00e1cil de Plug N Play, Kingston FURY Beast DDR4 RGB se acelerar\u00e1 autom\u00e1ticamente a la velocidad m\u00e1s alta permitida por la BIOS del sistema.<\/li>\n<\/ul>\n<\/div>\n<\/div>\n<\/div>\n<\/div>\n<\/div>\n<\/div>\n<\/div>\n","protected":false},"excerpt":{"rendered":"<div class=\"font-compact-12 font-bold brand\">Kingston Fury<\/div>\n<div class=\"font-compact-12 items hidden-xs\">\n<ul>\n<li>8 GB<\/li>\n<li>DIMM de 288 contactos<\/li>\n<li>3200 MHz \/ PC4-25600<\/li>\n<li>CL16<\/li>\n<li>1.35 V<\/li>\n<li>sin b\u00fafer<\/li>\n<li>no ECC<\/li>\n<li>negro<\/li>\n<\/ul>\n<\/div>\n","protected":false},"featured_media":5342,"comment_status":"open","ping_status":"closed","template":"","meta":{"om_disable_all_campaigns":false,"_mi_skip_tracking":false,"site-sidebar-layout":"default","site-content-layout":"default","ast-global-header-display":"","ast-main-header-display":"","ast-hfb-above-header-display":"","ast-hfb-below-header-display":"","ast-hfb-mobile-header-display":"","site-post-title":"","ast-breadcrumbs-content":"","ast-featured-img":"","footer-sml-layout":"","theme-transparent-header-meta":"default","adv-header-id-meta":"","stick-header-meta":"","header-above-stick-meta":"","header-main-stick-meta":"","header-below-stick-meta":""},"product_cat":[87],"product_tag":[],"class_list":["post-5341","product","type-product","status-publish","has-post-thumbnail","hentry","product_cat-memoria-ram","desktop-align-left","tablet-align-left","mobile-align-left"],"aioseo_notices":[],"_links":{"self":[{"href":"https:\/\/tecnomerch.com\/index.php\/wp-json\/wp\/v2\/product\/5341","targetHints":{"allow":["GET"]}}],"collection":[{"href":"https:\/\/tecnomerch.com\/index.php\/wp-json\/wp\/v2\/product"}],"about":[{"href":"https:\/\/tecnomerch.com\/index.php\/wp-json\/wp\/v2\/types\/product"}],"replies":[{"embeddable":true,"href":"https:\/\/tecnomerch.com\/index.php\/wp-json\/wp\/v2\/comments?post=5341"}],"version-history":[{"count":1,"href":"https:\/\/tecnomerch.com\/index.php\/wp-json\/wp\/v2\/product\/5341\/revisions"}],"predecessor-version":[{"id":5343,"href":"https:\/\/tecnomerch.com\/index.php\/wp-json\/wp\/v2\/product\/5341\/revisions\/5343"}],"wp:featuredmedia":[{"embeddable":true,"href":"https:\/\/tecnomerch.com\/index.php\/wp-json\/wp\/v2\/media\/5342"}],"wp:attachment":[{"href":"https:\/\/tecnomerch.com\/index.php\/wp-json\/wp\/v2\/media?parent=5341"}],"wp:term":[{"taxonomy":"product_cat","embeddable":true,"href":"https:\/\/tecnomerch.com\/index.php\/wp-json\/wp\/v2\/product_cat?post=5341"},{"taxonomy":"product_tag","embeddable":true,"href":"https:\/\/tecnomerch.com\/index.php\/wp-json\/wp\/v2\/product_tag?post=5341"}],"curies":[{"name":"wp","href":"https:\/\/api.w.org\/{rel}","templated":true}]}}