{"id":5312,"date":"2023-11-12T07:06:51","date_gmt":"2023-11-12T07:06:51","guid":{"rendered":"https:\/\/tecnomerch.com\/?post_type=product&#038;p=5312"},"modified":"2023-11-12T07:06:51","modified_gmt":"2023-11-12T07:06:51","slug":"wd-purple-sc-qd101-wdd256g1p0c-tarjeta-de-memoria-flash-256-gb","status":"publish","type":"product","link":"https:\/\/tecnomerch.com\/index.php\/product\/wd-purple-sc-qd101-wdd256g1p0c-tarjeta-de-memoria-flash-256-gb\/","title":{"rendered":"WD Purple SC QD101 WDD256G1P0C &#8211; Tarjeta de memoria flash &#8211; 256 GB"},"content":{"rendered":"<div class=\"font-bold text-muted dotted-bottom no-margin\">Descripci\u00f3n del producto<\/div>\n<div class=\"font-compact-12\">La tarjeta microSD WD Purple SC QD101 de Western Digital est\u00e1 dise\u00f1ada espec\u00edficamente para el mercado principal de las c\u00e1maras de seguridad. La tarjeta utiliza la tecnolog\u00eda 3D NAND de 96 capas, por lo que ofrece una combinaci\u00f3n rentable de ultrarresistencia y alto rendimiento. Adem\u00e1s, el soporte de funcionalidad de supervisi\u00f3n del estado de la tarjeta posibilita la gesti\u00f3n preventiva del almacenamiento. Esta tarjeta ofrece la combinaci\u00f3n adecuada de durabilidad y capacidad para manejar la carga de trabajo de grabaci\u00f3n continua las 24 horas del d\u00eda, los 7 d\u00edas de la semana. En Western Digital, WD Purple es el almacenamiento microSD ideal para c\u00e1maras de vigilancia de seguridad y dispositivos perif\u00e9ricos en el que puede confiar.<\/div>\n<div class=\"clearfix\">\n<div class=\"group-section font-bold\">Caracter\u00edsticas del producto<\/div>\n<div class=\"font-compact-12\">\n<ul>\n<li><strong>Deposite toda su confianza en las c\u00e1maras<\/strong><br \/>\nUltrarresistencia. Las tarjetas microSD WD Purple SC est\u00e1n dise\u00f1adas para ofrecer una grabaci\u00f3n permanente las 24 horas al d\u00eda, los 7 d\u00edas a la semana en el caso en que las c\u00e1maras pierdan la conexi\u00f3n con el NVR, lo cual genera confianza adicional en su soluci\u00f3n de videovigilancia.<\/li>\n<li><strong>Mantenimiento inteligente del almacenamiento<\/strong><br \/>\nSupervisi\u00f3n del estado de la tarjeta. En c\u00e1maras compatibles, la capacidad de supervisi\u00f3n del estado de la tarjeta le permite estar al tanto sobre cu\u00e1ndo realizar el mantenimiento a su tarjeta microSD WD Purple, de manera que pueda gestionar el almacenamiento preventivo.<\/li>\n<li><strong>Almacenamiento s\u00f3lido, en interiores o exteriores<\/strong><br \/>\nSoporta temperaturas entre -25\u00b0C y 85\u00b0C; resistente a la humedad. Ten la tranquilidad de que esta tarjeta est\u00e1 dise\u00f1ada para un funcionamiento continuo en condiciones clim\u00e1ticas extremas y en una diversidad de climas.<\/li>\n<li><strong>Captura continua, por horas o d\u00edas<\/strong><br \/>\nLas tarjetas microSD WD Purple est\u00e1n dise\u00f1adas con tecnolog\u00eda 3D NAND avanzada de 96 capas, lo cual asegura un alto rendimiento, confiabilidad y resistencia.<\/li>\n<li><strong>Uso ideal<\/strong><br \/>\nIdeal para c\u00e1maras de videovigilancia est\u00e1ndares que admiten almacenamiento en la c\u00e1mara (ranura microSD) para la grabaci\u00f3n independiente o el almacenamiento local de conmutaci\u00f3n por error en caso de fallo de la red.<\/li>\n<\/ul>\n<\/div>\n<\/div>\n","protected":false},"excerpt":{"rendered":"<ul>\n<li>UHS-I U1 \/ Class10<\/li>\n<li>microSDXC UHS-I<\/li>\n<li>p\u00farpura<\/li>\n<\/ul>\n","protected":false},"featured_media":5313,"comment_status":"open","ping_status":"closed","template":"","meta":{"om_disable_all_campaigns":false,"_mi_skip_tracking":false,"site-sidebar-layout":"default","site-content-layout":"default","ast-global-header-display":"","ast-main-header-display":"","ast-hfb-above-header-display":"","ast-hfb-below-header-display":"","ast-hfb-mobile-header-display":"","site-post-title":"","ast-breadcrumbs-content":"","ast-featured-img":"","footer-sml-layout":"","theme-transparent-header-meta":"default","adv-header-id-meta":"","stick-header-meta":"","header-above-stick-meta":"","header-main-stick-meta":"","header-below-stick-meta":""},"product_cat":[148,146],"product_tag":[],"class_list":["post-5312","product","type-product","status-publish","has-post-thumbnail","hentry","product_cat-microsd","product_cat-tarjetas-de-memoria-flash","desktop-align-left","tablet-align-left","mobile-align-left"],"aioseo_notices":[],"_links":{"self":[{"href":"https:\/\/tecnomerch.com\/index.php\/wp-json\/wp\/v2\/product\/5312","targetHints":{"allow":["GET"]}}],"collection":[{"href":"https:\/\/tecnomerch.com\/index.php\/wp-json\/wp\/v2\/product"}],"about":[{"href":"https:\/\/tecnomerch.com\/index.php\/wp-json\/wp\/v2\/types\/product"}],"replies":[{"embeddable":true,"href":"https:\/\/tecnomerch.com\/index.php\/wp-json\/wp\/v2\/comments?post=5312"}],"version-history":[{"count":1,"href":"https:\/\/tecnomerch.com\/index.php\/wp-json\/wp\/v2\/product\/5312\/revisions"}],"predecessor-version":[{"id":5314,"href":"https:\/\/tecnomerch.com\/index.php\/wp-json\/wp\/v2\/product\/5312\/revisions\/5314"}],"wp:featuredmedia":[{"embeddable":true,"href":"https:\/\/tecnomerch.com\/index.php\/wp-json\/wp\/v2\/media\/5313"}],"wp:attachment":[{"href":"https:\/\/tecnomerch.com\/index.php\/wp-json\/wp\/v2\/media?parent=5312"}],"wp:term":[{"taxonomy":"product_cat","embeddable":true,"href":"https:\/\/tecnomerch.com\/index.php\/wp-json\/wp\/v2\/product_cat?post=5312"},{"taxonomy":"product_tag","embeddable":true,"href":"https:\/\/tecnomerch.com\/index.php\/wp-json\/wp\/v2\/product_tag?post=5312"}],"curies":[{"name":"wp","href":"https:\/\/api.w.org\/{rel}","templated":true}]}}