{"id":5303,"date":"2023-11-12T07:00:19","date_gmt":"2023-11-12T07:00:19","guid":{"rendered":"https:\/\/tecnomerch.com\/?post_type=product&#038;p=5303"},"modified":"2023-11-12T07:00:19","modified_gmt":"2023-11-12T07:00:19","slug":"sandisk-ultra-luxe-unidad-flash-usb-128-gb","status":"publish","type":"product","link":"https:\/\/tecnomerch.com\/index.php\/product\/sandisk-ultra-luxe-unidad-flash-usb-128-gb\/","title":{"rendered":"SanDisk Ultra Luxe &#8211; Unidad flash USB &#8211; 128 GB"},"content":{"rendered":"<div id=\"tabsPanel\">\n<div id=\"tabsDetail\" class=\"notBorderRadius\">\n<div class=\"responsive-tabs-container accordion-xs\">\n<div class=\"tab-content\">\n<div id=\"tabs-1\" class=\"collapse tab-pane fade in active\" role=\"tabpanel\">\n<div class=\"font-bold text-muted dotted-bottom no-margin\">Descripci\u00f3n del producto<\/div>\n<div class=\"font-compact-12\">Descubre un dispositivo que te permite almacenar y mover tus datos c\u00f3modamente y que cuenta con un dise\u00f1o seguro y elegante. Gracias a sus elevadas velocidades de transferencia, de hasta 150 MB\/s, la unidad flash totalmente met\u00e1lica Ultra Luxe USB 3.1 puede transferir una pel\u00edcula completa en menos de 30 segundos. As\u00ed podr\u00e1s pasar menos tiempo esperando y m\u00e1s haciendo cosas. Este dispositivo cuenta con un dise\u00f1o de metal fundido para proteger tu contenido m\u00e1s importante con elegancia.<\/div>\n<div class=\"clearfix\">\n<div class=\"group-section font-bold\">Caracter\u00edsticas del producto<\/div>\n<div class=\"font-compact-12\">\n<ul>\n<li><strong>Estilo y resistencia<\/strong><br \/>\nEl dise\u00f1o completamente met\u00e1lico combina a la perfecci\u00f3n la resistencia con el pragmatismo de proporcionar una forma elegante de tener tus archivos m\u00e1s importantes a mano y mantenerlos seguros.<\/li>\n<li><strong>Velocidades de USB 3.1 (1.\u00aa Gen.)<\/strong><br \/>\nLas velocidades de transferencia de hasta 150 MB\/s te permiten hacer copias de seguridad de tus contenidos de forma r\u00e1pida para que est\u00e9s listo en un instante. Transfiere una pel\u00edcula completa a la unidad en menos de 30 segundos.<\/li>\n<\/ul>\n<\/div>\n<\/div>\n<\/div>\n<\/div>\n<\/div>\n<\/div>\n<\/div>\n<p>&nbsp;<\/p>\n<div id=\"flix\"><\/div>\n<div id=\"ccs-inline-content\" class=\"col-xs-12 row margin-top-30\">\n<div id=\"inline-76b4c5\" class=\"ccs-cc-inline ccs-cc-inline-snd ccs-cc-lang-esgtm ccs-cc-block-inline\">\n<div class=\"ccs-clear\"><\/div>\n<div id=\"top-76b4c5\" data-ccs-cc-inline-jumplink=\"Parte superior\" data-ccs-jumplink-hidden=\"true\"><\/div>\n<\/div>\n<\/div>\n","protected":false},"excerpt":{"rendered":"<ul>\n<li>USB 3.1<\/li>\n<\/ul>\n","protected":false},"featured_media":5304,"comment_status":"open","ping_status":"closed","template":"","meta":{"om_disable_all_campaigns":false,"_mi_skip_tracking":false,"site-sidebar-layout":"default","site-content-layout":"default","ast-global-header-display":"","ast-main-header-display":"","ast-hfb-above-header-display":"","ast-hfb-below-header-display":"","ast-hfb-mobile-header-display":"","site-post-title":"","ast-breadcrumbs-content":"","ast-featured-img":"","footer-sml-layout":"","theme-transparent-header-meta":"default","adv-header-id-meta":"","stick-header-meta":"","header-above-stick-meta":"","header-main-stick-meta":"","header-below-stick-meta":""},"product_cat":[146,144],"product_tag":[],"class_list":["post-5303","product","type-product","status-publish","has-post-thumbnail","hentry","product_cat-tarjetas-de-memoria-flash","product_cat-usb","desktop-align-left","tablet-align-left","mobile-align-left"],"aioseo_notices":[],"_links":{"self":[{"href":"https:\/\/tecnomerch.com\/index.php\/wp-json\/wp\/v2\/product\/5303","targetHints":{"allow":["GET"]}}],"collection":[{"href":"https:\/\/tecnomerch.com\/index.php\/wp-json\/wp\/v2\/product"}],"about":[{"href":"https:\/\/tecnomerch.com\/index.php\/wp-json\/wp\/v2\/types\/product"}],"replies":[{"embeddable":true,"href":"https:\/\/tecnomerch.com\/index.php\/wp-json\/wp\/v2\/comments?post=5303"}],"version-history":[{"count":1,"href":"https:\/\/tecnomerch.com\/index.php\/wp-json\/wp\/v2\/product\/5303\/revisions"}],"predecessor-version":[{"id":5305,"href":"https:\/\/tecnomerch.com\/index.php\/wp-json\/wp\/v2\/product\/5303\/revisions\/5305"}],"wp:featuredmedia":[{"embeddable":true,"href":"https:\/\/tecnomerch.com\/index.php\/wp-json\/wp\/v2\/media\/5304"}],"wp:attachment":[{"href":"https:\/\/tecnomerch.com\/index.php\/wp-json\/wp\/v2\/media?parent=5303"}],"wp:term":[{"taxonomy":"product_cat","embeddable":true,"href":"https:\/\/tecnomerch.com\/index.php\/wp-json\/wp\/v2\/product_cat?post=5303"},{"taxonomy":"product_tag","embeddable":true,"href":"https:\/\/tecnomerch.com\/index.php\/wp-json\/wp\/v2\/product_tag?post=5303"}],"curies":[{"name":"wp","href":"https:\/\/api.w.org\/{rel}","templated":true}]}}