{"id":5300,"date":"2023-11-12T06:58:16","date_gmt":"2023-11-12T06:58:16","guid":{"rendered":"https:\/\/tecnomerch.com\/?post_type=product&#038;p=5300"},"modified":"2023-11-12T06:58:17","modified_gmt":"2023-11-12T06:58:17","slug":"sandisk-extreme-pro-tarjeta-de-memoria-flash-adaptador-microsdxc-a-sd-incluido-64-gb","status":"publish","type":"product","link":"https:\/\/tecnomerch.com\/index.php\/product\/sandisk-extreme-pro-tarjeta-de-memoria-flash-adaptador-microsdxc-a-sd-incluido-64-gb\/","title":{"rendered":"SanDisk Extreme Pro &#8211; Tarjeta de memoria flash (adaptador microSDXC a SD Incluido) &#8211; 64 GB"},"content":{"rendered":"<div class=\"font-bold text-muted dotted-bottom no-margin\">Descripci\u00f3n del producto<\/div>\n<div class=\"font-compact-12\">Esta potente tarjeta de memoria SD UHS-I ofrece un rendimiento que eleva tu creatividad. Con altas velocidades de disparo y grabaci\u00f3n UHS speed Class 3 (U3), estar\u00e1 listo para capturar impresionantes v\u00eddeos 4K UHD de alta resoluci\u00f3n y sin interrupciones. Y, como su ritmo no decae una vez realizadas las tomas, ofrece altas velocidades de transferencia para un flujo de trabajo de postproducci\u00f3n m\u00e1s r\u00e1pido. Adem\u00e1s, est\u00e1 fabricada para resistir las inclemencias del tiempo, el agua, los golpes y otras condiciones poco ideales, por lo que puede estar seguro de que estar\u00e1 lista para ir dondequiera que le lleve su trabajo.<\/div>\n<div class=\"clearfix\">\n<div class=\"group-section font-bold\">Caracter\u00edsticas del producto<\/div>\n<div class=\"font-compact-12\">\n<ul>\n<li><strong>Mejore la eficacia de su flujo de trabajo<\/strong><br \/>\nCon la tecnolog\u00eda QuickFlow de SanDisk, esta tarjeta optimiza el rendimiento para ahorrar tiempo en la descarga de soportes con r\u00e1pidas velocidades de transferencia.<\/li>\n<li><strong>Alta velocidad de disparo<\/strong><br \/>\nCon altas velocidades de disparo, la tarjeta es perfecta para capturar la acci\u00f3n mientras sucede, sin perderse ni un instante.<\/li>\n<li><strong>Perfecta para v\u00eddeo 4K UHD<\/strong><br \/>\nA veces lo que necesita es velocidad. La tarjeta SanDisk Extreme PRO SD UHS-I ofrece el rendimiento necesario para capturar impresionantes v\u00eddeos 4K UHD sin interrupciones.<\/li>\n<li><strong>Impresionantes tomas en modo r\u00e1faga secuencial<\/strong><br \/>\nCon clasificaci\u00f3n UHS Speed Class 3 (U3) y Video Speed Class 30 (V30), la tarjeta SanDisk Extreme PRO SD UHS-I le permite capturar tomas secuenciales en modo r\u00e1faga sin perder el ritmo.<\/li>\n<li><strong>Durabilidad con la que puede contar<\/strong><br \/>\nLa tarjeta SanDisk Extreme PRO SD UHS-I, fabricada y probada en condiciones adversas, es resistente a la temperatura, al agua, a los golpes y a los rayos X.<\/li>\n<\/ul>\n<\/div>\n<\/div>\n","protected":false},"excerpt":{"rendered":"<ul>\n<li>A2 \/ Video Class V30 \/ UHS-I U3 \/ Class10<\/li>\n<li>microSDXC UHS-I<\/li>\n<\/ul>\n","protected":false},"featured_media":5301,"comment_status":"open","ping_status":"closed","template":"","meta":{"om_disable_all_campaigns":false,"_mi_skip_tracking":false,"site-sidebar-layout":"default","site-content-layout":"default","ast-global-header-display":"","ast-main-header-display":"","ast-hfb-above-header-display":"","ast-hfb-below-header-display":"","ast-hfb-mobile-header-display":"","site-post-title":"","ast-breadcrumbs-content":"","ast-featured-img":"","footer-sml-layout":"","theme-transparent-header-meta":"default","adv-header-id-meta":"","stick-header-meta":"","header-above-stick-meta":"","header-main-stick-meta":"","header-below-stick-meta":""},"product_cat":[148,145,146],"product_tag":[],"class_list":["post-5300","product","type-product","status-publish","has-post-thumbnail","hentry","product_cat-microsd","product_cat-sandisk","product_cat-tarjetas-de-memoria-flash","desktop-align-left","tablet-align-left","mobile-align-left"],"aioseo_notices":[],"_links":{"self":[{"href":"https:\/\/tecnomerch.com\/index.php\/wp-json\/wp\/v2\/product\/5300","targetHints":{"allow":["GET"]}}],"collection":[{"href":"https:\/\/tecnomerch.com\/index.php\/wp-json\/wp\/v2\/product"}],"about":[{"href":"https:\/\/tecnomerch.com\/index.php\/wp-json\/wp\/v2\/types\/product"}],"replies":[{"embeddable":true,"href":"https:\/\/tecnomerch.com\/index.php\/wp-json\/wp\/v2\/comments?post=5300"}],"version-history":[{"count":1,"href":"https:\/\/tecnomerch.com\/index.php\/wp-json\/wp\/v2\/product\/5300\/revisions"}],"predecessor-version":[{"id":5302,"href":"https:\/\/tecnomerch.com\/index.php\/wp-json\/wp\/v2\/product\/5300\/revisions\/5302"}],"wp:featuredmedia":[{"embeddable":true,"href":"https:\/\/tecnomerch.com\/index.php\/wp-json\/wp\/v2\/media\/5301"}],"wp:attachment":[{"href":"https:\/\/tecnomerch.com\/index.php\/wp-json\/wp\/v2\/media?parent=5300"}],"wp:term":[{"taxonomy":"product_cat","embeddable":true,"href":"https:\/\/tecnomerch.com\/index.php\/wp-json\/wp\/v2\/product_cat?post=5300"},{"taxonomy":"product_tag","embeddable":true,"href":"https:\/\/tecnomerch.com\/index.php\/wp-json\/wp\/v2\/product_tag?post=5300"}],"curies":[{"name":"wp","href":"https:\/\/api.w.org\/{rel}","templated":true}]}}