{"id":5294,"date":"2023-11-12T06:54:39","date_gmt":"2023-11-12T06:54:39","guid":{"rendered":"https:\/\/tecnomerch.com\/?post_type=product&#038;p=5294"},"modified":"2023-11-12T06:54:40","modified_gmt":"2023-11-12T06:54:40","slug":"sandisk-ultra-tarjeta-de-memoria-flash-adaptador-microsdhc-a-sd-incluido-32-gb","status":"publish","type":"product","link":"https:\/\/tecnomerch.com\/index.php\/product\/sandisk-ultra-tarjeta-de-memoria-flash-adaptador-microsdhc-a-sd-incluido-32-gb\/","title":{"rendered":"SanDisk Ultra &#8211; Tarjeta de memoria flash (adaptador microSDHC a SD Incluido) &#8211; 32 GB"},"content":{"rendered":"<div id=\"tabsPanel\">\n<div id=\"tabsDetail\" class=\"notBorderRadius\">\n<div class=\"responsive-tabs-container accordion-xs\">\n<div class=\"tab-content\">\n<div id=\"tabs-1\" class=\"collapse tab-pane fade in active\" role=\"tabpanel\">\n<div class=\"font-bold text-muted dotted-bottom no-margin\">Descripci\u00f3n del producto<\/div>\n<div class=\"font-compact-12\">La tarjeta SanDisk Ultra microSD te proporciona la libertad para capturar, guardar y compartir m\u00e1s que nunca antes. La tarjeta SanDisk Ultra microSD tiene espacio para almacenar incluso m\u00e1s horas de v\u00eddeo Full HD y ofrece altas velocidades de transferencia para que puedas mover contenidos r\u00e1pidamente. La tarjeta, que es ideal para tel\u00e9fonos inteligentes y tabletas, acelera la carga de las aplicaciones.<\/div>\n<div class=\"clearfix\">\n<div class=\"group-section font-bold\">Caracter\u00edsticas del producto<\/div>\n<div class=\"font-compact-12\">\n<ul>\n<li><strong>Captura y almacena incluso m\u00e1s horas de v\u00eddeo Full HD<\/strong><br \/>\nPodr\u00e1s almacenar incluso m\u00e1s horas de v\u00eddeo Full HD en la tarjeta y tener sitio de sobra para otros v\u00eddeos, fotos, m\u00fasica, pel\u00edculas y otros archivos que quieras capturar, guardar y compartir.<\/li>\n<li><strong>Altas velocidades de transferencia<\/strong><br \/>\nLas velocidades de transferencia incre\u00edblemente r\u00e1pidas te permiten mover contenido r\u00e1pidamente.<\/li>\n<li><strong>Carga de aplicaciones m\u00e1s r\u00e1pida<\/strong><br \/>\nLa tarjeta SanDisk Ultra microSD est\u00e1 optimizada para aplicaciones, por lo que logra iniciarlas m\u00e1s r\u00e1pido y consigue un mejor rendimiento, lo que supone una experiencia superior al usar el tel\u00e9fono inteligente.<\/li>\n<\/ul>\n<\/div>\n<\/div>\n<\/div>\n<\/div>\n<\/div>\n<\/div>\n<\/div>\n<p>&nbsp;<\/p>\n<div id=\"flix\"><\/div>\n<div id=\"ccs-inline-content\" class=\"col-xs-12 row margin-top-30\">\n<div id=\"inline-110a9d\" class=\"ccs-cc-inline ccs-cc-inline-snd ccs-cc-lang-esgtm ccs-cc-block-inline\">\n<div class=\"ccs-clear\"><\/div>\n<div id=\"top-110a9d\" data-ccs-cc-inline-jumplink=\"Parte superior\" data-ccs-jumplink-hidden=\"true\"><\/div>\n<\/div>\n<\/div>\n","protected":false},"excerpt":{"rendered":"<ul>\n<li>Class 10<\/li>\n<li>microSDHC UHS-I<\/li>\n<\/ul>\n","protected":false},"featured_media":5295,"comment_status":"open","ping_status":"closed","template":"","meta":{"om_disable_all_campaigns":false,"_mi_skip_tracking":false,"site-sidebar-layout":"default","site-content-layout":"default","ast-global-header-display":"","ast-main-header-display":"","ast-hfb-above-header-display":"","ast-hfb-below-header-display":"","ast-hfb-mobile-header-display":"","site-post-title":"","ast-breadcrumbs-content":"","ast-featured-img":"","footer-sml-layout":"","theme-transparent-header-meta":"default","adv-header-id-meta":"","stick-header-meta":"","header-above-stick-meta":"","header-main-stick-meta":"","header-below-stick-meta":""},"product_cat":[148,145,146],"product_tag":[],"class_list":["post-5294","product","type-product","status-publish","has-post-thumbnail","hentry","product_cat-microsd","product_cat-sandisk","product_cat-tarjetas-de-memoria-flash","desktop-align-left","tablet-align-left","mobile-align-left"],"aioseo_notices":[],"_links":{"self":[{"href":"https:\/\/tecnomerch.com\/index.php\/wp-json\/wp\/v2\/product\/5294","targetHints":{"allow":["GET"]}}],"collection":[{"href":"https:\/\/tecnomerch.com\/index.php\/wp-json\/wp\/v2\/product"}],"about":[{"href":"https:\/\/tecnomerch.com\/index.php\/wp-json\/wp\/v2\/types\/product"}],"replies":[{"embeddable":true,"href":"https:\/\/tecnomerch.com\/index.php\/wp-json\/wp\/v2\/comments?post=5294"}],"version-history":[{"count":1,"href":"https:\/\/tecnomerch.com\/index.php\/wp-json\/wp\/v2\/product\/5294\/revisions"}],"predecessor-version":[{"id":5296,"href":"https:\/\/tecnomerch.com\/index.php\/wp-json\/wp\/v2\/product\/5294\/revisions\/5296"}],"wp:featuredmedia":[{"embeddable":true,"href":"https:\/\/tecnomerch.com\/index.php\/wp-json\/wp\/v2\/media\/5295"}],"wp:attachment":[{"href":"https:\/\/tecnomerch.com\/index.php\/wp-json\/wp\/v2\/media?parent=5294"}],"wp:term":[{"taxonomy":"product_cat","embeddable":true,"href":"https:\/\/tecnomerch.com\/index.php\/wp-json\/wp\/v2\/product_cat?post=5294"},{"taxonomy":"product_tag","embeddable":true,"href":"https:\/\/tecnomerch.com\/index.php\/wp-json\/wp\/v2\/product_tag?post=5294"}],"curies":[{"name":"wp","href":"https:\/\/api.w.org\/{rel}","templated":true}]}}