{"id":5285,"date":"2023-11-12T06:49:26","date_gmt":"2023-11-12T06:49:26","guid":{"rendered":"https:\/\/tecnomerch.com\/?post_type=product&#038;p=5285"},"modified":"2023-11-12T06:49:26","modified_gmt":"2023-11-12T06:49:26","slug":"kingston-canvas-select-plus-tarjeta-de-memoria-flash-adaptador-microsdhc-a-sd-incluido-32-gb","status":"publish","type":"product","link":"https:\/\/tecnomerch.com\/index.php\/product\/kingston-canvas-select-plus-tarjeta-de-memoria-flash-adaptador-microsdhc-a-sd-incluido-32-gb\/","title":{"rendered":"Kingston Canvas Select Plus &#8211; Tarjeta de memoria flash (adaptador microSDHC a SD Incluido) &#8211; 32 GB"},"content":{"rendered":"<div id=\"tabsPanel\">\n<div id=\"tabsDetail\" class=\"notBorderRadius\">\n<div class=\"responsive-tabs-container accordion-xs\">\n<div class=\"tab-content\">\n<div id=\"tabs-1\" class=\"collapse tab-pane fade in active\" role=\"tabpanel\">\n<div class=\"font-bold text-muted dotted-bottom no-margin\">Descripci\u00f3n del producto<\/div>\n<div class=\"font-compact-12\">La microSD Canvas Select Plus de Kingston es compatible con dispositivos Android y est\u00e1 dise\u00f1ada con un rendimiento de calificaci\u00f3n A1. Ofrece una velocidad y capacidad mejoradas para cargar m\u00e1s r\u00e1pido las aplicaciones y capturar im\u00e1genes y videos. Potente en rendimiento, velocidad y durabilidad, la microSD Canvas Select Plus est\u00e1 dise\u00f1ada para ser confiable al tomar y desarrollar fotos de alta resoluci\u00f3n o al filmar y editar videos Full HD. Las tarjetas Kingston Canvas son resistentes en los entornos y condiciones m\u00e1s dif\u00edciles, por lo que puede llevarlas a cualquier parte con la seguridad de que sus fotos, videos y archivos estar\u00e1n protegidos.<\/div>\n<div class=\"clearfix\">\n<div class=\"group-section font-bold\">Caracter\u00edsticas del producto<\/div>\n<div class=\"font-compact-12\">\n<ul>\n<li><strong>Velocidades m\u00e1s r\u00e1pidas<\/strong><br \/>\nVelocidades de Clase 10 UHS-I hasta 100MB\/s.<\/li>\n<li><strong>Optimizadas para usar con dispositivos Android<\/strong><br \/>\nMejor desempe\u00f1o cuando se usa con un smartphone o tableta Android.<\/li>\n<li><strong>Gran capacidad<\/strong><br \/>\nExcelente capacidad para almacenar todas sus fotos y videos memorables.<\/li>\n<li><strong>Durable<\/strong><br \/>\nPara su tranquilidad, la tarjeta es a prueba de agua, a prueba de temperatura, a prueba de impactos y vibraci\u00f3n, y a prueba de rayos X.<\/li>\n<\/ul>\n<\/div>\n<\/div>\n<\/div>\n<\/div>\n<\/div>\n<\/div>\n<\/div>\n","protected":false},"excerpt":{"rendered":"<ul>\n<li>A1 \/ Video Class V10 \/ UHS Class 1 \/ Class10<\/li>\n<li>microSDHC UHS-I<\/li>\n<\/ul>\n","protected":false},"featured_media":5286,"comment_status":"open","ping_status":"closed","template":"","meta":{"om_disable_all_campaigns":false,"_mi_skip_tracking":false,"site-sidebar-layout":"default","site-content-layout":"default","ast-global-header-display":"","ast-main-header-display":"","ast-hfb-above-header-display":"","ast-hfb-below-header-display":"","ast-hfb-mobile-header-display":"","site-post-title":"","ast-breadcrumbs-content":"","ast-featured-img":"","footer-sml-layout":"","theme-transparent-header-meta":"default","adv-header-id-meta":"","stick-header-meta":"","header-above-stick-meta":"","header-main-stick-meta":"","header-below-stick-meta":""},"product_cat":[147,146],"product_tag":[],"class_list":["post-5285","product","type-product","status-publish","has-post-thumbnail","hentry","product_cat-kingston","product_cat-tarjetas-de-memoria-flash","desktop-align-left","tablet-align-left","mobile-align-left"],"aioseo_notices":[],"_links":{"self":[{"href":"https:\/\/tecnomerch.com\/index.php\/wp-json\/wp\/v2\/product\/5285","targetHints":{"allow":["GET"]}}],"collection":[{"href":"https:\/\/tecnomerch.com\/index.php\/wp-json\/wp\/v2\/product"}],"about":[{"href":"https:\/\/tecnomerch.com\/index.php\/wp-json\/wp\/v2\/types\/product"}],"replies":[{"embeddable":true,"href":"https:\/\/tecnomerch.com\/index.php\/wp-json\/wp\/v2\/comments?post=5285"}],"version-history":[{"count":1,"href":"https:\/\/tecnomerch.com\/index.php\/wp-json\/wp\/v2\/product\/5285\/revisions"}],"predecessor-version":[{"id":5287,"href":"https:\/\/tecnomerch.com\/index.php\/wp-json\/wp\/v2\/product\/5285\/revisions\/5287"}],"wp:featuredmedia":[{"embeddable":true,"href":"https:\/\/tecnomerch.com\/index.php\/wp-json\/wp\/v2\/media\/5286"}],"wp:attachment":[{"href":"https:\/\/tecnomerch.com\/index.php\/wp-json\/wp\/v2\/media?parent=5285"}],"wp:term":[{"taxonomy":"product_cat","embeddable":true,"href":"https:\/\/tecnomerch.com\/index.php\/wp-json\/wp\/v2\/product_cat?post=5285"},{"taxonomy":"product_tag","embeddable":true,"href":"https:\/\/tecnomerch.com\/index.php\/wp-json\/wp\/v2\/product_tag?post=5285"}],"curies":[{"name":"wp","href":"https:\/\/api.w.org\/{rel}","templated":true}]}}