{"id":5271,"date":"2023-11-12T06:40:50","date_gmt":"2023-11-12T06:40:50","guid":{"rendered":"https:\/\/tecnomerch.com\/?post_type=product&#038;p=5271"},"modified":"2023-11-12T06:40:50","modified_gmt":"2023-11-12T06:40:50","slug":"intel-xeon-gold-5318y-2-1-ghz-24-nucleos-dell","status":"publish","type":"product","link":"https:\/\/tecnomerch.com\/index.php\/product\/intel-xeon-gold-5318y-2-1-ghz-24-nucleos-dell\/","title":{"rendered":"Intel Xeon Gold 5318Y &#8211; 2.1 GHz &#8211; 24 n\u00facleos Dell"},"content":{"rendered":"<div id=\"tabsPanel\">\n<div id=\"tabsDetail\" class=\"notBorderRadius\">\n<div class=\"responsive-tabs-container accordion-xs\">\n<div class=\"tab-content\">\n<div id=\"tabs-1\" class=\"collapse tab-pane fade in active\" role=\"tabpanel\">\n<div class=\"font-bold text-muted dotted-bottom no-margin\">Descripci\u00f3n del producto<\/div>\n<div class=\"font-compact-12\">Sus Tecnolog\u00edas de Monitorizaci\u00f3n T\u00e9rmica protegen el paquete del procesador y el sistema de fallos t\u00e9rmicos a trav\u00e9s de varias funciones de gesti\u00f3n t\u00e9rmica. La VT-x con tablas de p\u00e1ginas extendidas (EPT), tambi\u00e9n conocida como traducci\u00f3n de direcciones de segundo nivel (SLAT), proporciona aceleraci\u00f3n para aplicaciones virtualizadas con uso intensivo de memoria. Repleto de m\u00e1s funciones, el procesador Xeon Gold 5318Y de veinte y cuatro n\u00facleos a 2,1 GHz es la opci\u00f3n ideal para pr\u00e1cticamente todas sus aplicaciones de infraestructura empresarial est\u00e1ndar o exigentes con los datos.<\/div>\n<\/div>\n<\/div>\n<\/div>\n<\/div>\n<\/div>\n<p>&nbsp;<\/p>\n<div id=\"flix\"><\/div>\n","protected":false},"excerpt":{"rendered":"<div class=\"font-compact-12 items hidden-xs\">\n<ul>\n<li>48 hilos<\/li>\n<li>36 MB cach\u00e9<\/li>\n<\/ul>\n<\/div>\n<div class=\"text-muted font-compact center-xs\">\n<div class=\"text-inline\"><\/div>\n<\/div>\n","protected":false},"featured_media":5272,"comment_status":"open","ping_status":"closed","template":"","meta":{"om_disable_all_campaigns":false,"_mi_skip_tracking":false,"site-sidebar-layout":"default","site-content-layout":"default","ast-global-header-display":"","ast-main-header-display":"","ast-hfb-above-header-display":"","ast-hfb-below-header-display":"","ast-hfb-mobile-header-display":"","site-post-title":"","ast-breadcrumbs-content":"","ast-featured-img":"","footer-sml-layout":"","theme-transparent-header-meta":"default","adv-header-id-meta":"","stick-header-meta":"","header-above-stick-meta":"","header-main-stick-meta":"","header-below-stick-meta":""},"product_cat":[120,86,85],"product_tag":[],"class_list":["post-5271","product","type-product","status-publish","has-post-thumbnail","hentry","product_cat-accesorios-para-computadoras","product_cat-intel","product_cat-procesador","desktop-align-left","tablet-align-left","mobile-align-left"],"aioseo_notices":[],"_links":{"self":[{"href":"https:\/\/tecnomerch.com\/index.php\/wp-json\/wp\/v2\/product\/5271","targetHints":{"allow":["GET"]}}],"collection":[{"href":"https:\/\/tecnomerch.com\/index.php\/wp-json\/wp\/v2\/product"}],"about":[{"href":"https:\/\/tecnomerch.com\/index.php\/wp-json\/wp\/v2\/types\/product"}],"replies":[{"embeddable":true,"href":"https:\/\/tecnomerch.com\/index.php\/wp-json\/wp\/v2\/comments?post=5271"}],"version-history":[{"count":1,"href":"https:\/\/tecnomerch.com\/index.php\/wp-json\/wp\/v2\/product\/5271\/revisions"}],"predecessor-version":[{"id":5273,"href":"https:\/\/tecnomerch.com\/index.php\/wp-json\/wp\/v2\/product\/5271\/revisions\/5273"}],"wp:featuredmedia":[{"embeddable":true,"href":"https:\/\/tecnomerch.com\/index.php\/wp-json\/wp\/v2\/media\/5272"}],"wp:attachment":[{"href":"https:\/\/tecnomerch.com\/index.php\/wp-json\/wp\/v2\/media?parent=5271"}],"wp:term":[{"taxonomy":"product_cat","embeddable":true,"href":"https:\/\/tecnomerch.com\/index.php\/wp-json\/wp\/v2\/product_cat?post=5271"},{"taxonomy":"product_tag","embeddable":true,"href":"https:\/\/tecnomerch.com\/index.php\/wp-json\/wp\/v2\/product_tag?post=5271"}],"curies":[{"name":"wp","href":"https:\/\/api.w.org\/{rel}","templated":true}]}}