{"id":5242,"date":"2023-11-12T06:25:44","date_gmt":"2023-11-12T06:25:44","guid":{"rendered":"https:\/\/tecnomerch.com\/?post_type=product&#038;p=5242"},"modified":"2025-09-28T11:13:00","modified_gmt":"2025-09-28T11:13:00","slug":"intel-core-i5-13600kf-3-5-ghz-14-nucleos","status":"publish","type":"product","link":"https:\/\/tecnomerch.com\/index.php\/product\/intel-core-i5-13600kf-3-5-ghz-14-nucleos\/","title":{"rendered":"Intel Core i5 13600KF &#8211; 3.5 GHz &#8211; 14 n\u00facleos"},"content":{"rendered":"<div id=\"tabsPanel\">\n<div id=\"tabsDetail\" class=\"notBorderRadius\">\n<div class=\"responsive-tabs-container accordion-xs\">\n<div class=\"tab-content\">\n<div id=\"tabs-1\" class=\"collapse tab-pane fade in active\" role=\"tabpanel\">\n<div class=\"font-bold text-muted dotted-bottom no-margin\">Descripci\u00f3n del producto<\/div>\n<div class=\"font-compact-12\">Crea, edita, comparte contenido 4K y disfruta de experiencias envolventes con estos procesadores.<\/div>\n<div class=\"clearfix\">\n<div class=\"group-section font-bold\">Caracter\u00edsticas del producto<\/div>\n<div class=\"font-compact-12\">\n<ul>\n<li><strong>Intel Wi-Fi 6 (Gig+)<\/strong><br \/>\nGracias a Intel Wi-Fi 6 (Gig+), los ordenadores y las redes inal\u00e1mbricas ofrecen todo un avance generacional en materia de rendimiento Wi-Fi, gesti\u00f3n del tr\u00e1fico, mejoras en la latencia y la seguridad, y una experiencia sin interferencias para conseguir la mejor conectividad de su clase.<\/li>\n<li><strong>Convierte tu ordenador en un centro de entretenimiento<\/strong><br \/>\nConsigue un centro de entretenimiento fant\u00e1stico: transmite v\u00eddeos 4K, impulsa la realidad virtual y juega a los videojuegos m\u00e1s exigentes. Con 4 veces m\u00e1s p\u00edxeles en pantalla que una HD tradicional, puedes disfrutar de im\u00e1genes n\u00edtidas como las de la vida real, sombras complejas y frecuencias de fotogramas r\u00e1pidas, y todo esto sin pr\u00e1cticamente intermitencias, b\u00faferes o demoras. Adem\u00e1s, prep\u00e1rate para las experiencias inmersivas revolucionarias que est\u00e1n por llegar.<\/li>\n<li><strong>Colaboraci\u00f3n<\/strong><br \/>\nMejora tu experiencia colaborativa con caracter\u00edsticas de IA, entre ellas la cancelaci\u00f3n de ruido neural y el desenfoque de fondo. La conectividad Wi-Fi mejor de su clase con Intel Wi-Fi 6 (Gig +) ofrece una conexi\u00f3n sensible y fiable para lograr una conectividad envolvente.<\/li>\n<\/ul>\n<\/div>\n<\/div>\n<\/div>\n<\/div>\n<\/div>\n<\/div>\n<\/div>\n<p>&nbsp;<\/p>\n<div id=\"flix\"><\/div>\n","protected":false},"excerpt":{"rendered":"<div class=\"font-compact-12 items hidden-xs\">\n<ul>\n<li>20 hilos<\/li>\n<li>24 MB cach\u00e9<\/li>\n<li>LGA1700 Socket<\/li>\n<li>Caja<\/li>\n<\/ul>\n<\/div>\n<div class=\"text-muted font-compact center-xs\">\n<div class=\"text-inline\"><\/div>\n<\/div>\n","protected":false},"featured_media":5237,"comment_status":"open","ping_status":"closed","template":"","meta":{"om_disable_all_campaigns":false,"_mi_skip_tracking":false,"site-sidebar-layout":"default","site-content-layout":"default","ast-global-header-display":"","ast-main-header-display":"","ast-hfb-above-header-display":"","ast-hfb-below-header-display":"","ast-hfb-mobile-header-display":"","site-post-title":"","ast-breadcrumbs-content":"","ast-featured-img":"","footer-sml-layout":"","theme-transparent-header-meta":"default","adv-header-id-meta":"","stick-header-meta":"","header-above-stick-meta":"","header-main-stick-meta":"","header-below-stick-meta":""},"product_cat":[120,85],"product_tag":[],"class_list":["post-5242","product","type-product","status-publish","has-post-thumbnail","hentry","product_cat-accesorios-para-computadoras","product_cat-procesador","desktop-align-left","tablet-align-left","mobile-align-left"],"aioseo_notices":[],"_links":{"self":[{"href":"https:\/\/tecnomerch.com\/index.php\/wp-json\/wp\/v2\/product\/5242","targetHints":{"allow":["GET"]}}],"collection":[{"href":"https:\/\/tecnomerch.com\/index.php\/wp-json\/wp\/v2\/product"}],"about":[{"href":"https:\/\/tecnomerch.com\/index.php\/wp-json\/wp\/v2\/types\/product"}],"replies":[{"embeddable":true,"href":"https:\/\/tecnomerch.com\/index.php\/wp-json\/wp\/v2\/comments?post=5242"}],"version-history":[{"count":1,"href":"https:\/\/tecnomerch.com\/index.php\/wp-json\/wp\/v2\/product\/5242\/revisions"}],"predecessor-version":[{"id":5243,"href":"https:\/\/tecnomerch.com\/index.php\/wp-json\/wp\/v2\/product\/5242\/revisions\/5243"}],"wp:featuredmedia":[{"embeddable":true,"href":"https:\/\/tecnomerch.com\/index.php\/wp-json\/wp\/v2\/media\/5237"}],"wp:attachment":[{"href":"https:\/\/tecnomerch.com\/index.php\/wp-json\/wp\/v2\/media?parent=5242"}],"wp:term":[{"taxonomy":"product_cat","embeddable":true,"href":"https:\/\/tecnomerch.com\/index.php\/wp-json\/wp\/v2\/product_cat?post=5242"},{"taxonomy":"product_tag","embeddable":true,"href":"https:\/\/tecnomerch.com\/index.php\/wp-json\/wp\/v2\/product_tag?post=5242"}],"curies":[{"name":"wp","href":"https:\/\/api.w.org\/{rel}","templated":true}]}}