{"id":5233,"date":"2023-11-12T06:21:37","date_gmt":"2023-11-12T06:21:37","guid":{"rendered":"https:\/\/tecnomerch.com\/?post_type=product&#038;p=5233"},"modified":"2023-11-12T06:21:37","modified_gmt":"2023-11-12T06:21:37","slug":"intel-core-i7-10700-2-9-ghz-8-nucleos","status":"publish","type":"product","link":"https:\/\/tecnomerch.com\/index.php\/product\/intel-core-i7-10700-2-9-ghz-8-nucleos\/","title":{"rendered":"Intel Core i7 10700 &#8211; 2.9 GHz &#8211; 8 n\u00facleos"},"content":{"rendered":"<div id=\"tabsPanel\">\n<div id=\"tabsDetail\" class=\"notBorderRadius\">\n<div class=\"responsive-tabs-container accordion-xs\">\n<div class=\"tab-content\">\n<div id=\"tabs-1\" class=\"collapse tab-pane fade in active\" role=\"tabpanel\">\n<div class=\"font-bold text-muted dotted-bottom no-margin\">Descripci\u00f3n del producto<\/div>\n<div class=\"font-compact-12\">Los procesadores Intel Core i7 traen la inteligencia artificial (AI) a gran escala a los ordenadores. Gracias a una aceleraci\u00f3n del rendimiento de AI excelente, gr\u00e1ficos con el doble de rendimiento y velocidades inal\u00e1mbricas el triple de r\u00e1pidas de Intel y el puerto m\u00e1s r\u00e1pido y vers\u00e1til a trav\u00e9s de la tecnolog\u00eda Thunderbolt 3, estos procesadores ofrecen un alto nivel de integraci\u00f3n para impulsar las experiencias en PC de hoy y del futuro.<\/div>\n<div class=\"clearfix\">\n<div class=\"group-section font-bold\">Caracter\u00edsticas del producto<\/div>\n<div class=\"font-compact-12\">\n<ul>\n<li><strong>Intel Wi-Fi<\/strong><br \/>\nGracias a Intel Wi-Fi, los ordenadores y las redes inal\u00e1mbricas ofrecen todo un avance generacional en materia de rendimiento Wi-Fi, gesti\u00f3n del tr\u00e1fico, mejoras en la latencia y la seguridad, y una experiencia sin interferencias para conseguir gran conectividad.<\/li>\n<li><strong>Rendimiento inteligente<\/strong><br \/>\nOptimice el rendimiento del ordenador y consiga la experiencia que siempre ha deseado con las instrucciones de la AI integrada en los procesadores Intel Core. El procesador Intel Core i7 ofrece un rendimiento de AI excelente gracias a Intel Deep Learning Boost.<\/li>\n<li><strong>Convierta su ordenador en un centro de entretenimiento<\/strong><br \/>\nConsiga un centro de entretenimiento fant\u00e1stico: haga streaming de v\u00eddeos 4K, impulse la realidad virtual y juegue a los videojuegos m\u00e1s exigentes. Con 4x m\u00e1s p\u00edxeles en pantalla que una HD tradicional, puede disfrutar de im\u00e1genes n\u00edtidas como las de la vida real, sombras complejas y frecuencias de fotogramas r\u00e1pidas, y todo esto sin pr\u00e1cticamente intermitencias, b\u00faferes o demoras. Adem\u00e1s, prep\u00e1rese para las experiencias inmersivas revolucionarias que est\u00e1n por llegar.<\/li>\n<li><strong>M\u00faltiples servicios de voz<\/strong><br \/>\nSimplifique su vida con unas interacciones m\u00e1s naturales con los m\u00faltiples servicios de voz que le ayudar\u00e1n a buscar en Internet, controlar las luces y la temperatura de su hogar, reproducir m\u00fasica e incluso hacer la compra mediante el sonido de la voz, ya est\u00e9 en su casa o fuera de ella.<\/li>\n<\/ul>\n<\/div>\n<\/div>\n<\/div>\n<\/div>\n<\/div>\n<\/div>\n<\/div>\n","protected":false},"excerpt":{"rendered":"<div class=\"font-compact-12 items hidden-xs\">\n<ul>\n<li>16 hilos<\/li>\n<li>16 MB cach\u00e9<\/li>\n<li>LGA1200 Socket<\/li>\n<li>Caja<\/li>\n<\/ul>\n<\/div>\n<div class=\"text-muted font-compact center-xs\">\n<div class=\"text-inline\"><\/div>\n<\/div>\n","protected":false},"featured_media":5234,"comment_status":"open","ping_status":"closed","template":"","meta":{"om_disable_all_campaigns":false,"_mi_skip_tracking":false,"site-sidebar-layout":"default","site-content-layout":"default","ast-global-header-display":"","ast-main-header-display":"","ast-hfb-above-header-display":"","ast-hfb-below-header-display":"","ast-hfb-mobile-header-display":"","site-post-title":"","ast-breadcrumbs-content":"","ast-featured-img":"","footer-sml-layout":"","theme-transparent-header-meta":"default","adv-header-id-meta":"","stick-header-meta":"","header-above-stick-meta":"","header-main-stick-meta":"","header-below-stick-meta":""},"product_cat":[120,85],"product_tag":[],"class_list":["post-5233","product","type-product","status-publish","has-post-thumbnail","hentry","product_cat-accesorios-para-computadoras","product_cat-procesador","desktop-align-left","tablet-align-left","mobile-align-left"],"aioseo_notices":[],"_links":{"self":[{"href":"https:\/\/tecnomerch.com\/index.php\/wp-json\/wp\/v2\/product\/5233","targetHints":{"allow":["GET"]}}],"collection":[{"href":"https:\/\/tecnomerch.com\/index.php\/wp-json\/wp\/v2\/product"}],"about":[{"href":"https:\/\/tecnomerch.com\/index.php\/wp-json\/wp\/v2\/types\/product"}],"replies":[{"embeddable":true,"href":"https:\/\/tecnomerch.com\/index.php\/wp-json\/wp\/v2\/comments?post=5233"}],"version-history":[{"count":1,"href":"https:\/\/tecnomerch.com\/index.php\/wp-json\/wp\/v2\/product\/5233\/revisions"}],"predecessor-version":[{"id":5235,"href":"https:\/\/tecnomerch.com\/index.php\/wp-json\/wp\/v2\/product\/5233\/revisions\/5235"}],"wp:featuredmedia":[{"embeddable":true,"href":"https:\/\/tecnomerch.com\/index.php\/wp-json\/wp\/v2\/media\/5234"}],"wp:attachment":[{"href":"https:\/\/tecnomerch.com\/index.php\/wp-json\/wp\/v2\/media?parent=5233"}],"wp:term":[{"taxonomy":"product_cat","embeddable":true,"href":"https:\/\/tecnomerch.com\/index.php\/wp-json\/wp\/v2\/product_cat?post=5233"},{"taxonomy":"product_tag","embeddable":true,"href":"https:\/\/tecnomerch.com\/index.php\/wp-json\/wp\/v2\/product_tag?post=5233"}],"curies":[{"name":"wp","href":"https:\/\/api.w.org\/{rel}","templated":true}]}}