{"id":5217,"date":"2023-11-12T06:13:16","date_gmt":"2023-11-12T06:13:16","guid":{"rendered":"https:\/\/tecnomerch.com\/?post_type=product&#038;p=5217"},"modified":"2023-11-12T06:13:16","modified_gmt":"2023-11-12T06:13:16","slug":"intel-core-i3-12100-3-3-ghz-4-nucleos","status":"publish","type":"product","link":"https:\/\/tecnomerch.com\/index.php\/product\/intel-core-i3-12100-3-3-ghz-4-nucleos\/","title":{"rendered":"Intel Core i3 12100 &#8211; 3.3 GHz &#8211; 4 n\u00facleos"},"content":{"rendered":"<div id=\"tabsPanel\">\n<div id=\"tabsDetail\" class=\"notBorderRadius\">\n<div class=\"responsive-tabs-container accordion-xs\">\n<div class=\"tab-content\">\n<div id=\"tabs-1\" class=\"collapse tab-pane fade in active\" role=\"tabpanel\">\n<div class=\"font-bold text-muted dotted-bottom no-margin\">Descripci\u00f3n del producto<\/div>\n<div class=\"font-compact-12\">Como primer nivel de la familia de procesadores Intel, el procesador Intel Core i3 es el punto de entrada ideal para una experiencia inform\u00e1tica r\u00e1pida y con capacidad de respuesta.<\/div>\n<div class=\"clearfix\">\n<div class=\"group-section font-bold\">Caracter\u00edsticas del producto<\/div>\n<div class=\"font-compact-12\">\n<ul>\n<li><strong>El procesamiento dual-core de 32 nm<\/strong><br \/>\nEl procesamiento dual-core de 32 nm ejecuta dos n\u00facleos de procesador independientes en un mismo encapsulado f\u00edsico a la misma frecuencia.<\/li>\n<li><strong>La tecnolog\u00eda Intel Hyper-Threading<\/strong><br \/>\nLa tecnolog\u00eda Intel Hyper-Threading ofrece dos subprocesos de procesamiento por n\u00facleo f\u00edsico, lo que da un total de cuatro subprocesos para un rendimiento inform\u00e1tico masivo. Este procesamiento de tareas m\u00faltiples de 4 v\u00edas permite que cada n\u00facleo de su procesador trabaje en dos tareas al mismo tiempo.<\/li>\n<li><strong>La cach\u00e9 Intel inteligente<\/strong><br \/>\nLa cach\u00e9 Intel inteligente es una cach\u00e9 compartida que se asigna din\u00e1micamente a cada n\u00facleo del procesador seg\u00fan la carga de trabajo. Esta implementaci\u00f3n eficiente, optimizada para dual-core, aumenta las probabilidades de que cada n\u00facleo pueda acceder a datos de la cach\u00e9 r\u00e1pida, lo que reduce significativamente la latencia de los datos utilizados frecuentemente y mejora el desempe\u00f1o.<\/li>\n<\/ul>\n<\/div>\n<\/div>\n<\/div>\n<\/div>\n<\/div>\n<\/div>\n<\/div>\n<p>&nbsp;<\/p>\n<div id=\"flix\"><\/div>\n","protected":false},"excerpt":{"rendered":"<ul>\n<li>8 hilos<\/li>\n<li>12 MB cach\u00e9<\/li>\n<li>LGA1700 Socket<\/li>\n<li>Caja<\/li>\n<\/ul>\n","protected":false},"featured_media":5218,"comment_status":"open","ping_status":"closed","template":"","meta":{"om_disable_all_campaigns":false,"_mi_skip_tracking":false,"site-sidebar-layout":"default","site-content-layout":"default","ast-global-header-display":"","ast-main-header-display":"","ast-hfb-above-header-display":"","ast-hfb-below-header-display":"","ast-hfb-mobile-header-display":"","site-post-title":"","ast-breadcrumbs-content":"","ast-featured-img":"","footer-sml-layout":"","theme-transparent-header-meta":"default","adv-header-id-meta":"","stick-header-meta":"","header-above-stick-meta":"","header-main-stick-meta":"","header-below-stick-meta":""},"product_cat":[120,85],"product_tag":[],"class_list":["post-5217","product","type-product","status-publish","has-post-thumbnail","hentry","product_cat-accesorios-para-computadoras","product_cat-procesador","desktop-align-left","tablet-align-left","mobile-align-left"],"aioseo_notices":[],"_links":{"self":[{"href":"https:\/\/tecnomerch.com\/index.php\/wp-json\/wp\/v2\/product\/5217","targetHints":{"allow":["GET"]}}],"collection":[{"href":"https:\/\/tecnomerch.com\/index.php\/wp-json\/wp\/v2\/product"}],"about":[{"href":"https:\/\/tecnomerch.com\/index.php\/wp-json\/wp\/v2\/types\/product"}],"replies":[{"embeddable":true,"href":"https:\/\/tecnomerch.com\/index.php\/wp-json\/wp\/v2\/comments?post=5217"}],"version-history":[{"count":1,"href":"https:\/\/tecnomerch.com\/index.php\/wp-json\/wp\/v2\/product\/5217\/revisions"}],"predecessor-version":[{"id":5219,"href":"https:\/\/tecnomerch.com\/index.php\/wp-json\/wp\/v2\/product\/5217\/revisions\/5219"}],"wp:featuredmedia":[{"embeddable":true,"href":"https:\/\/tecnomerch.com\/index.php\/wp-json\/wp\/v2\/media\/5218"}],"wp:attachment":[{"href":"https:\/\/tecnomerch.com\/index.php\/wp-json\/wp\/v2\/media?parent=5217"}],"wp:term":[{"taxonomy":"product_cat","embeddable":true,"href":"https:\/\/tecnomerch.com\/index.php\/wp-json\/wp\/v2\/product_cat?post=5217"},{"taxonomy":"product_tag","embeddable":true,"href":"https:\/\/tecnomerch.com\/index.php\/wp-json\/wp\/v2\/product_tag?post=5217"}],"curies":[{"name":"wp","href":"https:\/\/api.w.org\/{rel}","templated":true}]}}