{"id":5183,"date":"2023-11-12T05:48:57","date_gmt":"2023-11-12T05:48:57","guid":{"rendered":"https:\/\/tecnomerch.com\/?post_type=product&#038;p=5183"},"modified":"2023-11-12T05:48:57","modified_gmt":"2023-11-12T05:48:57","slug":"asus-rog-strix-z690-f-gaming-wifi-placa-base-atx","status":"publish","type":"product","link":"https:\/\/tecnomerch.com\/index.php\/product\/asus-rog-strix-z690-f-gaming-wifi-placa-base-atx\/","title":{"rendered":"ASUS ROG STRIX Z690-F GAMING WIFI &#8211; Placa base &#8211; ATX"},"content":{"rendered":"<div class=\"font-bold text-muted dotted-bottom no-margin\">Descripci\u00f3n del producto<\/div>\n<div class=\"font-compact-12\">La ROG Strix Z690-F Gaming WiFi cuenta con un suministro de energ\u00eda y refrigeraci\u00f3n de primera calidad para sacar el m\u00e1ximo partido de los procesadores Intel Core de 12.\u00aa Gen. La compatibilidad con memoria DDR5 y tarjetas gr\u00e1ficas PCIe 5.0 permite acelerar los tiempos de carga y las frecuencias de cuadro y los controles inteligentes de ASUS ayudan a optimizar la configuraci\u00f3n del PC. WiFi 6E integrado ofrece conexiones m\u00e1s r\u00e1pidas y tambi\u00e9n incorpora diversas funciones que simplifican el proceso de montaje del PC.<\/div>\n<div class=\"clearfix\">\n<div class=\"group-section font-bold\">Caracter\u00edsticas del producto<\/div>\n<div class=\"font-compact-12\">\n<ul>\n<li><strong>Etapas de potencia agrupadas<\/strong><br \/>\nLas 16+1 etapas de potencia combinan MOSFETS de perfil bajo\/alto y controladores en un paquete capaz de entregar la potencia y eficiencia que necesitan los nuevos procesadores de Intel.<\/li>\n<li><strong>CONECTIVIDAD L\u00cdDER<\/strong><br \/>\nLa ROG Strix Z690-F Gaming WiFi D4 incluye una conectividad incre\u00edblemente r\u00e1pida para que disfrutes de experiencias online y transferencias de datos m\u00e1s r\u00e1pidas. El sonido de alta calidad te permite competir con ventaja y te sumerge en los juegos online, permiti\u00e9ndote localizar a tus oponentes antes de que ellos puedan hacerlo.<\/li>\n<li><strong>Rendimiento PCIe<\/strong><br \/>\nCon cuatro ranuras M.2 situadas estrat\u00e9gicamente, la ROG Strix Z690-F Gaming WiFi D4 aprovecha al m\u00e1ximo el ancho de banda de la CPU y el chipset para soportar unidades SSD PCIe Gen 4.0, configuraciones RAID Intel NVM Express y unidades de alta capacidad que superan de largo a las SATA.<\/li>\n<li><strong>Play in style<\/strong><br \/>\nCombina tu ROG Strix Z690-F Gaming WiFi D4 con otros productos del ecosistema ROG para crear un equipo de gaming que refleje tu estilo personal.<\/li>\n<li><strong>Inequ\u00edvocamente ROG STRIX<\/strong><br \/>\nLa pantalla acr\u00edlica iluminada en la cubierta de E\/S crea la ilusi\u00f3n de una placa de circuitos bajo el logotipo ROG RGB. Mientras que los toques de metal cepillado y el tejido cosido del organizador de cables ROG Strix decoran la placa base con una variedad de texturas. Por \u00faltimo, pero no menos importante, el patr\u00f3n de iluminaci\u00f3n especial integrado en la placa base a\u00f1ade una colorida forma de entender el mundo gaming.<\/li>\n<li><strong>ROG te da m\u00e1s<\/strong><br \/>\nLas utilidades de software exclusivas de ROG incluyen ajustes intuitivos de audio y mejoras de gaming pensadas para que configures tu sistema de la manera que prefieras. Los programas incluidos como AIDA64 y MemTest86 permiten realizar pruebas de rendimiento de componentes individuales y de todo el sistema.<\/li>\n<li><strong>5-WAY OPTIMIZATION<\/strong><br \/>\nRealiza complejos ajustes pulsando un solo bot\u00f3n. ASUS 5-Way Optimization es una utilidad que acelera el procesador y ajusta la ventilaci\u00f3n para ofrecerte el equilibrio ideal entre rendimiento y ruido.<\/li>\n<\/ul>\n<\/div>\n<\/div>\n","protected":false},"excerpt":{"rendered":"<ul>\n<li>Socket LGA1700<\/li>\n<li>Z690 Chipset<\/li>\n<li>USB-C Gen2, USB 3.2 Gen 1, USB 3.2 Gen 2, USB-C Gen 2&#215;2<\/li>\n<li>2.5 Gigabit LAN, Bluetooth, Wi-Fi<\/li>\n<li>Tarjeta gr\u00e1fica (CPU necesaria)<\/li>\n<li>HD Audio (8-canales)<\/li>\n<\/ul>\n","protected":false},"featured_media":5184,"comment_status":"open","ping_status":"closed","template":"","meta":{"om_disable_all_campaigns":false,"_mi_skip_tracking":false,"site-sidebar-layout":"default","site-content-layout":"default","ast-global-header-display":"","ast-main-header-display":"","ast-hfb-above-header-display":"","ast-hfb-below-header-display":"","ast-hfb-mobile-header-display":"","site-post-title":"","ast-breadcrumbs-content":"","ast-featured-img":"","footer-sml-layout":"","theme-transparent-header-meta":"default","adv-header-id-meta":"","stick-header-meta":"","header-above-stick-meta":"","header-main-stick-meta":"","header-below-stick-meta":""},"product_cat":[120,84,140],"product_tag":[],"class_list":["post-5183","product","type-product","status-publish","has-post-thumbnail","hentry","product_cat-accesorios-para-computadoras","product_cat-tarjeta-madre","product_cat-tarjetas-madre","desktop-align-left","tablet-align-left","mobile-align-left"],"aioseo_notices":[],"_links":{"self":[{"href":"https:\/\/tecnomerch.com\/index.php\/wp-json\/wp\/v2\/product\/5183","targetHints":{"allow":["GET"]}}],"collection":[{"href":"https:\/\/tecnomerch.com\/index.php\/wp-json\/wp\/v2\/product"}],"about":[{"href":"https:\/\/tecnomerch.com\/index.php\/wp-json\/wp\/v2\/types\/product"}],"replies":[{"embeddable":true,"href":"https:\/\/tecnomerch.com\/index.php\/wp-json\/wp\/v2\/comments?post=5183"}],"version-history":[{"count":1,"href":"https:\/\/tecnomerch.com\/index.php\/wp-json\/wp\/v2\/product\/5183\/revisions"}],"predecessor-version":[{"id":5185,"href":"https:\/\/tecnomerch.com\/index.php\/wp-json\/wp\/v2\/product\/5183\/revisions\/5185"}],"wp:featuredmedia":[{"embeddable":true,"href":"https:\/\/tecnomerch.com\/index.php\/wp-json\/wp\/v2\/media\/5184"}],"wp:attachment":[{"href":"https:\/\/tecnomerch.com\/index.php\/wp-json\/wp\/v2\/media?parent=5183"}],"wp:term":[{"taxonomy":"product_cat","embeddable":true,"href":"https:\/\/tecnomerch.com\/index.php\/wp-json\/wp\/v2\/product_cat?post=5183"},{"taxonomy":"product_tag","embeddable":true,"href":"https:\/\/tecnomerch.com\/index.php\/wp-json\/wp\/v2\/product_tag?post=5183"}],"curies":[{"name":"wp","href":"https:\/\/api.w.org\/{rel}","templated":true}]}}