{"id":5107,"date":"2023-11-12T04:56:58","date_gmt":"2023-11-12T04:56:58","guid":{"rendered":"https:\/\/tecnomerch.com\/?post_type=product&#038;p=5107"},"modified":"2023-11-12T04:57:07","modified_gmt":"2023-11-12T04:57:07","slug":"startech-com-tarjeta-de-red-pci-express-de-1-puerto-gigabit-ethernet-adaptador-nic-pci-e-1x-rj45-hembra-perfil-bajo","status":"publish","type":"product","link":"https:\/\/tecnomerch.com\/index.php\/product\/startech-com-tarjeta-de-red-pci-express-de-1-puerto-gigabit-ethernet-adaptador-nic-pci-e-1x-rj45-hembra-perfil-bajo\/","title":{"rendered":"Tarjeta de Red PCI Express de 1 Puerto Gigabit Ethernet -Adaptador NIC PCI-E &#8211; 1x RJ45 Hembra &#8211; Perfil Bajo"},"content":{"rendered":"<div id=\"tabsPanel\">\n<div id=\"tabsDetail\" class=\"notBorderRadius\">\n<div class=\"responsive-tabs-container accordion-xs\">\n<div class=\"tab-content\">\n<div id=\"tabs-1\" class=\"collapse tab-pane fade in active\" role=\"tabpanel\">\n<div class=\"font-bold text-muted dotted-bottom no-margin\">Descripci\u00f3n del producto<\/div>\n<div class=\"font-compact-12\">La tarjeta viene preconfigurada con un bracket para su instalaci\u00f3n en perfil bajo\/altura media e incluye tambi\u00e9n un bracket de perfil est\u00e1ndar para su instalaci\u00f3n en una amplia gama de cajas de PC\/servidor, sin importar su factor de forma.<\/div>\n<\/div>\n<\/div>\n<\/div>\n<\/div>\n<\/div>\n","protected":false},"excerpt":{"rendered":"<ul>\n<li>Adaptador de red<\/li>\n<li>PCIe perfil bajo<\/li>\n<li>Gigabit Ethernet x 1<\/li>\n<\/ul>\n","protected":false},"featured_media":5108,"comment_status":"open","ping_status":"closed","template":"","meta":{"om_disable_all_campaigns":false,"_mi_skip_tracking":false,"site-sidebar-layout":"default","site-content-layout":"default","ast-global-header-display":"","ast-main-header-display":"","ast-hfb-above-header-display":"","ast-hfb-below-header-display":"","ast-hfb-mobile-header-display":"","site-post-title":"","ast-breadcrumbs-content":"","ast-featured-img":"","footer-sml-layout":"","theme-transparent-header-meta":"default","adv-header-id-meta":"","stick-header-meta":"","header-above-stick-meta":"","header-main-stick-meta":"","header-below-stick-meta":""},"product_cat":[135,123],"product_tag":[],"class_list":["post-5107","product","type-product","status-publish","has-post-thumbnail","hentry","product_cat-adaptadores-y-controladores","product_cat-startech","desktop-align-left","tablet-align-left","mobile-align-left"],"aioseo_notices":[],"_links":{"self":[{"href":"https:\/\/tecnomerch.com\/index.php\/wp-json\/wp\/v2\/product\/5107","targetHints":{"allow":["GET"]}}],"collection":[{"href":"https:\/\/tecnomerch.com\/index.php\/wp-json\/wp\/v2\/product"}],"about":[{"href":"https:\/\/tecnomerch.com\/index.php\/wp-json\/wp\/v2\/types\/product"}],"replies":[{"embeddable":true,"href":"https:\/\/tecnomerch.com\/index.php\/wp-json\/wp\/v2\/comments?post=5107"}],"version-history":[{"count":2,"href":"https:\/\/tecnomerch.com\/index.php\/wp-json\/wp\/v2\/product\/5107\/revisions"}],"predecessor-version":[{"id":5110,"href":"https:\/\/tecnomerch.com\/index.php\/wp-json\/wp\/v2\/product\/5107\/revisions\/5110"}],"wp:featuredmedia":[{"embeddable":true,"href":"https:\/\/tecnomerch.com\/index.php\/wp-json\/wp\/v2\/media\/5108"}],"wp:attachment":[{"href":"https:\/\/tecnomerch.com\/index.php\/wp-json\/wp\/v2\/media?parent=5107"}],"wp:term":[{"taxonomy":"product_cat","embeddable":true,"href":"https:\/\/tecnomerch.com\/index.php\/wp-json\/wp\/v2\/product_cat?post=5107"},{"taxonomy":"product_tag","embeddable":true,"href":"https:\/\/tecnomerch.com\/index.php\/wp-json\/wp\/v2\/product_tag?post=5107"}],"curies":[{"name":"wp","href":"https:\/\/api.w.org\/{rel}","templated":true}]}}