{"id":5078,"date":"2023-11-12T04:39:17","date_gmt":"2023-11-12T04:39:17","guid":{"rendered":"https:\/\/tecnomerch.com\/?post_type=product&#038;p=5078"},"modified":"2023-11-12T04:39:17","modified_gmt":"2023-11-12T04:39:17","slug":"viewsonic-pa503s-proyector-dlp-3d","status":"publish","type":"product","link":"https:\/\/tecnomerch.com\/index.php\/product\/viewsonic-pa503s-proyector-dlp-3d\/","title":{"rendered":"ViewSonic PA503S &#8211; Proyector DLP &#8211; 3D"},"content":{"rendered":"<div id=\"tabsPanel\">\n<div id=\"tabsDetail\" class=\"notBorderRadius\">\n<div class=\"responsive-tabs-container accordion-xs\">\n<div class=\"tab-content\">\n<div id=\"tabs-1\" class=\"collapse tab-pane fade in active\" role=\"tabpanel\">\n<div class=\"font-bold text-muted dotted-bottom no-margin\">Descripci\u00f3n del producto<\/div>\n<div class=\"font-compact-12\">El proyector PA503S de ViewSonic, con una excelente relaci\u00f3n precio\/rendimiento, tiene 3.600 l\u00famenes, resoluci\u00f3n SVGA nativa de 800 x 600, y un dise\u00f1o intuitivo y f\u00e1cil de usar. La exclusiva tecnolog\u00eda SuperColor ofrece una amplia gama de colores para la proyecci\u00f3n de im\u00e1genes hermosas en casi cualquier entorno. El PA503S tambi\u00e9n incluye amplias opciones de conectividad, que incluyen entrada HDMI, VGA x2, salida VGA, video compuesto y entrada. La funci\u00f3n SuperEco para ahorrar energ\u00eda reduce el consumo de electricidad y prolonga la vida \u00fatil de la l\u00e1mpara en hasta 15.000 horas. Gracias a las funciones audiovisuales avanzadas, las opciones de conectividad flexibles y el precio accesible, el PA503S es ideal para usar en entornos educativos y peque\u00f1as empresas.<\/div>\n<\/div>\n<\/div>\n<\/div>\n<\/div>\n<\/div>\n","protected":false},"excerpt":{"rendered":"<ul>\n<li>3800 ANSI lumens<\/li>\n<li>SVGA (800 x 600)<\/li>\n<li>4:3<\/li>\n<li>con 1 a\u00f1o de servicio de cambio urgente<\/li>\n<\/ul>\n","protected":false},"featured_media":5079,"comment_status":"open","ping_status":"closed","template":"","meta":{"om_disable_all_campaigns":false,"_mi_skip_tracking":false,"site-sidebar-layout":"default","site-content-layout":"default","ast-global-header-display":"","ast-main-header-display":"","ast-hfb-above-header-display":"","ast-hfb-below-header-display":"","ast-hfb-mobile-header-display":"","site-post-title":"","ast-breadcrumbs-content":"","ast-featured-img":"","footer-sml-layout":"","theme-transparent-header-meta":"default","adv-header-id-meta":"","stick-header-meta":"","header-above-stick-meta":"","header-main-stick-meta":"","header-below-stick-meta":""},"product_cat":[131,130],"product_tag":[],"class_list":["post-5078","product","type-product","status-publish","has-post-thumbnail","hentry","product_cat-proyectores","product_cat-viewsonic","desktop-align-left","tablet-align-left","mobile-align-left"],"aioseo_notices":[],"_links":{"self":[{"href":"https:\/\/tecnomerch.com\/index.php\/wp-json\/wp\/v2\/product\/5078","targetHints":{"allow":["GET"]}}],"collection":[{"href":"https:\/\/tecnomerch.com\/index.php\/wp-json\/wp\/v2\/product"}],"about":[{"href":"https:\/\/tecnomerch.com\/index.php\/wp-json\/wp\/v2\/types\/product"}],"replies":[{"embeddable":true,"href":"https:\/\/tecnomerch.com\/index.php\/wp-json\/wp\/v2\/comments?post=5078"}],"version-history":[{"count":1,"href":"https:\/\/tecnomerch.com\/index.php\/wp-json\/wp\/v2\/product\/5078\/revisions"}],"predecessor-version":[{"id":5080,"href":"https:\/\/tecnomerch.com\/index.php\/wp-json\/wp\/v2\/product\/5078\/revisions\/5080"}],"wp:featuredmedia":[{"embeddable":true,"href":"https:\/\/tecnomerch.com\/index.php\/wp-json\/wp\/v2\/media\/5079"}],"wp:attachment":[{"href":"https:\/\/tecnomerch.com\/index.php\/wp-json\/wp\/v2\/media?parent=5078"}],"wp:term":[{"taxonomy":"product_cat","embeddable":true,"href":"https:\/\/tecnomerch.com\/index.php\/wp-json\/wp\/v2\/product_cat?post=5078"},{"taxonomy":"product_tag","embeddable":true,"href":"https:\/\/tecnomerch.com\/index.php\/wp-json\/wp\/v2\/product_tag?post=5078"}],"curies":[{"name":"wp","href":"https:\/\/api.w.org\/{rel}","templated":true}]}}