{"id":5075,"date":"2023-11-12T04:34:57","date_gmt":"2023-11-12T04:34:57","guid":{"rendered":"https:\/\/tecnomerch.com\/?post_type=product&#038;p=5075"},"modified":"2025-05-15T02:12:50","modified_gmt":"2025-05-15T02:12:50","slug":"apple-ipad-pro-de-129-wi-fi-5a-generacion-tableta","status":"publish","type":"product","link":"https:\/\/tecnomerch.com\/index.php\/product\/apple-ipad-pro-de-129-wi-fi-5a-generacion-tableta\/","title":{"rendered":"Apple iPad Pro de 12,9&#8243; Wi-Fi &#8211; 5\u00aa generaci\u00f3n &#8211; tableta"},"content":{"rendered":"<div id=\"tabsPanel\">\n<div id=\"tabsDetail\" class=\"notBorderRadius\">\n<div class=\"responsive-tabs-container accordion-xs\">\n<div class=\"tab-content\">\n<div id=\"tabs-1\" class=\"collapse tab-pane fade in active\" role=\"tabpanel\">\n<div class=\"clearfix\">\n<div class=\"group-section font-bold\">Caracter\u00edsticas del producto<\/div>\n<div class=\"font-compact-12\">\n<ul>\n<li><strong>Chip M1<\/strong><br \/>\nEl M1 convierte al iPad Pro en el dispositivo m\u00e1s r\u00e1pido de su categor\u00eda. Haz con el iPad lo que quieras gracias a la enorme potencia del chip M1 y a sus tecnolog\u00edas a medida, como el procesador de se\u00f1al de imagen avanzado y la arquitectura de memoria unificada. Es tan eficiente que te da potencia y autonom\u00eda para todo el d\u00eda sin renunciar al dise\u00f1o compacto y ligero del iPad Pro.<\/li>\n<li><strong>Gr\u00e1ficos y rendimiento m\u00e1s r\u00e1pidos<\/strong><br \/>\nCon su CPU de ocho n\u00facleos, el chip M1 te da hasta un 50 % m\u00e1s de rendimiento. Tambi\u00e9n tiene una impresionante GPU de ocho n\u00facleos que acelera el rendimiento gr\u00e1fico del iPad Pro hasta en un 40 %. Te vendr\u00e1 de lujo para crear modelos de realidad aumentada complejos, jugar con gr\u00e1ficos de nivel consola a una frecuencia de fotogramas descomunal y mil cosas m\u00e1s.<\/li>\n<li><strong>El rango din\u00e1mico extremo llega al iPad Pro de 12,9 pulgadas<\/strong><br \/>\nLa pantalla Liquid Retina XDR te muestra im\u00e1genes con un nivel de detalle impresio\u00adnante y un contraste de 1.000.000:1. Lo notar\u00e1s al ver y editar fotos y v\u00eddeos HDR o cuando pongas tus pel\u00edculas y series favoritas. Ah\u00ed no queda la cosa: tambi\u00e9n tiene un brillo a pantalla completa de 1.000 bits y un pico de brillo de 1.600 bits, gama crom\u00e1tica amplia (P3) y tecnolog\u00edas avanzadas como True Tone o ProMotion.<\/li>\n<li><strong>Mini-LED<\/strong><br \/>\nPara conseguir un brillo excepcional, Apple ha integrado en la parte posterior de la pantalla un conjunto de mini\u2011LED especiales que ocupan 120 veces menos que los de la generaci\u00f3n anterior. Adem\u00e1s, Apple ha incorporado pel\u00edculas \u00f3pticas y difusores que mezclan la luz de forma m\u00e1s eficiente. Todo esto sin alterar el dise\u00f1o ultrafino del iPad Pro, de solo 0,64 cm de grosor.<\/li>\n<li><strong>Zonas de atenuaci\u00f3n local<\/strong><br \/>\nLos m\u00e1s de 10.000 mini\u2011LED est\u00e1n agrupados en m\u00e1s de 2.500 zonas de atenuaci\u00f3n local. En funci\u00f3n del contenido, el brillo de cada una de estas zonas puede regularse para alcanzar un contraste brutal de 1.000.000:1. Hasta las im\u00e1genes HDR m\u00e1s detalladas y con los efectos de luz m\u00e1s espectaculares, como galaxias y explosiones en pel\u00edculas de acci\u00f3n, son m\u00e1s realistas que nunca.<\/li>\n<li><strong>Wi-Fi de sexta generaci\u00f3n<\/strong><br \/>\nPara que tu productividad no decaiga, necesitas una conexi\u00f3n inal\u00e1mbrica ultrarr\u00e1pida. Por eso el iPad Pro lleva tecnolog\u00eda Wi-Fi de sexta generaci\u00f3n, que te ofrece la m\u00e1xima velocidad posible al conectarte a redes inal\u00e1mbricas.<\/li>\n<li><strong>Ultra gran angular con Encuadre Centrado<\/strong><br \/>\nEl iPad Pro estrena un ultra gran angular con sensor de 12 Mpx y campo de visi\u00f3n de 122\u00b0, perfecto para hablar por FaceTime, usar la prestaci\u00f3n Encuadre Centrado y hacer selfies memorables en modo Retrato. Adem\u00e1s, funciona con la c\u00e1mara TrueDepth para desbloquear el iPad Pro de forma segura con Face ID. La prestaci\u00f3n Encuadre Centrado aprovecha el ultra gran angular y el aprendizaje autom\u00e1tico para colocarte en el centro de la imagen durante las videollamadas. Si te mueves, ajusta el encuadre autom\u00e1ticamente para no perderte de vista, y aleja o acerca el zoom seg\u00fan haga falta cuando otras personas se unan o salgan de la llamada. Esta prestaci\u00f3n funciona con FaceTime y otras apps de videollamada. Que nada te robe el protagonismo.<\/li>\n<li><strong>C\u00e1maras Pro<\/strong><br \/>\nCon el gran angular y el ultra gran angular puedes hacer fotos y v\u00eddeos asombrosos, y hasta crear un sistema multic\u00e1mara para filmar tu propio corto. Y gracias al procesador de se\u00f1al de imagen superpotente del chip M1, el iPad Pro pone a tu alcance la tecnolog\u00eda HDR Inteligente 3.<\/li>\n<li><strong>LiDAR<\/strong><br \/>\nEl esc\u00e1ner LiDAR mide cu\u00e1nto tarda la luz en reflejarse desde los objetos y crea un mapa de profundidad del espacio en el que est\u00e1s, para que te sumerjas de lleno en la realidad aumentada. Adem\u00e1s, hace equipo con el potente procesador de se\u00f1al de imagen para reducir el tiempo de captura y enfocar im\u00e1genes y v\u00eddeos con mayor precisi\u00f3n aunque haya poca luz.<\/li>\n<li><strong>Thunderbolt, al puerto le va la marcha<\/strong><br \/>\nCreatividad llama a creatividad. El puerto Thunderbolt es el m\u00e1s r\u00e1pido y vers\u00e1til que jam\u00e1s haya tenido un iPad. Ofrece compatibilidad con los conectores USB\u2011C y te da acceso a todo un ecosistema de accesorios de alto rendimiento para el iPad Pro.<\/li>\n<\/ul>\n<\/div>\n<\/div>\n<\/div>\n<\/div>\n<\/div>\n<\/div>\n<\/div>\n<p>&nbsp;<\/p>\n<div id=\"flix\"><\/div>\n","protected":false},"excerpt":{"rendered":"<ul>\n<li>128 GB<\/li>\n<li>12.9&#8243; IPS (2732 x 2048)<\/li>\n<li>plata<\/li>\n<\/ul>\n","protected":false},"featured_media":5076,"comment_status":"open","ping_status":"closed","template":"","meta":{"om_disable_all_campaigns":false,"_mi_skip_tracking":false,"site-sidebar-layout":"default","site-content-layout":"default","ast-global-header-display":"","ast-main-header-display":"","ast-hfb-above-header-display":"","ast-hfb-below-header-display":"","ast-hfb-mobile-header-display":"","site-post-title":"","ast-breadcrumbs-content":"","ast-featured-img":"","footer-sml-layout":"","theme-transparent-header-meta":"default","adv-header-id-meta":"","stick-header-meta":"","header-above-stick-meta":"","header-main-stick-meta":"","header-below-stick-meta":""},"product_cat":[60,59,129],"product_tag":[],"class_list":["post-5075","product","type-product","status-publish","has-post-thumbnail","hentry","product_cat-apple","product_cat-ipad","product_cat-tablets","desktop-align-left","tablet-align-left","mobile-align-left"],"aioseo_notices":[],"_links":{"self":[{"href":"https:\/\/tecnomerch.com\/index.php\/wp-json\/wp\/v2\/product\/5075","targetHints":{"allow":["GET"]}}],"collection":[{"href":"https:\/\/tecnomerch.com\/index.php\/wp-json\/wp\/v2\/product"}],"about":[{"href":"https:\/\/tecnomerch.com\/index.php\/wp-json\/wp\/v2\/types\/product"}],"replies":[{"embeddable":true,"href":"https:\/\/tecnomerch.com\/index.php\/wp-json\/wp\/v2\/comments?post=5075"}],"version-history":[{"count":1,"href":"https:\/\/tecnomerch.com\/index.php\/wp-json\/wp\/v2\/product\/5075\/revisions"}],"predecessor-version":[{"id":5077,"href":"https:\/\/tecnomerch.com\/index.php\/wp-json\/wp\/v2\/product\/5075\/revisions\/5077"}],"wp:featuredmedia":[{"embeddable":true,"href":"https:\/\/tecnomerch.com\/index.php\/wp-json\/wp\/v2\/media\/5076"}],"wp:attachment":[{"href":"https:\/\/tecnomerch.com\/index.php\/wp-json\/wp\/v2\/media?parent=5075"}],"wp:term":[{"taxonomy":"product_cat","embeddable":true,"href":"https:\/\/tecnomerch.com\/index.php\/wp-json\/wp\/v2\/product_cat?post=5075"},{"taxonomy":"product_tag","embeddable":true,"href":"https:\/\/tecnomerch.com\/index.php\/wp-json\/wp\/v2\/product_tag?post=5075"}],"curies":[{"name":"wp","href":"https:\/\/api.w.org\/{rel}","templated":true}]}}