{"id":5063,"date":"2023-11-12T04:28:24","date_gmt":"2023-11-12T04:28:24","guid":{"rendered":"https:\/\/tecnomerch.com\/?post_type=product&#038;p=5063"},"modified":"2023-11-12T04:28:24","modified_gmt":"2023-11-12T04:28:24","slug":"dell-poweredge-t150-servidor-mt","status":"publish","type":"product","link":"https:\/\/tecnomerch.com\/index.php\/product\/dell-poweredge-t150-servidor-mt\/","title":{"rendered":"Dell PowerEdge T150 &#8211; Servidor &#8211; MT"},"content":{"rendered":"<div id=\"tabsPanel\">\n<div id=\"tabsDetail\" class=\"notBorderRadius\">\n<div class=\"responsive-tabs-container accordion-xs\">\n<div class=\"tab-content\">\n<div id=\"tabs-1\" class=\"collapse tab-pane fade in active\" role=\"tabpanel\">\n<div class=\"clearfix\">\n<div class=\"group-section font-bold\">Caracter\u00edsticas del producto<\/div>\n<div class=\"font-compact-12\">\n<ul>\n<li><strong>Su motor para empresas de todos los tama\u00f1os<\/strong><br \/>\nEl PowerEdge T150, equipado con un procesador avanzado, ofrece un potente sistema inform\u00e1tico para las aplicaciones empresariales habituales y agiliza la productividad.<\/li>\n<li><strong>Maximice el rendimiento y ad\u00e1ptese para satisfacer las crecientes demandas futuras<\/strong><br \/>\nEl PowerEdge T150 es un servidor en torre b\u00e1sico con un equilibrio ideal de adaptabilidad y asequibilidad dise\u00f1ado para satisfacer sus demandas de computaci\u00f3n en evoluci\u00f3n.<\/li>\n<li><strong>Gesti\u00f3n de sistemas OpenManage<\/strong><br \/>\nLa cartera de administraci\u00f3n de sistemas OpenManage de Dell Technologies ayuda a controlar la complejidad de su entorno de TI con herramientas y soluciones para descubrir, supervisar, administrar, actualizar e implementar su infraestructura PowerEdge.<\/li>\n<li><strong>Automatizaci\u00f3n inteligente<\/strong><br \/>\nLas soluciones PowerEdge y OpenManage integran herramientas en toda la cartera para ayudar a las organizaciones a automatizar el ciclo de vida del servidor, optimizar las operaciones y escalar de manera eficiente.<\/li>\n<li><strong>Seguridad integrada<\/strong><br \/>\nLos servidores PowerEdge est\u00e1n fabricados con una arquitectura ciberresistente que incorpora seguridad en cada fase del ciclo de vida del producto, desde la ra\u00edz de confianza del silicio y la verificaci\u00f3n de componentes seguros, hasta el firmware firmado y la detecci\u00f3n de desviaciones, pasando por la recuperaci\u00f3n de la BIOS.<\/li>\n<\/ul>\n<\/div>\n<\/div>\n<\/div>\n<\/div>\n<\/div>\n<\/div>\n<\/div>\n<p>&nbsp;<\/p>\n<div id=\"flix\"><\/div>\n<div id=\"ccs-inline-content\" class=\"col-xs-12 row margin-top-30\">\n<div id=\"inline-cb6906\" class=\"ccs-cc-inline ccs-cc-inline-dell ccs-cc-lang-esgtm ccs-cc-block-inline\">\n<div id=\"top-cb6906\" data-ccs-cc-inline-jumplink=\"Parte superior\" data-ccs-jumplink-hidden=\"true\"><\/div>\n<\/div>\n<\/div>\n","protected":false},"excerpt":{"rendered":"<ul>\n<li>1 v\u00eda<\/li>\n<li>1 x Xeon E-2336 \/ 2.9 GHz<\/li>\n<li>RAM 16 GB<\/li>\n<li>HDD 2 TB<\/li>\n<li>DVD<\/li>\n<li>Matrox G200<\/li>\n<li>GigE<\/li>\n<li>sin SO<\/li>\n<li>monitor: ninguno<\/li>\n<li>negro<\/li>\n<li>con 15 meses de ProSupport: servicio de asistencia in-situ al d\u00eda siguiente tras el diagn\u00f3stico del problema<\/li>\n<\/ul>\n","protected":false},"featured_media":5064,"comment_status":"open","ping_status":"closed","template":"","meta":{"om_disable_all_campaigns":false,"_mi_skip_tracking":false,"site-sidebar-layout":"default","site-content-layout":"default","ast-global-header-display":"","ast-main-header-display":"","ast-hfb-above-header-display":"","ast-hfb-below-header-display":"","ast-hfb-mobile-header-display":"","site-post-title":"","ast-breadcrumbs-content":"","ast-featured-img":"","footer-sml-layout":"","theme-transparent-header-meta":"default","adv-header-id-meta":"","stick-header-meta":"","header-above-stick-meta":"","header-main-stick-meta":"","header-below-stick-meta":""},"product_cat":[112,128],"product_tag":[],"class_list":["post-5063","product","type-product","status-publish","has-post-thumbnail","hentry","product_cat-dell","product_cat-servidores","desktop-align-left","tablet-align-left","mobile-align-left"],"aioseo_notices":[],"_links":{"self":[{"href":"https:\/\/tecnomerch.com\/index.php\/wp-json\/wp\/v2\/product\/5063","targetHints":{"allow":["GET"]}}],"collection":[{"href":"https:\/\/tecnomerch.com\/index.php\/wp-json\/wp\/v2\/product"}],"about":[{"href":"https:\/\/tecnomerch.com\/index.php\/wp-json\/wp\/v2\/types\/product"}],"replies":[{"embeddable":true,"href":"https:\/\/tecnomerch.com\/index.php\/wp-json\/wp\/v2\/comments?post=5063"}],"version-history":[{"count":1,"href":"https:\/\/tecnomerch.com\/index.php\/wp-json\/wp\/v2\/product\/5063\/revisions"}],"predecessor-version":[{"id":5065,"href":"https:\/\/tecnomerch.com\/index.php\/wp-json\/wp\/v2\/product\/5063\/revisions\/5065"}],"wp:featuredmedia":[{"embeddable":true,"href":"https:\/\/tecnomerch.com\/index.php\/wp-json\/wp\/v2\/media\/5064"}],"wp:attachment":[{"href":"https:\/\/tecnomerch.com\/index.php\/wp-json\/wp\/v2\/media?parent=5063"}],"wp:term":[{"taxonomy":"product_cat","embeddable":true,"href":"https:\/\/tecnomerch.com\/index.php\/wp-json\/wp\/v2\/product_cat?post=5063"},{"taxonomy":"product_tag","embeddable":true,"href":"https:\/\/tecnomerch.com\/index.php\/wp-json\/wp\/v2\/product_tag?post=5063"}],"curies":[{"name":"wp","href":"https:\/\/api.w.org\/{rel}","templated":true}]}}