{"id":5051,"date":"2023-11-12T04:22:46","date_gmt":"2023-11-12T04:22:46","guid":{"rendered":"https:\/\/tecnomerch.com\/?post_type=product&#038;p=5051"},"modified":"2023-11-12T04:22:46","modified_gmt":"2023-11-12T04:22:46","slug":"dell-optiplex-7010-micro-core-i7-13700t-1-4-ghz","status":"publish","type":"product","link":"https:\/\/tecnomerch.com\/index.php\/product\/dell-optiplex-7010-micro-core-i7-13700t-1-4-ghz\/","title":{"rendered":"Dell OptiPlex 7010 &#8211; Micro &#8211; Core i7 13700T \/ 1.4 GHz"},"content":{"rendered":"<div id=\"tabsPanel\">\n<div id=\"tabsDetail\" class=\"notBorderRadius\">\n<div class=\"responsive-tabs-container accordion-xs\">\n<div class=\"tab-content\">\n<div id=\"tabs-1\" class=\"collapse tab-pane fade in active\" role=\"tabpanel\">\n<div class=\"font-bold text-muted dotted-bottom no-margin\">Descripci\u00f3n del producto<\/div>\n<div class=\"font-compact-12\">Trabaje con la m\u00e1xima eficiencia gracias al OptiPlex 7010, que ofrece un rendimiento avanzado, flexibilidad y conectividad para contribuir al \u00e9xito de su empresa. Trabaje c\u00f3modamente con un sistema que le permite personalizar su espacio de trabajo con un dise\u00f1o intuitivo, diversas opciones de pantalla y configuraciones flexibles para los perif\u00e9ricos.<\/div>\n<div class=\"clearfix\">\n<div class=\"group-section font-bold\">Caracter\u00edsticas del producto<\/div>\n<div class=\"font-compact-12\">\n<ul>\n<li><strong>Productividad inteligente<\/strong><br \/>\nTrabaje con la m\u00e1xima eficiencia gracias al ordenador de sobremesa OptiPlex 7010, que ofrece un rendimiento avanzado, flexibilidad y conectividad para contribuir al \u00e9xito de su empresa.<\/li>\n<li><strong>Disfrute de la comodidad y la versatilidad en su lugar de trabajo<\/strong><br \/>\nTrabaje c\u00f3modamente con un sistema que le permite personalizar su espacio de trabajo con un dise\u00f1o intuitivo, diversas opciones de pantalla y configuraciones flexibles para los perif\u00e9ricos.<\/li>\n<li><strong>Control orientado a la empresa<\/strong><br \/>\nLa gesti\u00f3n efectiva del entorno de oficina est\u00e1 a su alcance. El OptiPlex 7010 permite a los administradores de la tecnolog\u00eda inform\u00e1tica ejercer un control total sobre la gesti\u00f3n del sistema y los protocolos de seguridad; adem\u00e1s, ofrece la estabilidad necesaria para planificar eficazmente con vistas al futuro.<\/li>\n<li><strong>Dise\u00f1o inmejorable<\/strong><br \/>\nCreados para durar y dise\u00f1ados para adaptarse a su espacio de trabajo, los ordenadores de sobremesa Dell OptiPlex le ofrecen durabilidad y estilo.<\/li>\n<li><strong>Creado para durar<\/strong><br \/>\nSu empresa necesita un ordenador de sobremesa capaz de hacer frente a los proyectos m\u00e1s exigentes. Garantice fiabilidad a largo plazo con los duraderos ordenadores de sobremesa Dell OptiPlex de f\u00e1cil mantenimiento.<\/li>\n<li><strong>El tama\u00f1o adecuado para su mesa<\/strong><br \/>\nLos sistemas Dell OptiPlex est\u00e1n preparados para integrarse a la perfecci\u00f3n en cualquier entorno de oficina y en pr\u00e1cticamente cualquier tama\u00f1o de mesa.<\/li>\n<li><strong>Dise\u00f1ado para ayudar a conservar el medio ambiente<\/strong><br \/>\nAyude a reducir el consumo de energ\u00eda y fomente la protecci\u00f3n del medio ambiente con los ordenadores de sobremesa OptiPlex, que cumplen con el est\u00e1ndar ENERGY STAR 5.2 y ofrecen opciones de fuentes de alimentaci\u00f3n de alta eficiencia, as\u00ed como funciones con un dise\u00f1o respetuoso con el medio ambiente.<\/li>\n<\/ul>\n<\/div>\n<\/div>\n<\/div>\n<\/div>\n<\/div>\n<\/div>\n<\/div>\n<p>&nbsp;<\/p>\n<div id=\"flix\"><\/div>\n<div id=\"ccs-inline-content\" class=\"col-xs-12 row margin-top-30\">\n<div id=\"inline-c6e945\" class=\"ccs-cc-inline ccs-cc-inline-dell ccs-cc-lang-esgtm ccs-cc-block-inline\">\n<div class=\"ccs-clear\"><\/div>\n<div id=\"top-c6e945\" data-ccs-cc-inline-jumplink=\"Parte superior\" data-ccs-jumplink-hidden=\"true\"><\/div>\n<\/div>\n<\/div>\n","protected":false},"excerpt":{"rendered":"<div class=\"font-compact-12 items hidden-xs\">\n<ul>\n<li>RAM 16 GB<\/li>\n<li>SSD 512 GB<\/li>\n<li>NVMe, Class 35<\/li>\n<li>UHD Graphics 770<\/li>\n<li>GigE<\/li>\n<li>WLAN: Bluetooth, 802.11a\/b\/g\/n\/ac\/ax<\/li>\n<li>Win 11 Pro<\/li>\n<li>monitor: ninguno<\/li>\n<li>teclado: espa\u00f1ol<\/li>\n<li>negro<\/li>\n<li>BTS<\/li>\n<li>con 3 a\u00f1os de servicio de hardware in-situ\/Servicio en casa despu\u00e9s de diagn\u00f3stico remoto<\/li>\n<li>Disti SNS<\/li>\n<\/ul>\n<\/div>\n<div class=\"text-muted font-compact center-xs\">\n<div class=\"text-inline\"><\/div>\n<\/div>\n","protected":false},"featured_media":5052,"comment_status":"open","ping_status":"closed","template":"","meta":{"om_disable_all_campaigns":false,"_mi_skip_tracking":false,"site-sidebar-layout":"default","site-content-layout":"default","ast-global-header-display":"","ast-main-header-display":"","ast-hfb-above-header-display":"","ast-hfb-below-header-display":"","ast-hfb-mobile-header-display":"","site-post-title":"","ast-breadcrumbs-content":"","ast-featured-img":"","footer-sml-layout":"","theme-transparent-header-meta":"default","adv-header-id-meta":"","stick-header-meta":"","header-above-stick-meta":"","header-main-stick-meta":"","header-below-stick-meta":""},"product_cat":[127,112],"product_tag":[],"class_list":["post-5051","product","type-product","status-publish","has-post-thumbnail","hentry","product_cat-computadoras-de-mesa","product_cat-dell","desktop-align-left","tablet-align-left","mobile-align-left"],"aioseo_notices":[],"_links":{"self":[{"href":"https:\/\/tecnomerch.com\/index.php\/wp-json\/wp\/v2\/product\/5051","targetHints":{"allow":["GET"]}}],"collection":[{"href":"https:\/\/tecnomerch.com\/index.php\/wp-json\/wp\/v2\/product"}],"about":[{"href":"https:\/\/tecnomerch.com\/index.php\/wp-json\/wp\/v2\/types\/product"}],"replies":[{"embeddable":true,"href":"https:\/\/tecnomerch.com\/index.php\/wp-json\/wp\/v2\/comments?post=5051"}],"version-history":[{"count":1,"href":"https:\/\/tecnomerch.com\/index.php\/wp-json\/wp\/v2\/product\/5051\/revisions"}],"predecessor-version":[{"id":5053,"href":"https:\/\/tecnomerch.com\/index.php\/wp-json\/wp\/v2\/product\/5051\/revisions\/5053"}],"wp:featuredmedia":[{"embeddable":true,"href":"https:\/\/tecnomerch.com\/index.php\/wp-json\/wp\/v2\/media\/5052"}],"wp:attachment":[{"href":"https:\/\/tecnomerch.com\/index.php\/wp-json\/wp\/v2\/media?parent=5051"}],"wp:term":[{"taxonomy":"product_cat","embeddable":true,"href":"https:\/\/tecnomerch.com\/index.php\/wp-json\/wp\/v2\/product_cat?post=5051"},{"taxonomy":"product_tag","embeddable":true,"href":"https:\/\/tecnomerch.com\/index.php\/wp-json\/wp\/v2\/product_tag?post=5051"}],"curies":[{"name":"wp","href":"https:\/\/api.w.org\/{rel}","templated":true}]}}